{"id":1180,"date":"2022-03-09T08:55:59","date_gmt":"2022-03-09T08:55:59","guid":{"rendered":"https:\/\/negative.eco\/?page_id=1180"},"modified":"2022-06-20T10:05:53","modified_gmt":"2022-06-20T10:05:53","slug":"privacy","status":"publish","type":"page","link":"https:\/\/negative.eco\/pt\/privacidade\/","title":{"rendered":"Pol\u00edtica de privacidade"},"content":{"rendered":"<p>Esta pol\u00edtica estabelece:<\/p>\n\n\n\n<p>(1) as informa\u00e7\u00f5es que coletamos sobre voc\u00ea quando visita nosso site, usa nossos produtos ou servi\u00e7os ou interage conosco de outra forma;<\/p>\n\n\n\n<p>(2) como usamos, compartilhamos, armazenamos e protegemos as informa\u00e7\u00f5es; e<\/p>\n\n\n\n<p>(3) como voc\u00ea pode acessar e controlar as informa\u00e7\u00f5es.<\/p>\n\n\n\n<p>Nesta pol\u00edtica, \"Negative\" ou \"n\u00f3s\" se refere \u00e0 Negative Pte Ltd de 7 Temasek Boulevard (juntamente com nossa empresa controladora) e \"Plataforma\" significa nosso site em https:\/\/negative.eco e nosso software, ou seja, Negtive.<\/p>\n\n\n\n<p>Nesta pol\u00edtica, \"informa\u00e7\u00f5es pessoais\" se referem a quaisquer dados, informa\u00e7\u00f5es ou combina\u00e7\u00e3o de dados e informa\u00e7\u00f5es fornecidos por voc\u00ea a n\u00f3s, ou por meio do uso de nossos produtos ou servi\u00e7os, relacionados a um indiv\u00edduo identific\u00e1vel.<\/p>\n\n\n\n<p><strong>1. QUAIS INFORMA\u00c7\u00d5ES COLETAMOS SOBRE VOC\u00ca<\/strong><\/p>\n\n\n\n<p>1.1 Coletamos os seguintes tipos de informa\u00e7\u00f5es sobre voc\u00ea:<\/p>\n\n\n\n<p>(a) informa\u00e7\u00f5es de conta e perfil que voc\u00ea fornece quando se registra para uma conta ou se inscreve em nossos produtos ou servi\u00e7os, por exemplo, seu nome, endere\u00e7o de e-mail e outras informa\u00e7\u00f5es pessoais que voc\u00ea fornece voluntariamente de tempos em tempos para calcular a pegada de carbono (coletivamente, \"Dados da Conta\");<\/p>\n\n\n\n<p>(b) informa\u00e7\u00f5es fornecidas por meio de canais de suporte, por exemplo, quando voc\u00ea relata um problema para n\u00f3s ou interage com nossa equipe de suporte, incluindo informa\u00e7\u00f5es de contato, documenta\u00e7\u00e3o ou capturas de tela (coletivamente, \"Dados de suporte\");<\/p>\n\n\n\n<p>(c) conte\u00fado que voc\u00ea fornece por meio do uso de nossos produtos ou servi\u00e7os, por exemplo, coment\u00e1rios, bate-papos, avalia\u00e7\u00f5es (coletivamente, \"Conte\u00fado do Usu\u00e1rio\");<\/p>\n\n\n\n<p>(d) prefer\u00eancias de comunica\u00e7\u00e3o, marketing e outras prefer\u00eancias definidas por voc\u00ea ao configurar sua conta ou perfil, ou ao participar de uma pesquisa ou question\u00e1rio que lhe enviamos (coletivamente, \"Dados de prefer\u00eancia\");<\/p>\n\n\n\n<p>(e) detalhes de quaisquer transa\u00e7\u00f5es, compras ou pedidos que voc\u00ea tenha feito conosco (coletivamente, \"Dados de Transa\u00e7\u00e3o\");<\/p>\n\n\n\n<p>(f) informa\u00e7\u00f5es de pagamento, por exemplo, informa\u00e7\u00f5es sobre seu instrumento de pagamento (coletivamente, \"Dados Financeiros\");<\/p>\n\n\n\n<p>(g) informa\u00e7\u00f5es sobre o seu dispositivo ou conex\u00e3o, por exemplo, tipo de navegador, sistema operacional, endere\u00e7o de Protocolo de Internet (\"IP\") (um n\u00famero que \u00e9 automaticamente atribu\u00eddo ao seu computador quando voc\u00ea usa a Internet, que pode variar de uma sess\u00e3o para outra), nome de dom\u00ednio e\/ou um carimbo de data\/hora da sua visita e informa\u00e7\u00f5es que coletamos por meio de cookies e outras tecnologias de coleta de dados (leia nossa Pol\u00edtica de Cookies para obter detalhes) (coletivamente, \"Dados T\u00e9cnicos\"); e<\/p>\n\n\n\n<p>(h) Informa\u00e7\u00f5es sobre seu uso ou visita \u00e0 nossa Plataforma, por exemplo, endere\u00e7os IP, tipo de navegador, provedor de servi\u00e7os de Internet (\"ISP\"), p\u00e1ginas de refer\u00eancia\/sa\u00edda, sistema operacional, carimbo de data\/hora, dados digitados no site e dados de sequ\u00eancia de cliques (coletivamente, \"Dados de Uso\").<\/p>\n\n\n\n<p>1.2 Coletamos as informa\u00e7\u00f5es acima quando voc\u00ea as fornece para n\u00f3s ou quando usa ou visita nossa Plataforma. Tamb\u00e9m podemos receber informa\u00e7\u00f5es sobre voc\u00ea de outras fontes, inclusive:<\/p>\n\n\n\n<p>(a) outros servi\u00e7os vinculados \u00e0 sua conta, por exemplo, se voc\u00ea se registrar ou fizer login na sua conta usando suas credenciais do Facebook ou do Google, receberemos seu nome e endere\u00e7o de e-mail para autentic\u00e1-lo, conforme permitido pelas configura\u00e7\u00f5es do seu perfil do Facebook ou do Google;<\/p>\n\n\n\n<p>1.3 N\u00e3o coletamos dados confidenciais ou dados de categoria especial sobre voc\u00ea. Isso inclui detalhes sobre sua ra\u00e7a, origem \u00e9tnica, pol\u00edtica, religi\u00e3o, filia\u00e7\u00e3o sindical, gen\u00e9tica, biometria, sa\u00fade ou orienta\u00e7\u00e3o sexual.<\/p>\n\n\n\n<p><strong>2. COMO USAMOS AS INFORMA\u00c7\u00d5ES QUE COLETAMOS<\/strong><\/p>\n\n\n\n<p>2.1 S\u00f3 usamos suas informa\u00e7\u00f5es pessoais quando a lei nos permite. Usamos suas informa\u00e7\u00f5es pessoais somente quando:<\/p>\n\n\n\n<p>(a) precisamos executar o contrato que firmamos (ou que estamos prestes a firmar) com voc\u00ea, inclusive para operar nossos produtos ou servi\u00e7os, para fornecer suporte ao cliente e recursos personalizados e para proteger a seguran\u00e7a e a prote\u00e7\u00e3o de nossa Plataforma;<\/p>\n\n\n\n<p>(b) satisfaz um interesse leg\u00edtimo que n\u00e3o \u00e9 sobreposto por seus direitos fundamentais ou interesses de prote\u00e7\u00e3o de dados, por exemplo, para pesquisa e desenvolvimento, e para proteger nossos direitos e interesses legais<\/p>\n\n\n\n<p>(c) voc\u00ea nos deu consentimento para faz\u00ea-lo para uma finalidade espec\u00edfica, por exemplo, podemos enviar materiais de marketing direto ou publicar suas informa\u00e7\u00f5es como parte de nossos depoimentos ou hist\u00f3rias de clientes para promover nossos produtos ou servi\u00e7os com sua permiss\u00e3o; ou<\/p>\n\n\n\n<p>(d) precisarmos cumprir uma obriga\u00e7\u00e3o legal ou regulamentar.<\/p>\n\n\n\n<p>2.2 Se voc\u00ea nos deu consentimento para usar suas informa\u00e7\u00f5es pessoais para uma finalidade espec\u00edfica, voc\u00ea tem o direito de retirar seu consentimento a qualquer momento entrando em contato conosco (consulte o par\u00e1grafo 9. para obter informa\u00e7\u00f5es de contato), mas observe que isso n\u00e3o afetar\u00e1 qualquer uso de suas informa\u00e7\u00f5es que j\u00e1 tenha ocorrido.<\/p>\n\n\n\n<p>2.3 N\u00e3o compartilhamos suas informa\u00e7\u00f5es pessoais com nenhuma empresa fora do nosso grupo para fins de marketing, a menos que haja seu consentimento expresso e espec\u00edfico para isso.<\/p>\n\n\n\n<p>2.4 Para os visitantes ou usu\u00e1rios de nossa Plataforma que estejam localizados na Uni\u00e3o Europeia, definimos nossas bases legais para o processamento de suas informa\u00e7\u00f5es na Tabela de Bases Legais no final desta pol\u00edtica.<\/p>\n\n\n\n<p><strong>3. COMO COMPARTILHAMOS AS INFORMA\u00c7\u00d5ES QUE COLETAMOS<\/strong><\/p>\n\n\n\n<p>3.1 Compartilhamos informa\u00e7\u00f5es com outras empresas do nosso grupo para operar nossa Plataforma e para oferecer e melhorar nossos produtos e servi\u00e7os.<\/p>\n\n\n\n<p>3.2 Compartilhamos informa\u00e7\u00f5es com terceiros que nos ajudam a operar, fornecer, dar suporte, melhorar e comercializar nossos produtos e servi\u00e7os, por exemplo, provedores de servi\u00e7os terceirizados que fornecem desenvolvimento de sites e aplicativos, armazenamento e backup de dados, infraestrutura, faturamento, processamento de pagamentos, suporte ao cliente, an\u00e1lise de neg\u00f3cios e outros servi\u00e7os.<\/p>\n\n\n\n<p>3.3 Os prestadores de servi\u00e7os terceirizados t\u00eam acesso \u00e0s suas informa\u00e7\u00f5es pessoais somente com a finalidade de prestar seus servi\u00e7os e em conformidade com as leis e os regulamentos aplic\u00e1veis. Exigimos que esses prestadores de servi\u00e7os terceirizados mantenham a confidencialidade e a seguran\u00e7a de todas as informa\u00e7\u00f5es pessoais que processam em nosso nome e que implementem e mantenham medidas de seguran\u00e7a razo\u00e1veis para proteger a confidencialidade, a integridade e a disponibilidade de suas informa\u00e7\u00f5es pessoais.<\/p>\n\n\n\n<p>3.4 Tomamos medidas razo\u00e1veis para confirmar que todos os prestadores de servi\u00e7os terceirizados que contratamos processam informa\u00e7\u00f5es pessoais de forma a oferecer, no m\u00ednimo, o mesmo n\u00edvel de prote\u00e7\u00e3o previsto nesta pol\u00edtica. Se algum provedor terceirizado n\u00e3o puder atender \u00e0s nossas exig\u00eancias, solicitaremos que nos notifique imediatamente e tomaremos medidas razo\u00e1veis para impedir ou interromper o processamento n\u00e3o conforme.<\/p>\n\n\n\n<p>3.5 Podemos compartilhar informa\u00e7\u00f5es pessoais de forma agregada ou n\u00e3o identificada com terceiros para fins de pesquisa e an\u00e1lise, cria\u00e7\u00e3o de perfis e outros fins semelhantes para nos ajudar a melhorar nossos produtos e servi\u00e7os.<\/p>\n\n\n\n<p>3.6 Se voc\u00ea usar qualquer software de terceiros em conex\u00e3o com nossos produtos ou servi\u00e7os, por exemplo, qualquer software de terceiros com o qual nossa Plataforma se integre, voc\u00ea poder\u00e1 dar ao provedor de software de terceiros acesso \u00e0 sua conta e \u00e0s suas informa\u00e7\u00f5es. As pol\u00edticas e os procedimentos dos provedores de software de terceiros n\u00e3o s\u00e3o controlados por n\u00f3s, e esta pol\u00edtica n\u00e3o abrange a forma como suas informa\u00e7\u00f5es s\u00e3o coletadas ou usadas pelos provedores de software de terceiros. Recomendamos que voc\u00ea analise as pol\u00edticas de privacidade dos provedores de software de terceiros antes de usar o software de terceiros.<\/p>\n\n\n\n<p>3.7 Nossa Plataforma pode conter links para sites de terceiros sobre os quais n\u00e3o temos controle. Se voc\u00ea seguir um link para qualquer um desses sites ou enviar informa\u00e7\u00f5es a eles, suas informa\u00e7\u00f5es ser\u00e3o regidas pelas pol\u00edticas desses sites. Recomendamos que voc\u00ea analise as pol\u00edticas de privacidade de sites de terceiros antes de enviar informa\u00e7\u00f5es a eles.<\/p>\n\n\n\n<p>3.8 Podemos compartilhar suas informa\u00e7\u00f5es com autoridades governamentais e policiais para cumprir as leis ou os regulamentos aplic\u00e1veis, por exemplo, quando respondemos a reivindica\u00e7\u00f5es, processos legais, solicita\u00e7\u00f5es de aplica\u00e7\u00e3o da lei ou de seguran\u00e7a nacional.<\/p>\n\n\n\n<p>3.9 Se formos adquiridos por um terceiro como resultado de uma fus\u00e3o, aquisi\u00e7\u00e3o ou transfer\u00eancia de neg\u00f3cios, suas informa\u00e7\u00f5es pessoais poder\u00e3o ser divulgadas e\/ou transferidas a um terceiro em conex\u00e3o com essa transa\u00e7\u00e3o. N\u00f3s o notificaremos caso essa transa\u00e7\u00e3o ocorra e o informaremos sobre quaisquer op\u00e7\u00f5es que possa ter em rela\u00e7\u00e3o \u00e0s suas informa\u00e7\u00f5es.<br><br><strong>4. COMO ARMAZENAMOS E PROTEGEMOS AS INFORMA\u00c7\u00d5ES QUE COLETAMOS<\/strong><\/p>\n\n\n\n<p>4.1 Usamos provedores de servi\u00e7os de hospedagem de dados sediados na Austr\u00e1lia, Bahrein, Brasil, Canad\u00e1, Alemanha, Hong Kong, \u00cdndia, Irlanda, It\u00e1lia, Jap\u00e3o, Coreia, Cingapura, \u00c1frica do Sul, Su\u00e9cia, Reino Unido e Estados Unidos (regi\u00f5es da Amazon Web Services) para hospedar as informa\u00e7\u00f5es que coletamos.<\/p>\n\n\n\n<p>4.2 Adotamos as seguintes medidas para proteger a seguran\u00e7a e a integridade de suas informa\u00e7\u00f5es pessoais:<\/p>\n\n\n\n<p>(a) as informa\u00e7\u00f5es s\u00e3o criptografadas usando a tecnologia TLS\/SSL;<\/p>\n\n\n\n<p>(b) sua conta \u00e9 protegida por senha;<\/p>\n\n\n\n<p>(c) o acesso \u00e0s suas informa\u00e7\u00f5es pessoais seja restrito ao pessoal ou aos prestadores de servi\u00e7os que tenham estrita necessidade de conhec\u00ea-las, que somente processar\u00e3o suas informa\u00e7\u00f5es de acordo com nossas instru\u00e7\u00f5es e que estejam sujeitos a um dever de confidencialidade; e<\/p>\n\n\n\n<p>(d) nossas pr\u00e1ticas de coleta, armazenamento e processamento de informa\u00e7\u00f5es s\u00e3o revisadas regularmente.<\/p>\n\n\n\n<p>4.3 Estabelecemos procedimentos para lidar com qualquer suspeita de viola\u00e7\u00e3o de privacidade e notificaremos o usu\u00e1rio e qualquer \u00f3rg\u00e3o regulador aplic\u00e1vel sobre uma viola\u00e7\u00e3o quando formos legalmente obrigados a faz\u00ea-lo.<\/p>\n\n\n\n<p>4.4 Embora implementemos salvaguardas destinadas a proteger suas informa\u00e7\u00f5es, observe que nenhuma transmiss\u00e3o de informa\u00e7\u00f5es pela Internet \u00e9 totalmente segura. N\u00e3o podemos garantir que suas informa\u00e7\u00f5es, durante a transmiss\u00e3o pela Internet ou enquanto armazenadas em nossos sistemas ou processadas por n\u00f3s, estejam absolutamente seguras e protegidas.<\/p>\n\n\n\n<p>4.5 Somente retemos informa\u00e7\u00f5es pessoais pelo tempo que for razoavelmente necess\u00e1rio para cumprir as finalidades para as quais as coletamos, inclusive para atender a quaisquer requisitos legais, cont\u00e1beis ou de relat\u00f3rios. Ap\u00f3s esse per\u00edodo, excluiremos ou tornaremos an\u00f4nimas suas informa\u00e7\u00f5es ou, se isso n\u00e3o for poss\u00edvel, armazenaremos suas informa\u00e7\u00f5es de forma segura e as isolaremos de qualquer uso posterior. Revisamos periodicamente a base e a adequa\u00e7\u00e3o de nossa pol\u00edtica de reten\u00e7\u00e3o de dados.<\/p>\n\n\n\n<p><strong>5. COMO TRANSFERIMOS INFORMA\u00c7\u00d5ES INTERNACIONALMENTE<\/strong><\/p>\n\n\n\n<p>5.1 Coletamos informa\u00e7\u00f5es globalmente e armazenamos essas informa\u00e7\u00f5es principalmente na Austr\u00e1lia, Bahrein, Brasil, Canad\u00e1, Alemanha, Hong Kong, \u00cdndia, Irlanda, It\u00e1lia, Jap\u00e3o, Coreia, Cingapura, \u00c1frica do Sul, Su\u00e9cia, Reino Unido e Estados Unidos (regi\u00f5es da Amazon Web Services). Transferimos, processamos e armazenamos suas informa\u00e7\u00f5es fora do seu pa\u00eds de resid\u00eancia, onde n\u00f3s ou nossos prestadores de servi\u00e7os operamos com a finalidade de fornecer nossos produtos e servi\u00e7os ao usu\u00e1rio.<\/p>\n\n\n\n<p>5.2 Alguns dos pa\u00edses em que nossas empresas ou prestadores de servi\u00e7os est\u00e3o localizados podem n\u00e3o ter leis de privacidade e prote\u00e7\u00e3o de dados equivalentes \u00e0s do seu pa\u00eds de resid\u00eancia. Quando compartilhamos informa\u00e7\u00f5es com essas empresas ou prestadores de servi\u00e7os, fazemos uso de cl\u00e1usulas contratuais, regras corporativas e outros mecanismos apropriados para proteger a transfer\u00eancia de informa\u00e7\u00f5es.<\/p>\n\n\n\n<p><strong>6. SEUS DIREITOS<\/strong><\/p>\n\n\n\n<p>6.1 Voc\u00ea tem o direito de:<\/p>\n\n\n\n<p>(a) ser informado sobre o que fazemos com suas informa\u00e7\u00f5es pessoais;<\/p>\n\n\n\n<p>(b) solicitar uma c\u00f3pia das informa\u00e7\u00f5es pessoais que mantemos sobre voc\u00ea;<\/p>\n\n\n\n<p>(c) exigir que corrijamos qualquer imprecis\u00e3o ou erro em qualquer informa\u00e7\u00e3o pessoal que mantemos sobre voc\u00ea;<\/p>\n\n\n\n<p>(d) solicitar a exclus\u00e3o de suas informa\u00e7\u00f5es pessoais (observe, no entanto, que nem sempre poderemos atender \u00e0 sua solicita\u00e7\u00e3o de exclus\u00e3o para fins de manuten\u00e7\u00e3o de registros, para concluir transa\u00e7\u00f5es ou para cumprir nossas obriga\u00e7\u00f5es legais);<\/p>\n\n\n\n<p>(e) objetar ou restringir o processamento de suas informa\u00e7\u00f5es pessoais por n\u00f3s (inclusive para fins de marketing);<\/p>\n\n\n\n<p>(f) solicitar o recebimento de algumas de suas informa\u00e7\u00f5es pessoais em um formato estruturado, comumente usado e leg\u00edvel por m\u00e1quina, e solicitar que transfiramos essas informa\u00e7\u00f5es para outra parte; e<\/p>\n\n\n\n<p>(g) retirar seu consentimento a qualquer momento em que estivermos confiando no consentimento para processar suas informa\u00e7\u00f5es pessoais (embora isso n\u00e3o afete a legalidade de qualquer processamento realizado antes de voc\u00ea retirar seu consentimento). &nbsp;<\/p>\n\n\n\n<p>6.2 Nossa Plataforma permite que voc\u00ea atualize determinadas informa\u00e7\u00f5es sobre si mesmo, por exemplo, atualizando o perfil do usu\u00e1rio ou alterando as configura\u00e7\u00f5es.<\/p>\n\n\n\n<p>6.3 Voc\u00ea pode optar por n\u00e3o receber nossos materiais de marketing usando o link de cancelamento de assinatura em nossas comunica\u00e7\u00f5es, atualizando suas prefer\u00eancias em sua conta em nossa Plataforma ou entrando em contato conosco. Observe, no entanto, que mesmo que opte por n\u00e3o receber nossos materiais de marketing, voc\u00ea continuar\u00e1 a receber notifica\u00e7\u00f5es ou informa\u00e7\u00f5es nossas que sejam necess\u00e1rias para o uso de nossos produtos ou servi\u00e7os.<\/p>\n\n\n\n<p>6.4 Como medida de seguran\u00e7a, podemos precisar de informa\u00e7\u00f5es espec\u00edficas do usu\u00e1rio para nos ajudar a confirmar sua identidade ao processar suas solicita\u00e7\u00f5es de privacidade ou ao exercer seus direitos.<br><br>6.5 Qualquer solicita\u00e7\u00e3o nos termos do par\u00e1grafo 6.1 normalmente ser\u00e1 atendida sem \u00f4nus. No entanto, poderemos cobrar uma taxa administrativa razo\u00e1vel se sua solicita\u00e7\u00e3o for claramente infundada, repetitiva ou excessiva.<\/p>\n\n\n\n<p>6.6 Responderemos a todas as solicita\u00e7\u00f5es leg\u00edtimas no prazo de um (1) m\u00eas. Ocasionalmente, poderemos levar mais de um m\u00eas se a sua solicita\u00e7\u00e3o for particularmente complexa ou se voc\u00ea tiver feito v\u00e1rias solicita\u00e7\u00f5es.<\/p>\n\n\n\n<p><strong>7. ALTERA\u00c7\u00d5ES A ESTA POL\u00cdTICA<\/strong><\/p>\n\n\n\n<p>Podemos alterar esta pol\u00edtica de tempos em tempos, publicando a pol\u00edtica atualizada em nossa Plataforma. Ao continuar a usar nossa Plataforma depois que as altera\u00e7\u00f5es entrarem em vigor, voc\u00ea concorda em ficar vinculado \u00e0 pol\u00edtica revisada.<\/p>\n\n\n\n<p><strong>8. POL\u00cdTICA COM RELA\u00c7\u00c3O A CRIAN\u00c7AS<\/strong><\/p>\n\n\n\n<p>Nossos produtos e servi\u00e7os n\u00e3o s\u00e3o direcionados a indiv\u00edduos menores de 16 anos. N\u00e3o coletamos intencionalmente informa\u00e7\u00f5es pessoais de indiv\u00edduos menores de 16 anos. Se tomarmos conhecimento de que um indiv\u00edduo com menos de 16 anos nos forneceu informa\u00e7\u00f5es pessoais, tomaremos as medidas necess\u00e1rias para excluir essas informa\u00e7\u00f5es. Entre em contato conosco se acreditar que coletamos, por engano ou n\u00e3o, informa\u00e7\u00f5es de um indiv\u00edduo com menos de 16 anos.<\/p>\n\n\n\n<p><strong>9. ENTRE EM CONTATO CONOSCO<\/strong><\/p>\n\n\n\n<p>9.1 Entre em contato conosco pelo e-mail hello@negative.eco ou envie qualquer solicita\u00e7\u00e3o por escrito para:<\/p>\n\n\n\n<p>Negativo Pte Ltd<br>7 Temasek Boulevard<br>#12-07 Suntec Tower One<\/p>\n\n\n\n<p>9.2 Entre em contato conosco em primeira inst\u00e2ncia se tiver alguma d\u00favida ou preocupa\u00e7\u00e3o. Se as suas preocupa\u00e7\u00f5es n\u00e3o forem resolvidas, voc\u00ea tem o direito de registrar uma reclama\u00e7\u00e3o junto a uma autoridade de prote\u00e7\u00e3o de dados no pa\u00eds em que mora ou trabalha ou onde voc\u00ea acha que seus direitos foram violados.<\/p>\n\n\n\n<p>\u00daltima atualiza\u00e7\u00e3o: 13 de setembro de 2021<\/p>\n\n\n\n<p><strong>POL\u00cdTICA DE COOKIES<\/strong><\/p>\n\n\n\n<p>Cookies s\u00e3o pequenos arquivos de texto que s\u00e3o colocados no seu dispositivo por um servidor da Web quando voc\u00ea acessa a nossa Plataforma. Usamos cookies para identificar seu acesso e monitorar o uso e o tr\u00e1fego da Web em nossa Plataforma para personalizar e aprimorar nossos produtos e servi\u00e7os.<\/p>\n\n\n\n<p>Usamos cookies persistentes e cookies de sess\u00e3o. Um cookie persistente permanece em seu navegador e ser\u00e1 lido por n\u00f3s quando voc\u00ea retornar ao nosso Site ou a um site parceiro que use nossos servi\u00e7os. Os cookies de sess\u00e3o duram apenas o tempo de dura\u00e7\u00e3o da sess\u00e3o (geralmente a visita atual a um site ou uma sess\u00e3o do navegador).<\/p>\n\n\n\n<p>Usamos os seguintes tipos de cookies:<\/p>\n\n\n\n<p>(a) Cookies estritamente necess\u00e1rios - esses s\u00e3o cookies necess\u00e1rios para a opera\u00e7\u00e3o do nosso site. Eles incluem, por exemplo, cookies que permitem que voc\u00ea fa\u00e7a login em \u00e1reas seguras do nosso site.<\/p>\n\n\n\n<p>Voc\u00ea pode bloquear os cookies ativando a configura\u00e7\u00e3o do seu navegador que permite recusar o uso de todos ou de alguns cookies. Entretanto, se fizer isso, talvez n\u00e3o consiga acessar todo ou parte do nosso site.<\/p>\n\n\n\n<p><strong>TABELA DE BASES LEGAIS<\/strong><\/p>\n\n\n\n<p>Finalidade do processamento (tipo de dados processados): Base legal<br>Dados da conta (nome, endere\u00e7o de e-mail, senha e foto do perfil): Contrato<br>Dados de suporte (solicita\u00e7\u00f5es de suporte): Interesses leg\u00edtimos<br>Conte\u00fado do usu\u00e1rio (coment\u00e1rios, bate-papos e avalia\u00e7\u00f5es): Consentimento<br>Dados de prefer\u00eancia (prefer\u00eancias de comunica\u00e7\u00e3o): Obriga\u00e7\u00e3o legal<br>Dados de transa\u00e7\u00e3o (pagamentos e compras): Contrato<br>Dados financeiros (saldos): Obriga\u00e7\u00e3o legal<br>Dados t\u00e9cnicos (registros do servidor): Interesses leg\u00edtimos<br>Dados de uso (atividade do site e do aplicativo): Interesses leg\u00edtimos<\/p>","protected":false},"excerpt":{"rendered":"<p>Esta pol\u00edtica estabelece: (1) as informa\u00e7\u00f5es que coletamos sobre voc\u00ea quando voc\u00ea visita nosso site, usa nossos produtos ou servi\u00e7os ou interage conosco de outra forma; (2) como usamos, compartilhamos, armazenamos e protegemos as informa\u00e7\u00f5es; e (3) como voc\u00ea pode acessar e controlar as informa\u00e7\u00f5es. Nesta pol\u00edtica, \"Negative\" ou \"n\u00f3s\" refere-se \u00e0 Negative...<\/p>","protected":false},"author":1,"featured_media":0,"parent":0,"menu_order":0,"comment_status":"closed","ping_status":"closed","template":"","meta":{"_kad_blocks_custom_css":"","_kad_blocks_head_custom_js":"","_kad_blocks_body_custom_js":"","_kad_blocks_footer_custom_js":"","_kadence_starter_templates_imported_post":false,"_kad_post_transparent":"","_kad_post_title":"","_kad_post_layout":"","_kad_post_sidebar_id":"","_kad_post_content_style":"","_kad_post_vertical_padding":"","_kad_post_feature":"","_kad_post_feature_position":"","_kad_post_header":false,"_kad_post_footer":false,"footnotes":""},"class_list":["post-1180","page","type-page","status-publish","hentry"],"taxonomy_info":[],"featured_image_src_large":false,"author_info":{"display_name":"s79lv","author_link":"https:\/\/negative.eco\/pt\/author\/s79lv\/"},"comment_info":0,"_links":{"self":[{"href":"https:\/\/negative.eco\/pt\/wp-json\/wp\/v2\/pages\/1180","targetHints":{"allow":["GET"]}}],"collection":[{"href":"https:\/\/negative.eco\/pt\/wp-json\/wp\/v2\/pages"}],"about":[{"href":"https:\/\/negative.eco\/pt\/wp-json\/wp\/v2\/types\/page"}],"author":[{"embeddable":true,"href":"https:\/\/negative.eco\/pt\/wp-json\/wp\/v2\/users\/1"}],"replies":[{"embeddable":true,"href":"https:\/\/negative.eco\/pt\/wp-json\/wp\/v2\/comments?post=1180"}],"version-history":[{"count":3,"href":"https:\/\/negative.eco\/pt\/wp-json\/wp\/v2\/pages\/1180\/revisions"}],"predecessor-version":[{"id":1650,"href":"https:\/\/negative.eco\/pt\/wp-json\/wp\/v2\/pages\/1180\/revisions\/1650"}],"wp:attachment":[{"href":"https:\/\/negative.eco\/pt\/wp-json\/wp\/v2\/media?parent=1180"}],"curies":[{"name":"wp","href":"https:\/\/api.w.org\/{rel}","templated":true}]}}