{"id":1179,"date":"2022-03-09T08:55:59","date_gmt":"2022-03-09T08:55:59","guid":{"rendered":"https:\/\/negative.eco\/?page_id=1179"},"modified":"2022-06-20T10:10:38","modified_gmt":"2022-06-20T10:10:38","slug":"terms","status":"publish","type":"page","link":"https:\/\/negative.eco\/pt\/termos\/","title":{"rendered":"Termos de Servi\u00e7o"},"content":{"rendered":"<p>1 APLICA\u00c7\u00c3O DOS TERMOS<\/p>\n\n\n\n<p>1.1 Estes Termos se aplicam ao seu uso do Site. Ao acessar e usar o Site:<\/p>\n\n\n\n<p>a voc\u00ea concorda com estes Termos; e<\/p>\n\n\n\n<p>b quando o seu acesso e uso for em nome de outra pessoa (por exemplo, uma empresa), voc\u00ea confirma que est\u00e1 autorizado a concordar com estes Termos em nome dessa pessoa e que, ao concordar com estes Termos em nome dessa pessoa, ela est\u00e1 vinculada a estes Termos.<\/p>\n\n\n\n<p>1.2 Se n\u00e3o concordar com estes Termos, voc\u00ea n\u00e3o est\u00e1 autorizado a acessar e usar o Site e deve parar imediatamente de faz\u00ea-lo.<\/p>\n\n\n\n<p>2 MUDAN\u00c7AS<\/p>\n\n\n\n<p>2.1 Podemos alterar estes Termos a qualquer momento, atualizando-os no Site. Salvo indica\u00e7\u00e3o em contr\u00e1rio, qualquer altera\u00e7\u00e3o entrar\u00e1 em vigor imediatamente. Voc\u00ea \u00e9 respons\u00e1vel por garantir que esteja familiarizado com os Termos mais recentes. Ao continuar a acessar e usar o Site, voc\u00ea concorda em estar vinculado aos Termos alterados.<\/p>\n\n\n\n<p>2.2 Poderemos alterar, suspender, descontinuar ou restringir o acesso ao Site sem aviso pr\u00e9vio ou responsabilidade.<\/p>\n\n\n\n<p>2.3 Estes Termos foram atualizados pela \u00faltima vez em 19 de setembro de 2021.<\/p>\n\n\n\n<p>3 DEFINI\u00c7\u00d5ES<\/p>\n\n\n\n<p>Nestes Termos:<\/p>\n\n\n\n<p>incluindo e palavras similares n\u00e3o implicam em nenhum limite<\/p>\n\n\n\n<p>O preju\u00edzo inclui a perda de lucros, economias, receitas ou dados e qualquer outra reivindica\u00e7\u00e3o, dano, perda, responsabilidade e custo, incluindo custos legais em uma base de advogado e cliente pr\u00f3prio<\/p>\n\n\n\n<p>Informa\u00e7\u00f5es pessoais significam informa\u00e7\u00f5es sobre uma pessoa viva identific\u00e1vel e incluem dados pessoais, informa\u00e7\u00f5es de identifica\u00e7\u00e3o pessoal e informa\u00e7\u00f5es equivalentes de acordo com as leis de privacidade e prote\u00e7\u00e3o de dados aplic\u00e1veis<\/p>\n\n\n\n<p>Pol\u00edtica de privacidade significa https:\/\/negative.eco\/privacy<\/p>\n\n\n\n<p>Termos significa estes termos e condi\u00e7\u00f5es intitulados Termos de Uso do Site<\/p>\n\n\n\n<p>Sistema subjacente significa qualquer rede, sistema, software, dados ou material subjacente ou conectado ao Site<\/p>\n\n\n\n<p>ID de usu\u00e1rio significa um nome e\/ou senha exclusivos atribu\u00eddos a voc\u00ea para permitir o acesso a determinadas partes do site.<\/p>\n\n\n\n<p>N\u00f3s, nos ou nosso significa Negative Pte Ltd<\/p>\n\n\n\n<p>Site significa https:\/\/negative.eco<\/p>\n\n\n\n<p>Voc\u00ea significa voc\u00ea ou, se a cl\u00e1usula 1.1b se aplicar, voc\u00ea e a outra pessoa em cujo nome voc\u00ea est\u00e1 agindo.<\/p>\n\n\n\n<p>4 SUAS OBRIGA\u00c7\u00d5ES<\/p>\n\n\n\n<p>4.1 O usu\u00e1rio deve fornecer informa\u00e7\u00f5es verdadeiras, atuais e completas em suas negocia\u00e7\u00f5es conosco (inclusive ao criar uma conta) e deve atualizar prontamente essas informa\u00e7\u00f5es, conforme necess\u00e1rio, para que permane\u00e7am verdadeiras, atuais e completas.<\/p>\n\n\n\n<p>4.2 Se voc\u00ea receber uma ID de usu\u00e1rio, dever\u00e1 mant\u00ea-la em seguran\u00e7a e:<\/p>\n\n\n\n<p>a n\u00e3o permitir que outra pessoa use seu ID de usu\u00e1rio, inclusive n\u00e3o divulg\u00e1-lo ou fornec\u00ea-lo a qualquer outra pessoa; e<\/p>\n\n\n\n<p>b notificar-nos imediatamente caso tome conhecimento de qualquer divulga\u00e7\u00e3o ou uso n\u00e3o autorizado de sua ID de usu\u00e1rio, enviando um e-mail para hello@negative.eco<\/p>\n\n\n\n<p>4.3 Voc\u00ea deve:<\/p>\n\n\n\n<p>a) n\u00e3o agir de forma a usar ou introduzir qualquer coisa (incluindo v\u00edrus, worm, cavalo de Troia, bomba-rel\u00f3gio, keystroke logger, spyware ou outro recurso semelhante) que de alguma forma comprometa ou possa comprometer o Site ou qualquer Sistema Subjacente, ou que de outra forma tente danificar ou interferir no Site ou em qualquer Sistema Subjacente; e<\/p>\n\n\n\n<p>b, a menos que com nosso consentimento, acessar o Site somente por meio de navegadores da Web padr\u00e3o e n\u00e3o por qualquer outro m\u00e9todo. Outros m\u00e9todos incluem scraping, deep-linking, harvesting, data mining, uso de rob\u00f4 ou spider, automa\u00e7\u00e3o ou qualquer m\u00e9todo similar de coleta, extra\u00e7\u00e3o ou monitoramento de dados.<\/p>\n\n\n\n<p>4.4 Voc\u00ea deve obter nossa permiss\u00e3o por escrito para estabelecer um link para o nosso Site. Se desejar fazer isso, envie sua solicita\u00e7\u00e3o por e-mail para hello@negative.eco.<\/p>\n\n\n\n<p>4.5 Voc\u00ea nos indeniza por todos os preju\u00edzos que sofrermos ou incorrermos como resultado direto ou indireto de sua falha em cumprir estes Termos, inclusive qualquer falha de uma pessoa que acesse e use nosso Site usando sua ID de usu\u00e1rio.<\/p>\n\n\n\n<p>5 PROPRIEDADE INTELECTUAL<\/p>\n\n\n\n<p>N\u00f3s (e nossos licenciadores) detemos todos os direitos de propriedade e propriedade intelectual do Site (incluindo todas as informa\u00e7\u00f5es, dados, textos, gr\u00e1ficos, obras de arte, fotografias, logotipos, \u00edcones, grava\u00e7\u00f5es de som, v\u00eddeos e apar\u00eancia) e dos Sistemas Subjacentes.<\/p>\n\n\n\n<p>6 ISEN\u00c7\u00d5ES DE RESPONSABILIDADE<\/p>\n\n\n\n<p>6.1 Na medida do permitido por lei, n\u00f3s e nossos licenciadores n\u00e3o temos nenhuma obriga\u00e7\u00e3o ou responsabilidade perante voc\u00ea ou qualquer outra pessoa por qualquer perda relacionada a:<\/p>\n\n\n\n<p>a indisponibilidade (total ou parcial) ou lentid\u00e3o do Site;<\/p>\n\n\n\n<p>b qualquer erro ou omiss\u00e3o em qualquer informa\u00e7\u00e3o disponibilizada pelo Site;<\/p>\n\n\n\n<p>c qualquer exposi\u00e7\u00e3o a v\u00edrus ou outras formas de interfer\u00eancia que possam danificar o sistema do seu computador ou exp\u00f4-lo a fraudes ao acessar ou usar o Site. Para evitar d\u00favidas, voc\u00ea \u00e9 respons\u00e1vel por garantir que o processo pelo qual voc\u00ea acessa e usa o Site o proteja contra isso; e<\/p>\n\n\n\n<p>d qualquer site vinculado ao Site. Qualquer link no Site para outros sites n\u00e3o implica qualquer endosso, aprova\u00e7\u00e3o ou recomenda\u00e7\u00e3o ou responsabilidade por esses sites ou seus conte\u00fados, opera\u00e7\u00f5es, produtos ou operadores.<\/p>\n\n\n\n<p>6.2 N\u00e3o fazemos nenhuma declara\u00e7\u00e3o ou garantia de que o Site seja apropriado ou esteja dispon\u00edvel para uso em todos os pa\u00edses ou que o conte\u00fado esteja de acordo com as leis de todos os pa\u00edses. Voc\u00ea \u00e9 respons\u00e1vel por garantir que seu acesso e uso do Site n\u00e3o seja ilegal ou proibido e por sua pr\u00f3pria conformidade com as leis locais aplic\u00e1veis.<\/p>\n\n\n\n<p>7 RESPONSABILIDADE<\/p>\n\n\n\n<p>7.1 At\u00e9 o limite m\u00e1ximo permitido por lei:<\/p>\n\n\n\n<p>a Voc\u00ea acessa e usa o Site por sua pr\u00f3pria conta e risco; e<\/p>\n\n\n\n<p>b n\u00e3o somos respons\u00e1veis perante voc\u00ea ou qualquer outra pessoa por qualquer Perda sob ou em conex\u00e3o com estes Termos, o Site ou seu acesso e uso (ou incapacidade de acessar ou usar) o Site. Essa exclus\u00e3o se aplica independentemente de nossa obriga\u00e7\u00e3o ou responsabilidade ser decorrente de contrato, ato il\u00edcito (incluindo neglig\u00eancia), equidade, viola\u00e7\u00e3o de dever estatut\u00e1rio ou de outra forma.<\/p>\n\n\n\n<p>7.2 Exceto na medida permitida por lei, nada nestes Termos tem o efeito de excluir qualquer lei de prote\u00e7\u00e3o ao consumidor aplic\u00e1vel que n\u00e3o possa ser exclu\u00edda. Na medida em que nossa responsabilidade n\u00e3o pode ser exclu\u00edda, mas pode ser limitada, nossa responsabilidade \u00e9 limitada a SGD 100.<\/p>\n\n\n\n<p>7.3 Na medida m\u00e1xima permitida por lei e somente na medida em que as cl\u00e1usulas 7.1 e 7.2 destes Termos n\u00e3o se apliquem, nossa responsabilidade total para com o usu\u00e1rio sob ou em conex\u00e3o com estes Termos, ou em conex\u00e3o com o Site, ou seu acesso e uso (ou incapacidade de acesso ou uso) do Site, n\u00e3o deve exceder SGD 100.<\/p>\n\n\n\n<p>8 POL\u00cdTICA DE PRIVACIDADE<\/p>\n\n\n\n<p>8.1 Voc\u00ea n\u00e3o \u00e9 obrigado a nos fornecer informa\u00e7\u00f5es pessoais, embora, em alguns casos, se optar por n\u00e3o faz\u00ea-lo, n\u00e3o poderemos disponibilizar determinadas se\u00e7\u00f5es do Site para voc\u00ea. Por exemplo, talvez precisemos das suas informa\u00e7\u00f5es de contato para lhe fornecer atualiza\u00e7\u00f5es do nosso Site.<\/p>\n\n\n\n<p>8.2 Quando voc\u00ea nos fornecer informa\u00e7\u00f5es pessoais, cumpriremos as leis de privacidade e prote\u00e7\u00e3o de dados aplic\u00e1veis.<\/p>\n\n\n\n<p>8.3 As informa\u00e7\u00f5es pessoais que voc\u00ea nos fornece (inclusive qualquer informa\u00e7\u00e3o fornecida ao se registrar em uma conta) s\u00e3o coletadas e podem ser usadas para comunica\u00e7\u00e3o com voc\u00ea, an\u00e1lise estat\u00edstica, marketing de produtos e servi\u00e7os para voc\u00ea, verifica\u00e7\u00f5es de cr\u00e9dito (se necess\u00e1rio) e pesquisa e desenvolvimento.<\/p>\n\n\n\n<p>8.4 Tamb\u00e9m podemos coletar informa\u00e7\u00f5es t\u00e9cnicas sempre que voc\u00ea se conectar ou visitar a vers\u00e3o p\u00fablica do nosso Site. Isso pode incluir informa\u00e7\u00f5es sobre a maneira como os usu\u00e1rios chegam, navegam e interagem com o nosso Site. Podemos coletar esse tipo de informa\u00e7\u00e3o t\u00e9cnica por meio do uso de cookies e outros meios. Cookies s\u00e3o identificadores alfanum\u00e9ricos que transferimos para o disco r\u00edgido de seu computador para permitir que nossos sistemas reconhe\u00e7am seu navegador. Se quiser desativar os cookies, voc\u00ea pode fazer isso alterando as configura\u00e7\u00f5es do seu navegador. Entretanto, se fizer isso, talvez n\u00e3o consiga usar todas as fun\u00e7\u00f5es do site. Usamos as informa\u00e7\u00f5es t\u00e9cnicas que coletamos para entender melhor a maneira como as pessoas usam o nosso Site, para aprimorar seu funcionamento e personaliz\u00e1-lo para que seja mais relevante e \u00fatil para suas necessidades espec\u00edficas. Tamb\u00e9m podemos usar essas informa\u00e7\u00f5es para ajudar a tornar qualquer publicidade que exibimos no Site mais personalizada e aplic\u00e1vel aos seus interesses.<\/p>\n\n\n\n<p>8.5 Em geral, n\u00e3o divulgamos informa\u00e7\u00f5es pessoais a terceiros para que eles as utilizem para seus pr\u00f3prios fins. Entretanto, algumas das circunst\u00e2ncias em que podemos fazer isso s\u00e3o:<\/p>\n\n\n\n<p>a a prestadores de servi\u00e7os e outras pessoas que trabalham conosco para disponibilizar o Site ou melhorar ou desenvolver sua funcionalidade (por exemplo, podemos usar um fornecedor terceirizado para hospedar o Site);<\/p>\n\n\n\n<p>b em rela\u00e7\u00e3o \u00e0 proposta de compra ou aquisi\u00e7\u00e3o de nossos neg\u00f3cios ou ativos; ou<\/p>\n\n\n\n<p>c quando exigido pela lei aplic\u00e1vel ou por qualquer tribunal, ou em resposta a uma solicita\u00e7\u00e3o leg\u00edtima de uma ag\u00eancia de aplica\u00e7\u00e3o da lei.<\/p>\n\n\n\n<p>8.6 Qualquer informa\u00e7\u00e3o pessoal que voc\u00ea nos fornecer poder\u00e1 ser armazenada nos servidores seguros de nossos provedores de servi\u00e7os confi\u00e1veis, que podem estar localizados fora de Cingapura. Isso pode envolver a transfer\u00eancia de suas informa\u00e7\u00f5es pessoais para pa\u00edses que t\u00eam menos prote\u00e7\u00e3o legal para informa\u00e7\u00f5es pessoais do que Cingapura.<\/p>\n\n\n\n<p>8.7 Voc\u00ea tem o direito de solicitar acesso e corre\u00e7\u00e3o de qualquer informa\u00e7\u00e3o pessoal que mantemos sobre voc\u00ea. Se quiser exercer esses direitos, envie-nos um e-mail para hello@negative.eco.<\/p>\n\n\n\n<p>8.8 No caso de qualquer conflito entre os termos, condi\u00e7\u00f5es e disposi\u00e7\u00f5es desta se\u00e7\u00e3o e os termos, condi\u00e7\u00f5es e disposi\u00e7\u00f5es de nossa pol\u00edtica de privacidade, os termos, condi\u00e7\u00f5es e disposi\u00e7\u00f5es de nossa pol\u00edtica de privacidade dever\u00e3o prevalecer e ter preced\u00eancia.<\/p>\n\n\n\n<p>9 SUSPENS\u00c3O E RESCIS\u00c3O<\/p>\n\n\n\n<p>9.1 Sem preju\u00edzo de qualquer outro direito ou recurso dispon\u00edvel para n\u00f3s, se considerarmos que voc\u00ea violou estes Termos ou se considerarmos apropriado, poderemos suspender ou encerrar imediatamente e sem aviso pr\u00e9vio o seu acesso ao Site (ou a qualquer parte dele).<\/p>\n\n\n\n<p>9.2 Em caso de suspens\u00e3o ou rescis\u00e3o, voc\u00ea dever\u00e1 interromper imediatamente o uso do Site e n\u00e3o dever\u00e1 tentar obter mais acesso.<\/p>\n\n\n\n<p>10 GERAL<\/p>\n\n\n\n<p>10.1 Se precisarmos entrar em contato com voc\u00ea, poderemos faz\u00ea-lo por e-mail ou publicando um aviso no Site. Voc\u00ea concorda que isso satisfaz todos os requisitos legais em rela\u00e7\u00e3o a comunica\u00e7\u00f5es por escrito.<\/p>\n\n\n\n<p>10.2 Estes Termos e qualquer lit\u00edgio relacionado a estes Termos ou ao Site s\u00e3o regidos e devem ser interpretados de acordo com a legisla\u00e7\u00e3o de Cingapura. Cada parte se submete \u00e0 jurisdi\u00e7\u00e3o n\u00e3o exclusiva dos Tribunais de Cingapura em rela\u00e7\u00e3o a qualquer disputa relacionada a estes Termos ou ao Site.<\/p>\n\n\n\n<p>10.3 Para que possamos renunciar a um direito previsto nestes Termos, a ren\u00fancia dever\u00e1 ser feita por escrito.<\/p>\n\n\n\n<p>10.4 As cl\u00e1usulas que, por sua natureza, se destinam a sobreviver \u00e0 rescis\u00e3o destes Termos, inclusive as cl\u00e1usulas 4.5, 5, 6, 7 e 10.1, continuam em vigor.<\/p>\n\n\n\n<p>10.5 Se qualquer parte ou disposi\u00e7\u00e3o destes Termos for ou se tornar ilegal, inexequ\u00edvel ou inv\u00e1lida, essa parte ou disposi\u00e7\u00e3o ser\u00e1 considerada modificada na medida necess\u00e1ria para remediar a ilegalidade, inexequibilidade ou invalidade. Se uma modifica\u00e7\u00e3o n\u00e3o for poss\u00edvel, a parte ou disposi\u00e7\u00e3o dever\u00e1 ser tratada, para todos os fins, como separada destes Termos. O restante destes Termos ser\u00e1 vinculativo para voc\u00ea.<\/p>\n\n\n\n<p>10.6 Estes Termos estabelecem tudo o que foi acordado pelas partes com rela\u00e7\u00e3o ao seu uso do Site e substituem e cancelam tudo o que foi discutido, trocado ou acordado antes de voc\u00ea concordar com estes Termos. As partes n\u00e3o se basearam em nenhuma representa\u00e7\u00e3o, garantia ou acordo relacionado ao Site que n\u00e3o esteja expressamente estabelecido nos Termos, e nenhuma representa\u00e7\u00e3o, garantia ou acordo desse tipo tem efeito a partir da data em que voc\u00ea concordou com estes Termos.<\/p>","protected":false},"excerpt":{"rendered":"<p>1 APLICA\u00c7\u00c3O DOS TERMOS 1.1 Estes Termos se aplicam ao seu uso do Site. Ao acessar e usar o Site: a) voc\u00ea concorda com estes Termos; e b) quando o seu acesso e uso for em nome de outra pessoa (por exemplo, uma empresa), voc\u00ea confirma que est\u00e1 autorizado a, e de fato concorda com...<\/p>","protected":false},"author":1,"featured_media":0,"parent":0,"menu_order":0,"comment_status":"closed","ping_status":"closed","template":"","meta":{"_kad_blocks_custom_css":"","_kad_blocks_head_custom_js":"","_kad_blocks_body_custom_js":"","_kad_blocks_footer_custom_js":"","_kadence_starter_templates_imported_post":false,"_kad_post_transparent":"","_kad_post_title":"","_kad_post_layout":"","_kad_post_sidebar_id":"","_kad_post_content_style":"","_kad_post_vertical_padding":"","_kad_post_feature":"","_kad_post_feature_position":"","_kad_post_header":false,"_kad_post_footer":false,"footnotes":""},"class_list":["post-1179","page","type-page","status-publish","hentry"],"taxonomy_info":[],"featured_image_src_large":false,"author_info":{"display_name":"s79lv","author_link":"https:\/\/negative.eco\/pt\/author\/s79lv\/"},"comment_info":0,"_links":{"self":[{"href":"https:\/\/negative.eco\/pt\/wp-json\/wp\/v2\/pages\/1179","targetHints":{"allow":["GET"]}}],"collection":[{"href":"https:\/\/negative.eco\/pt\/wp-json\/wp\/v2\/pages"}],"about":[{"href":"https:\/\/negative.eco\/pt\/wp-json\/wp\/v2\/types\/page"}],"author":[{"embeddable":true,"href":"https:\/\/negative.eco\/pt\/wp-json\/wp\/v2\/users\/1"}],"replies":[{"embeddable":true,"href":"https:\/\/negative.eco\/pt\/wp-json\/wp\/v2\/comments?post=1179"}],"version-history":[{"count":2,"href":"https:\/\/negative.eco\/pt\/wp-json\/wp\/v2\/pages\/1179\/revisions"}],"predecessor-version":[{"id":1651,"href":"https:\/\/negative.eco\/pt\/wp-json\/wp\/v2\/pages\/1179\/revisions\/1651"}],"wp:attachment":[{"href":"https:\/\/negative.eco\/pt\/wp-json\/wp\/v2\/media?parent=1179"}],"curies":[{"name":"wp","href":"https:\/\/api.w.org\/{rel}","templated":true}]}}