{"id":1180,"date":"2022-03-09T08:55:59","date_gmt":"2022-03-09T08:55:59","guid":{"rendered":"https:\/\/negative.eco\/?page_id=1180"},"modified":"2022-06-20T10:05:53","modified_gmt":"2022-06-20T10:05:53","slug":"privacy","status":"publish","type":"page","link":"https:\/\/negative.eco\/fr\/confidentialite\/","title":{"rendered":"Politique de confidentialit\u00e9"},"content":{"rendered":"<p>Cette politique d\u00e9finit :<\/p>\n\n\n\n<p>(1) les informations que nous recueillons \u00e0 votre sujet lorsque vous visitez notre site web, utilisez nos produits ou services, ou interagissez avec nous de toute autre mani\u00e8re ;<\/p>\n\n\n\n<p>(2) la mani\u00e8re dont nous utilisons, partageons, stockons et s\u00e9curisons les informations ; et<\/p>\n\n\n\n<p>(3) comment vous pouvez acc\u00e9der \u00e0 ces informations et les contr\u00f4ler.<\/p>\n\n\n\n<p>Dans cette politique, \"Negative\" ou \"nous\" se r\u00e9f\u00e8re \u00e0 Negative Pte Ltd de 7 Temasek Boulevard (ainsi que notre soci\u00e9t\u00e9 de portefeuille) et \"plate-forme\" d\u00e9signe notre site Web \u00e0 https:\/\/negative.eco et notre logiciel, \u00e0 savoir Negtive.<\/p>\n\n\n\n<p>Dans la pr\u00e9sente politique, les \"informations personnelles\" d\u00e9signent toute donn\u00e9e, information ou combinaison de donn\u00e9es et d'informations que vous nous fournissez, ou par le biais de votre utilisation de nos produits ou services, et qui se rapporte \u00e0 une personne identifiable.<\/p>\n\n\n\n<p><strong>1. QUELLES SONT LES INFORMATIONS QUE NOUS RECUEILLONS SUR VOUS<\/strong><\/p>\n\n\n\n<p>1.1 Nous recueillons les types d'informations suivants vous concernant :<\/p>\n\n\n\n<p>(a) les informations relatives au compte et au profil que vous fournissez lorsque vous vous inscrivez \u00e0 un compte ou que vous vous inscrivez \u00e0 nos produits ou services, par exemple votre nom, votre adresse \u00e9lectronique et d'autres informations personnelles que vous fournissez volontairement de temps \u00e0 autre pour calculer l'empreinte carbone (collectivement, les \"donn\u00e9es du compte\") ;<\/p>\n\n\n\n<p>(b) les informations que vous fournissez par le biais des canaux d'assistance, par exemple lorsque vous nous signalez un probl\u00e8me ou interagissez avec notre \u00e9quipe d'assistance, y compris les coordonn\u00e9es, la documentation ou les captures d'\u00e9cran (collectivement, les \" donn\u00e9es d'assistance \") ;<\/p>\n\n\n\n<p>(c) le contenu que vous fournissez par le biais de l'utilisation de nos produits ou services, par exemple les commentaires, les chats, les critiques (collectivement, le \"contenu utilisateur\") ;<\/p>\n\n\n\n<p>(d) les pr\u00e9f\u00e9rences de communication, de marketing et autres que vous d\u00e9finissez lorsque vous configurez votre compte ou votre profil, ou lorsque vous participez \u00e0 une enqu\u00eate ou \u00e0 un questionnaire que nous vous envoyons (collectivement, les \" donn\u00e9es de pr\u00e9f\u00e9rence \") ;<\/p>\n\n\n\n<p>(e) les d\u00e9tails de toutes les transactions, achats ou commandes que vous avez effectu\u00e9s avec nous (collectivement, les \"donn\u00e9es de transaction\") ;<\/p>\n\n\n\n<p>(f) les informations relatives au paiement, par exemple les informations relatives \u00e0 votre instrument de paiement (collectivement, les \"Donn\u00e9es financi\u00e8res\") ;<\/p>\n\n\n\n<p>(g) des informations sur votre appareil ou votre connexion, par exemple le type de navigateur, le syst\u00e8me d'exploitation, l'adresse de protocole Internet (\"IP\") (un num\u00e9ro attribu\u00e9 automatiquement \u00e0 votre ordinateur lorsque vous utilisez Internet, qui peut varier d'une session \u00e0 l'autre), le nom de domaine et\/ou un horodatage de votre visite et des informations que nous recueillons par le biais de cookies et d'autres technologies de collecte de donn\u00e9es (veuillez lire notre politique en mati\u00e8re de cookies pour plus de d\u00e9tails) (collectivement, les \"donn\u00e9es techniques\") ; et<\/p>\n\n\n\n<p>(h) Des informations sur votre utilisation ou votre visite de notre Plateforme, par exemple les adresses IP, le type de navigateur, le fournisseur d'acc\u00e8s Internet (\"FAI\"), les pages de renvoi\/de sortie, le syst\u00e8me d'exploitation, l'horodatage, les donn\u00e9es saisies sur le site et les donn\u00e9es de parcours (collectivement, \"Donn\u00e9es d'utilisation\").<\/p>\n\n\n\n<p>1.2 Nous recueillons les informations ci-dessus lorsque vous nous les fournissez ou lorsque vous utilisez ou visitez notre plate-forme. Nous pouvons \u00e9galement recevoir des informations vous concernant provenant d'autres sources, notamment :<\/p>\n\n\n\n<p>(a) d'autres services li\u00e9s \u00e0 votre compte, par exemple si vous vous inscrivez ou vous connectez \u00e0 votre compte en utilisant vos identifiants Facebook ou Google, nous recevons votre nom et votre adresse \u00e9lectronique pour vous authentifier, comme le permettent les param\u00e8tres de votre profil Facebook ou Google ;<\/p>\n\n\n\n<p>1.3 Nous ne collectons pas de donn\u00e9es sensibles ou de donn\u00e9es de cat\u00e9gorie sp\u00e9ciale vous concernant. Cela inclut des d\u00e9tails sur votre race, votre origine ethnique, votre politique, votre religion, votre appartenance syndicale, votre g\u00e9n\u00e9tique, votre biom\u00e9trie, votre sant\u00e9 ou votre orientation sexuelle.<\/p>\n\n\n\n<p><strong>2. COMMENT NOUS UTILISONS LES INFORMATIONS QUE NOUS RECUEILLONS<\/strong><\/p>\n\n\n\n<p>2.1 Nous n'utilisons vos informations personnelles que lorsque la loi nous y autorise. Nous n'utilisons vos informations personnelles que dans les cas suivants<\/p>\n\n\n\n<p>(a) nous avons besoin d'ex\u00e9cuter le contrat que nous avons conclu (ou sommes sur le point de conclure) avec vous, y compris pour exploiter nos produits ou services, pour fournir une assistance \u00e0 la client\u00e8le et des fonctionnalit\u00e9s personnalis\u00e9es, et pour prot\u00e9ger la s\u00fbret\u00e9 et la s\u00e9curit\u00e9 de notre Plateforme ;<\/p>\n\n\n\n<p>(b) elle r\u00e9pond \u00e0 un int\u00e9r\u00eat l\u00e9gitime auquel ne pr\u00e9valent pas vos droits fondamentaux ou vos int\u00e9r\u00eats en mati\u00e8re de protection des donn\u00e9es, par exemple pour la recherche et le d\u00e9veloppement, et afin de prot\u00e9ger nos droits et int\u00e9r\u00eats l\u00e9gaux<\/p>\n\n\n\n<p>(c) vous nous avez donn\u00e9 votre accord pour le faire dans un but sp\u00e9cifique, par exemple nous pouvons vous envoyer des documents de marketing direct ou publier vos informations dans le cadre de nos t\u00e9moignages ou de nos histoires de clients pour promouvoir nos produits ou services avec votre permission ; ou<\/p>\n\n\n\n<p>(d) nous devons nous conformer \u00e0 une obligation l\u00e9gale ou r\u00e9glementaire.<\/p>\n\n\n\n<p>2.2 Si vous nous avez donn\u00e9 votre accord pour utiliser vos informations personnelles dans un but pr\u00e9cis, vous avez le droit de retirer votre accord \u00e0 tout moment en nous contactant (veuillez vous r\u00e9f\u00e9rer au paragraphe 9. pour les coordonn\u00e9es), mais veuillez noter que cela n'affectera pas l'utilisation de vos informations qui a d\u00e9j\u00e0 eu lieu.<\/p>\n\n\n\n<p>2.3 Nous ne partageons pas vos informations personnelles avec des soci\u00e9t\u00e9s ext\u00e9rieures \u00e0 notre groupe \u00e0 des fins de marketing, sauf si vous y consentez express\u00e9ment.<\/p>\n\n\n\n<p>2.4 Pour les visiteurs ou les utilisateurs de notre plate-forme qui sont situ\u00e9s dans l'Union europ\u00e9enne, nous avons d\u00e9fini nos bases juridiques pour le traitement de vos informations dans le tableau des bases juridiques \u00e0 la fin de la pr\u00e9sente politique.<\/p>\n\n\n\n<p><strong>3. COMMENT NOUS PARTAGEONS LES INFORMATIONS QUE NOUS RECUEILLONS<\/strong><\/p>\n\n\n\n<p>3.1 Nous partageons des informations avec d'autres soci\u00e9t\u00e9s de notre groupe afin d'exploiter notre plate-forme et de proposer et am\u00e9liorer nos produits et services.<\/p>\n\n\n\n<p>3.2 Nous partageons les informations avec des tiers qui nous aident \u00e0 exploiter, fournir, soutenir, am\u00e9liorer et commercialiser nos produits et services, par exemple des prestataires de services tiers qui fournissent le d\u00e9veloppement de sites web et d'applications, le stockage et la sauvegarde de donn\u00e9es, l'infrastructure, la facturation, le traitement des paiements, le support client, l'analyse commerciale et d'autres services.<\/p>\n\n\n\n<p>3.3 Les prestataires de services tiers n'ont acc\u00e8s \u00e0 vos informations personnelles que dans le cadre de l'ex\u00e9cution de leurs services et dans le respect des lois et r\u00e8glements applicables. Nous exigeons de ces prestataires de services tiers qu'ils pr\u00e9servent la confidentialit\u00e9 et la s\u00e9curit\u00e9 de toutes les informations personnelles qu'ils traitent en notre nom et qu'ils mettent en \u0153uvre et maintiennent des mesures de s\u00e9curit\u00e9 raisonnables pour prot\u00e9ger la confidentialit\u00e9, l'int\u00e9grit\u00e9 et la disponibilit\u00e9 de vos informations personnelles.<\/p>\n\n\n\n<p>3.4 Nous prenons des mesures raisonnables pour confirmer que tous les prestataires de services tiers que nous engageons traitent les informations personnelles de mani\u00e8re \u00e0 assurer au moins le m\u00eame niveau de protection que celui pr\u00e9vu par la pr\u00e9sente politique. Si un prestataire tiers n'est pas en mesure de satisfaire \u00e0 nos exigences, nous lui demanderons de nous en informer imm\u00e9diatement et nous prendrons des mesures raisonnables pour emp\u00eacher ou arr\u00eater le traitement non conforme.<\/p>\n\n\n\n<p>3.5 Nous pouvons partager des informations personnelles sur une base agr\u00e9g\u00e9e ou d\u00e9personnalis\u00e9e avec des tiers \u00e0 des fins de recherche et d'analyse, de profilage et \u00e0 des fins similaires pour nous aider \u00e0 am\u00e9liorer nos produits et services.<\/p>\n\n\n\n<p>3.6 Si vous utilisez un logiciel tiers en relation avec nos produits ou services, par exemple un logiciel tiers avec lequel notre Plateforme s'int\u00e8gre, vous pouvez donner au fournisseur du logiciel tiers un acc\u00e8s \u00e0 votre compte et \u00e0 vos informations. Les politiques et proc\u00e9dures des fournisseurs de logiciels tiers ne sont pas contr\u00f4l\u00e9es par nous, et cette politique ne couvre pas la fa\u00e7on dont vos informations sont collect\u00e9es ou utilis\u00e9es par les fournisseurs de logiciels tiers. Nous vous encourageons \u00e0 consulter les politiques de confidentialit\u00e9 des fournisseurs de logiciels tiers avant d'utiliser ces derniers.<\/p>\n\n\n\n<p>3.7 Notre plate-forme peut contenir des liens vers des sites web de tiers sur lesquels nous n'avons aucun contr\u00f4le. Si vous suivez un lien vers l'un de ces sites web ou si vous leur soumettez des informations, vos informations seront r\u00e9gies par leurs politiques. Nous vous encourageons \u00e0 consulter les politiques de confidentialit\u00e9 des sites Web tiers avant de leur soumettre des informations.<\/p>\n\n\n\n<p>3.8 Nous pouvons partager vos informations avec des repr\u00e9sentants du gouvernement et des autorit\u00e9s charg\u00e9es de l'application de la loi afin de nous conformer aux lois ou r\u00e8glements applicables, par exemple lorsque nous r\u00e9pondons \u00e0 des r\u00e9clamations, des proc\u00e9dures l\u00e9gales, des demandes d'application de la loi ou de s\u00e9curit\u00e9 nationale.<\/p>\n\n\n\n<p>3.9 Si nous sommes acquis par un tiers \u00e0 la suite d'une fusion, d'une acquisition ou d'un transfert d'entreprise, vos informations personnelles peuvent \u00eatre divulgu\u00e9es et\/ou transf\u00e9r\u00e9es \u00e0 un tiers dans le cadre de cette transaction. Nous vous informerons si une telle transaction a lieu et vous informerons de tout choix que vous pouvez avoir concernant vos informations.<br><br><strong>4. COMMENT NOUS STOCKONS ET S\u00c9CURISONS LES INFORMATIONS QUE NOUS COLLECTONS<\/strong><\/p>\n\n\n\n<p>4.1 Nous utilisons des fournisseurs de services d'h\u00e9bergement de donn\u00e9es bas\u00e9s en Australie, au Bahre\u00efn, au Br\u00e9sil, au Canada, en Allemagne, \u00e0 Hong Kong, en Inde, en Irlande, en Italie, au Japon, en Cor\u00e9e, \u00e0 Singapour, en Afrique du Sud, en Su\u00e8de, au Royaume-Uni et aux \u00c9tats-Unis (r\u00e9gions d'Amazon Web Services) pour h\u00e9berger les informations que nous collectons.<\/p>\n\n\n\n<p>4.2 Nous avons adopt\u00e9 les mesures suivantes pour prot\u00e9ger la s\u00e9curit\u00e9 et l'int\u00e9grit\u00e9 de vos informations personnelles :<\/p>\n\n\n\n<p>(a) les informations sont crypt\u00e9es \u00e0 l'aide de la technologie TLS\/SSL ;<\/p>\n\n\n\n<p>(b) votre compte est prot\u00e9g\u00e9 par un mot de passe ;<\/p>\n\n\n\n<p>(c) l'acc\u00e8s \u00e0 vos informations personnelles est limit\u00e9 au personnel ou aux prestataires de services sur la base du strict besoin d'en conna\u00eetre, qui ne traiteront vos informations que sur nos instructions et qui sont soumis \u00e0 un devoir de confidentialit\u00e9 ; et<\/p>\n\n\n\n<p>(d) nos pratiques de collecte, de stockage et de traitement des informations sont r\u00e9guli\u00e8rement r\u00e9vis\u00e9es.<\/p>\n\n\n\n<p>4.3 Nous avons mis en place des proc\u00e9dures pour traiter toute violation pr\u00e9sum\u00e9e de la vie priv\u00e9e et nous vous informerons, ainsi que tout organisme de r\u00e9glementation applicable, d'une violation lorsque nous sommes l\u00e9galement tenus de le faire.<\/p>\n\n\n\n<p>4.4 Bien que nous mettions en \u0153uvre des mesures de protection destin\u00e9es \u00e0 prot\u00e9ger vos informations, veuillez noter qu'aucune transmission d'informations sur Internet n'est totalement s\u00fbre. Nous ne pouvons pas garantir que vos informations, pendant leur transmission par Internet ou pendant qu'elles sont stock\u00e9es sur nos syst\u00e8mes ou trait\u00e9es par nous, sont absolument s\u00fbres et s\u00e9curis\u00e9es.<\/p>\n\n\n\n<p>4.5 Nous ne conservons les informations personnelles qu'aussi longtemps qu'il est raisonnablement n\u00e9cessaire pour atteindre les objectifs pour lesquels nous les avons collect\u00e9es, y compris pour satisfaire \u00e0 toute exigence l\u00e9gale, comptable ou de rapport. Apr\u00e8s cette p\u00e9riode, nous supprimerons ou rendrons anonymes vos informations ou, si cela n'est pas possible, nous les stockerons en toute s\u00e9curit\u00e9 et les isolerons de toute autre utilisation. Nous r\u00e9examinons p\u00e9riodiquement la base et le caract\u00e8re appropri\u00e9 de notre politique de conservation des donn\u00e9es.<\/p>\n\n\n\n<p><strong>5. COMMENT NOUS TRANSF\u00c9RONS LES INFORMATIONS AU NIVEAU INTERNATIONAL<\/strong><\/p>\n\n\n\n<p>5.1 Nous recueillons des informations dans le monde entier et stockons principalement ces informations en Australie, au Bahre\u00efn, au Br\u00e9sil, au Canada, en Allemagne, \u00e0 Hong Kong, en Inde, en Irlande, en Italie, au Japon, en Cor\u00e9e, \u00e0 Singapour, en Afrique du Sud, en Su\u00e8de, au Royaume-Uni et aux \u00c9tats-Unis (r\u00e9gions Amazon Web Services). Nous transf\u00e9rons, traitons et stockons vos informations en dehors de votre pays de r\u00e9sidence o\u00f9 nous ou nos prestataires de services op\u00e8rent dans le but de vous fournir nos produits et services.<\/p>\n\n\n\n<p>5.2 Certains des pays dans lesquels nos soci\u00e9t\u00e9s ou prestataires de services sont situ\u00e9s peuvent ne pas avoir de lois sur la confidentialit\u00e9 et la protection des donn\u00e9es \u00e9quivalentes \u00e0 celles de votre pays de r\u00e9sidence. Lorsque nous partageons des informations avec ces soci\u00e9t\u00e9s ou prestataires de services, nous utilisons des clauses contractuelles, des r\u00e8gles d'entreprise et d'autres m\u00e9canismes appropri\u00e9s pour prot\u00e9ger le transfert d'informations.<\/p>\n\n\n\n<p><strong>6. VOS DROITS<\/strong><\/p>\n\n\n\n<p>6.1 Vous avez le droit de :<\/p>\n\n\n\n<p>(a) \u00eatre inform\u00e9 de ce que nous faisons de vos informations personnelles ;<\/p>\n\n\n\n<p>(b) demander une copie des informations personnelles que nous d\u00e9tenons \u00e0 votre sujet ;<\/p>\n\n\n\n<p>(c) nous demander de corriger toute inexactitude ou erreur dans les informations personnelles que nous d\u00e9tenons \u00e0 votre sujet ;<\/p>\n\n\n\n<p>(d) demander l'effacement de vos informations personnelles (notez toutefois que nous ne serons pas toujours en mesure de r\u00e9pondre \u00e0 votre demande d'effacement \u00e0 des fins de conservation des donn\u00e9es, pour mener \u00e0 bien des transactions ou pour nous conformer \u00e0 nos obligations l\u00e9gales) ;<\/p>\n\n\n\n<p>(e) s'opposer ou restreindre le traitement par nos soins de vos informations personnelles (y compris \u00e0 des fins de marketing) ;<\/p>\n\n\n\n<p>(f) demander \u00e0 recevoir certaines de vos informations personnelles dans un format structur\u00e9, couramment utilis\u00e9 et lisible par machine, et demander que nous transf\u00e9rions ces informations \u00e0 une autre partie ; et<\/p>\n\n\n\n<p>(g) retirer votre consentement \u00e0 tout moment lorsque nous nous appuyons sur ce consentement pour traiter vos informations personnelles (bien que cela n'affecte pas la l\u00e9galit\u00e9 de tout traitement effectu\u00e9 avant le retrait de votre consentement). &nbsp;<\/p>\n\n\n\n<p>6.2 Notre plate-forme vous permet de mettre \u00e0 jour certaines informations vous concernant, par exemple en actualisant votre profil d'utilisateur ou en modifiant vos param\u00e8tres.<\/p>\n\n\n\n<p>6.3 Vous pouvez choisir de ne pas recevoir de mat\u00e9riel de marketing de notre part en utilisant le lien de d\u00e9sinscription dans nos communications, en mettant \u00e0 jour vos pr\u00e9f\u00e9rences dans votre compte sur notre plate-forme ou en nous contactant. Veuillez noter, cependant, que m\u00eame si vous choisissez de ne pas recevoir de mat\u00e9riel de marketing de notre part, vous continuerez \u00e0 recevoir des notifications ou des informations de notre part qui sont n\u00e9cessaires pour l'utilisation de nos produits ou services.<\/p>\n\n\n\n<p>6.4 Par mesure de s\u00e9curit\u00e9, nous pouvons avoir besoin d'informations sp\u00e9cifiques de votre part pour nous aider \u00e0 confirmer votre identit\u00e9 lors du traitement de vos demandes de confidentialit\u00e9 ou lorsque vous exercez vos droits.<br><br>6.5 Toute demande au titre du paragraphe 6.1 sera normalement trait\u00e9e gratuitement. Toutefois, nous pouvons facturer des frais administratifs raisonnables si votre demande est manifestement infond\u00e9e, r\u00e9p\u00e9titive ou excessive.<\/p>\n\n\n\n<p>6.6 Nous r\u00e9pondrons \u00e0 toutes les demandes l\u00e9gitimes dans un d\u00e9lai d'un (1) mois. Occasionnellement, il peut nous falloir plus d'un mois si votre demande est particuli\u00e8rement complexe ou si vous avez fait plusieurs demandes.<\/p>\n\n\n\n<p><strong>7. MODIFICATIONS DE LA PR\u00c9SENTE POLITIQUE<\/strong><\/p>\n\n\n\n<p>Nous pouvons modifier cette politique de temps \u00e0 autre en publiant la politique mise \u00e0 jour sur notre plate-forme. En continuant \u00e0 utiliser notre plate-forme apr\u00e8s l'entr\u00e9e en vigueur des modifications, vous acceptez d'\u00eatre li\u00e9 par la politique r\u00e9vis\u00e9e.<\/p>\n\n\n\n<p><strong>8. POLITIQUE \u00c0 L'\u00c9GARD DES ENFANTS<\/strong><\/p>\n\n\n\n<p>Nos produits et services ne sont pas destin\u00e9s aux personnes de moins de 16 ans. Nous ne recueillons pas sciemment des informations personnelles aupr\u00e8s de personnes de moins de 16 ans. Si nous apprenons qu'une personne de moins de 16 ans nous a fourni des informations personnelles, nous prendrons des mesures pour supprimer ces informations. Contactez-nous si vous pensez que nous avons, par erreur ou involontairement, collect\u00e9 des informations aupr\u00e8s d'une personne de moins de 16 ans.<\/p>\n\n\n\n<p><strong>9. CONTACTEZ-NOUS<\/strong><\/p>\n\n\n\n<p>9.1 Veuillez nous contacter \u00e0 l'adresse hello@negative.eco ou soumettre toute demande \u00e9crite \u00e0 :<\/p>\n\n\n\n<p>Negative Pte Ltd<br>7, boulevard Temasek<br>#12-07 Suntec Tower One<\/p>\n\n\n\n<p>9.2 Veuillez nous contacter en premier lieu si vous avez des questions ou des pr\u00e9occupations. Si vos pr\u00e9occupations ne sont pas r\u00e9solues, vous avez le droit de d\u00e9poser une plainte aupr\u00e8s d'une autorit\u00e9 de protection des donn\u00e9es dans le pays o\u00f9 vous vivez ou travaillez ou dans lequel vous estimez que vos droits ont \u00e9t\u00e9 viol\u00e9s.<\/p>\n\n\n\n<p>Derni\u00e8re mise \u00e0 jour : 13 septembre 2021<\/p>\n\n\n\n<p><strong>POLITIQUE EN MATI\u00c8RE DE COOKIES<\/strong><\/p>\n\n\n\n<p>Les cookies sont de petits fichiers texte qui sont plac\u00e9s sur votre appareil par un serveur web lorsque vous acc\u00e9dez \u00e0 notre Plateforme. Nous utilisons les cookies pour identifier votre acc\u00e8s et surveiller l'utilisation et le trafic web sur notre Plateforme afin de personnaliser et d'am\u00e9liorer nos produits et services.<\/p>\n\n\n\n<p>Nous utilisons \u00e0 la fois des cookies persistants et des cookies de session. Un cookie persistant reste dans votre navigateur et sera lu par nous lorsque vous reviendrez sur notre site ou sur un site partenaire qui utilise nos services. Les cookies de session ne durent que le temps de la session (g\u00e9n\u00e9ralement la visite actuelle d'un site web ou une session de navigateur).<\/p>\n\n\n\n<p>Nous utilisons les types de cookies suivants :<\/p>\n\n\n\n<p>(a) Cookies strictement n\u00e9cessaires - ce sont des cookies qui sont n\u00e9cessaires au fonctionnement de notre site. Ils comprennent, par exemple, les cookies qui vous permettent de vous connecter \u00e0 des zones s\u00e9curis\u00e9es de notre site web.<\/p>\n\n\n\n<p>Vous pouvez bloquer les cookies en activant le param\u00e8tre de votre navigateur qui vous permet de refuser l'utilisation de tout ou partie des cookies. Toutefois, si vous le faites, il se peut que vous ne puissiez pas acc\u00e9der \u00e0 tout ou partie de notre site.<\/p>\n\n\n\n<p><strong>TABLEAU DES BASES L\u00c9GALES<\/strong><\/p>\n\n\n\n<p>Finalit\u00e9 du traitement (Type de donn\u00e9es trait\u00e9es) : Base juridique<br>Donn\u00e9es de compte (nom, adresse \u00e9lectronique, mot de passe et photo de profil) : Contrat<br>Donn\u00e9es de support (demandes de support) : Int\u00e9r\u00eats l\u00e9gitimes<br>Contenu utilisateur (commentaires, chats et critiques) : Consentement<br>Donn\u00e9es de pr\u00e9f\u00e9rence (pr\u00e9f\u00e9rences de communication) : Obligation l\u00e9gale<br>Donn\u00e9es de transaction (paiements et achats) : Contrat<br>Donn\u00e9es financi\u00e8res (soldes) : Obligation l\u00e9gale<br>Donn\u00e9es techniques (journaux de serveur) : Int\u00e9r\u00eats l\u00e9gitimes<br>Donn\u00e9es d'utilisation (activit\u00e9 du site et des applications) : Int\u00e9r\u00eats l\u00e9gitimes<\/p>","protected":false},"excerpt":{"rendered":"<p>La pr\u00e9sente politique d\u00e9finit (1) les informations que nous recueillons \u00e0 votre sujet lorsque vous visitez notre site web, utilisez nos produits ou services, ou interagissez de toute autre mani\u00e8re avec nous ; (2) la mani\u00e8re dont nous utilisons, partageons, stockons et s\u00e9curisons les informations ; et (3) la mani\u00e8re dont vous pouvez acc\u00e9der \u00e0 ces informations et les contr\u00f4ler. Dans la pr\u00e9sente politique, \"Negative\" ou \"nous\" fait r\u00e9f\u00e9rence \u00e0 Negative...<\/p>","protected":false},"author":1,"featured_media":0,"parent":0,"menu_order":0,"comment_status":"closed","ping_status":"closed","template":"","meta":{"_kad_blocks_custom_css":"","_kad_blocks_head_custom_js":"","_kad_blocks_body_custom_js":"","_kad_blocks_footer_custom_js":"","_kadence_starter_templates_imported_post":false,"_kad_post_transparent":"","_kad_post_title":"","_kad_post_layout":"","_kad_post_sidebar_id":"","_kad_post_content_style":"","_kad_post_vertical_padding":"","_kad_post_feature":"","_kad_post_feature_position":"","_kad_post_header":false,"_kad_post_footer":false,"footnotes":""},"class_list":["post-1180","page","type-page","status-publish","hentry"],"taxonomy_info":[],"featured_image_src_large":false,"author_info":{"display_name":"s79lv","author_link":"https:\/\/negative.eco\/fr\/author\/s79lv\/"},"comment_info":0,"_links":{"self":[{"href":"https:\/\/negative.eco\/fr\/wp-json\/wp\/v2\/pages\/1180","targetHints":{"allow":["GET"]}}],"collection":[{"href":"https:\/\/negative.eco\/fr\/wp-json\/wp\/v2\/pages"}],"about":[{"href":"https:\/\/negative.eco\/fr\/wp-json\/wp\/v2\/types\/page"}],"author":[{"embeddable":true,"href":"https:\/\/negative.eco\/fr\/wp-json\/wp\/v2\/users\/1"}],"replies":[{"embeddable":true,"href":"https:\/\/negative.eco\/fr\/wp-json\/wp\/v2\/comments?post=1180"}],"version-history":[{"count":3,"href":"https:\/\/negative.eco\/fr\/wp-json\/wp\/v2\/pages\/1180\/revisions"}],"predecessor-version":[{"id":1650,"href":"https:\/\/negative.eco\/fr\/wp-json\/wp\/v2\/pages\/1180\/revisions\/1650"}],"wp:attachment":[{"href":"https:\/\/negative.eco\/fr\/wp-json\/wp\/v2\/media?parent=1180"}],"curies":[{"name":"wp","href":"https:\/\/api.w.org\/{rel}","templated":true}]}}