{"id":1179,"date":"2022-03-09T08:55:59","date_gmt":"2022-03-09T08:55:59","guid":{"rendered":"https:\/\/negative.eco\/?page_id=1179"},"modified":"2022-06-20T10:10:38","modified_gmt":"2022-06-20T10:10:38","slug":"terms","status":"publish","type":"page","link":"https:\/\/negative.eco\/fr\/conditions\/","title":{"rendered":"Conditions d'utilisation"},"content":{"rendered":"<p>1 APPLICATION DES TERMES<\/p>\n\n\n\n<p>1.1 Les pr\u00e9sentes conditions s'appliquent \u00e0 votre utilisation du site Web. En acc\u00e9dant au site Web et en l'utilisant :<\/p>\n\n\n\n<p>a vous acceptez les pr\u00e9sentes conditions ; et<\/p>\n\n\n\n<p>b lorsque votre acc\u00e8s et votre utilisation se font au nom d'une autre personne (par exemple, une soci\u00e9t\u00e9), vous confirmez que vous \u00eates autoris\u00e9 \u00e0 accepter les pr\u00e9sentes conditions au nom de cette personne et que, en acceptant les pr\u00e9sentes conditions au nom de cette personne, cette derni\u00e8re est li\u00e9e par les pr\u00e9sentes conditions.<\/p>\n\n\n\n<p>1.2 Si vous n'acceptez pas les pr\u00e9sentes conditions, vous n'\u00eates pas autoris\u00e9 \u00e0 acc\u00e9der au site web et \u00e0 l'utiliser, et vous devez imm\u00e9diatement cesser de le faire.<\/p>\n\n\n\n<p>2 CHANGEMENTS<\/p>\n\n\n\n<p>2.1 Nous pouvons modifier les pr\u00e9sentes conditions \u00e0 tout moment en les mettant \u00e0 jour sur le site Web. Sauf indication contraire, toute modification prend effet imm\u00e9diatement. Il vous incombe de vous familiariser avec les derni\u00e8res Conditions. En continuant \u00e0 acc\u00e9der au site Web et \u00e0 l'utiliser, vous acceptez d'\u00eatre li\u00e9 par les conditions modifi\u00e9es.<\/p>\n\n\n\n<p>2.2 Nous pouvons modifier, suspendre, interrompre ou restreindre l'acc\u00e8s au site Web sans pr\u00e9avis ni responsabilit\u00e9.<\/p>\n\n\n\n<p>2.3 Les pr\u00e9sentes conditions ont \u00e9t\u00e9 mises \u00e0 jour pour la derni\u00e8re fois le 19 septembre 2021.<\/p>\n\n\n\n<p>3 D\u00c9FINITIONS<\/p>\n\n\n\n<p>Dans ces conditions :<\/p>\n\n\n\n<p>y compris et les mots similaires n'impliquent aucune limite<\/p>\n\n\n\n<p>La perte comprend la perte de b\u00e9n\u00e9fices, d'\u00e9conomies, de revenus ou de donn\u00e9es, et toute autre r\u00e9clamation, dommage, perte, responsabilit\u00e9 et co\u00fbt, y compris les frais juridiques sur la base d'un avocat et de son propre client.<\/p>\n\n\n\n<p>informations personnelles : les informations concernant une personne vivante et identifiable, y compris les donn\u00e9es personnelles, les informations permettant d'identifier une personne et les informations \u00e9quivalentes en vertu des lois applicables en mati\u00e8re de protection de la vie priv\u00e9e et des donn\u00e9es.<\/p>\n\n\n\n<p>La politique de confidentialit\u00e9 signifie https:\/\/negative.eco\/privacy<\/p>\n\n\n\n<p>Conditions d\u00e9signe les pr\u00e9sentes conditions g\u00e9n\u00e9rales intitul\u00e9es \"Conditions d'utilisation du site web\".<\/p>\n\n\n\n<p>Syst\u00e8me sous-jacent : tout r\u00e9seau, syst\u00e8me, logiciel, donn\u00e9es ou mat\u00e9riel qui sous-tend ou est connect\u00e9 au site Web.<\/p>\n\n\n\n<p>L'ID utilisateur est un nom et\/ou un mot de passe unique qui vous est attribu\u00e9 pour vous permettre d'acc\u00e9der \u00e0 certaines parties du site Web.<\/p>\n\n\n\n<p>Nous, notre ou nos signifie Negative Pte Ltd.<\/p>\n\n\n\n<p>Le site web signifie https:\/\/negative.eco<\/p>\n\n\n\n<p>Vous signifie vous ou, si la clause 1.1b s'applique, vous et l'autre personne pour le compte de laquelle vous agissez.<\/p>\n\n\n\n<p>4 VOS OBLIGATIONS<\/p>\n\n\n\n<p>4.1 Vous devez fournir des informations v\u00e9ridiques, actuelles et compl\u00e8tes dans le cadre de vos relations avec nous (y compris lors de la cr\u00e9ation d'un compte), et vous devez rapidement mettre \u00e0 jour ces informations, le cas \u00e9ch\u00e9ant, afin qu'elles restent v\u00e9ridiques, actuelles et compl\u00e8tes.<\/p>\n\n\n\n<p>4.2 Si un identifiant vous est attribu\u00e9, vous devez le conserver en toute s\u00e9curit\u00e9 et :<\/p>\n\n\n\n<p>a ne pas permettre \u00e0 une autre personne d'utiliser votre code d'utilisateur, y compris ne pas le divulguer ou le fournir \u00e0 une autre personne ; et<\/p>\n\n\n\n<p>b nous informer imm\u00e9diatement si vous avez connaissance d'une divulgation ou d'une utilisation non autoris\u00e9e de votre ID utilisateur, en envoyant un courriel \u00e0 hello@negative.eco.<\/p>\n\n\n\n<p>4.3 Vous devez :<\/p>\n\n\n\n<p>a ne pas agir d'une mani\u00e8re, ni utiliser ou introduire quoi que ce soit (y compris un virus, un ver, un cheval de Troie, une bombe \u00e0 retardement, un enregistreur de frappe, un logiciel espion ou toute autre fonction similaire) qui compromette ou puisse compromettre de quelque mani\u00e8re que ce soit le site Web ou tout syst\u00e8me sous-jacent, ni tenter d'endommager ou d'interf\u00e9rer avec le site Web ou tout syst\u00e8me sous-jacent<\/p>\n\n\n\n<p>b sauf accord de notre part, acc\u00e9der au site Web uniquement par le biais de navigateurs Web standard et non par une autre m\u00e9thode. Les autres m\u00e9thodes comprennent le grattage, les liens profonds, la r\u00e9colte, l'exploration de donn\u00e9es, l'utilisation d'un robot ou d'une araign\u00e9e, l'automatisation ou toute autre m\u00e9thode similaire de collecte, d'extraction ou de surveillance des donn\u00e9es.<\/p>\n\n\n\n<p>4.4 Vous devez obtenir notre autorisation \u00e9crite pour \u00e9tablir un lien vers notre site Web. Si vous souhaitez le faire, envoyez votre demande par courrier \u00e9lectronique \u00e0 hello@negative.eco.<\/p>\n\n\n\n<p>4.5 Vous nous indemnisez de toute perte que nous subissons ou encourons en cons\u00e9quence directe ou indirecte de votre manquement aux pr\u00e9sentes conditions, y compris tout manquement d'une personne qui acc\u00e8de \u00e0 notre site Web et l'utilise en utilisant votre ID utilisateur.<\/p>\n\n\n\n<p>5 PROPRI\u00c9T\u00c9 INTELLECTUELLE<\/p>\n\n\n\n<p>Nous (et nos conc\u00e9dants de licence) poss\u00e9dons tous les droits de propri\u00e9t\u00e9 et de propri\u00e9t\u00e9 intellectuelle du site Web (y compris toutes les informations, donn\u00e9es, textes, graphiques, illustrations, photographies, logos, ic\u00f4nes, enregistrements sonores, vid\u00e9os et apparence) et des syst\u00e8mes sous-jacents.<\/p>\n\n\n\n<p>6 CLAUSES DE NON-RESPONSABILIT\u00c9<\/p>\n\n\n\n<p>6.1 Dans la mesure permise par la loi, nous et nos conc\u00e9dants de licence n'avons aucune responsabilit\u00e9 envers vous ou toute autre personne pour toute Perte en rapport avec :<\/p>\n\n\n\n<p>a le site web \u00e9tant indisponible (en tout ou en partie) ou fonctionnant lentement ;<\/p>\n\n\n\n<p>b toute erreur ou omission dans les informations disponibles sur le site web ;<\/p>\n\n\n\n<p>c toute exposition \u00e0 des virus ou \u00e0 d'autres formes d'interf\u00e9rence susceptibles d'endommager votre syst\u00e8me informatique ou de vous exposer \u00e0 la fraude lorsque vous acc\u00e9dez au site Web ou l'utilisez. Afin d'\u00e9viter tout doute, il vous incombe de veiller \u00e0 ce que le processus par lequel vous acc\u00e9dez au site Web et l'utilisez vous prot\u00e8ge contre ces risques ; et<\/p>\n\n\n\n<p>d tout site li\u00e9 au site Web. Tout lien sur le site Web vers d'autres sites n'implique aucune approbation ou recommandation de ces sites ou de leur contenu, de leurs op\u00e9rations, de leurs produits ou de leurs op\u00e9rateurs, ni aucune responsabilit\u00e9 \u00e0 leur \u00e9gard.<\/p>\n\n\n\n<p>6.2 Nous ne faisons aucune d\u00e9claration et ne donnons aucune garantie quant au fait que le site Web est appropri\u00e9 ou disponible pour une utilisation dans tous les pays ou que son contenu est conforme aux lois de tous les pays. Il vous incombe de vous assurer que votre acc\u00e8s au site Web et son utilisation ne sont pas ill\u00e9gaux ou interdits, et de vous conformer aux lois locales applicables.<\/p>\n\n\n\n<p>7 RESPONSABILIT\u00c9<\/p>\n\n\n\n<p>7.1 Dans la mesure maximale autoris\u00e9e par la loi :<\/p>\n\n\n\n<p>a vous acc\u00e9dez au site Web et l'utilisez \u00e0 vos propres risques ; et<\/p>\n\n\n\n<p>b nous ne sommes pas responsables envers vous ou toute autre personne pour toute Perte en vertu de ou en relation avec ces Conditions, le Site Internet, ou votre acc\u00e8s et utilisation (ou l'impossibilit\u00e9 d'acc\u00e9der ou d'utiliser) le Site Internet. Cette exclusion s'applique ind\u00e9pendamment du fait que notre responsabilit\u00e9 ou notre obligation d\u00e9coule d'un contrat, d'un d\u00e9lit (y compris la n\u00e9gligence), de l'\u00e9quit\u00e9, de la violation d'une obligation l\u00e9gale ou autre.<\/p>\n\n\n\n<p>7.2 Sauf dans la mesure o\u00f9 la loi l'autorise, aucune disposition des pr\u00e9sentes Conditions n'a pour effet d'exclure toute loi applicable en mati\u00e8re de protection des consommateurs qui ne peut \u00eatre exclue. Dans la mesure o\u00f9 notre responsabilit\u00e9 ne peut \u00eatre exclue mais peut \u00eatre limit\u00e9e, notre responsabilit\u00e9 est limit\u00e9e \u00e0 100 SGD.<\/p>\n\n\n\n<p>7.3 Dans la mesure maximale autoris\u00e9e par la loi et uniquement dans la mesure o\u00f9 les clauses 7.1 et 7.2 des pr\u00e9sentes Conditions ne s'appliquent pas, notre responsabilit\u00e9 totale \u00e0 votre \u00e9gard en vertu des pr\u00e9sentes Conditions, ou en relation avec le Site Internet, ou votre acc\u00e8s et votre utilisation (ou votre incapacit\u00e9 \u00e0 acc\u00e9der ou \u00e0 utiliser) le Site Internet, ne doit pas d\u00e9passer 100 SGD.<\/p>\n\n\n\n<p>8 POLITIQUE DE CONFIDENTIALIT\u00c9<\/p>\n\n\n\n<p>8.1 Vous n'\u00eates pas tenu de nous fournir des informations personnelles, bien que dans certains cas, si vous choisissez de ne pas le faire, nous ne serons pas en mesure de mettre certaines sections du site Web \u00e0 votre disposition. Par exemple, nous pouvons avoir besoin de vos coordonn\u00e9es pour vous fournir des mises \u00e0 jour de notre site Web.<\/p>\n\n\n\n<p>8.2 Lorsque vous nous fournissez des informations personnelles, nous nous conformons aux lois applicables en mati\u00e8re de confidentialit\u00e9 et de protection des donn\u00e9es.<\/p>\n\n\n\n<p>8.3 Les informations personnelles que vous nous fournissez (y compris toute information fournie si vous vous enregistrez pour un compte) sont collect\u00e9es et peuvent \u00eatre utilis\u00e9es pour communiquer avec vous, pour des analyses statistiques, pour la commercialisation par nous de produits et de services \u00e0 votre intention, pour des v\u00e9rifications de cr\u00e9dit (si n\u00e9cessaire), et pour la recherche et le d\u00e9veloppement.<\/p>\n\n\n\n<p>8.4 Nous pouvons \u00e9galement recueillir des informations techniques chaque fois que vous vous connectez \u00e0 notre site Web ou que vous visitez la version publique de celui-ci. Il peut s'agir d'informations sur la mani\u00e8re dont les utilisateurs arrivent sur notre site Web, y naviguent et interagissent avec lui. Nous pouvons recueillir ce type d'informations techniques en utilisant des cookies et d'autres moyens. Les cookies sont des identifiants alphanum\u00e9riques que nous transf\u00e9rons sur le disque dur de votre ordinateur pour permettre \u00e0 nos syst\u00e8mes de reconna\u00eetre votre navigateur. Si vous souhaitez d\u00e9sactiver les cookies, vous pouvez le faire en modifiant les param\u00e8tres de votre navigateur. Toutefois, si vous le faites, il se peut que vous ne puissiez pas utiliser toutes les fonctions du site web. Nous utilisons les informations techniques que nous recueillons pour mieux comprendre la fa\u00e7on dont les gens utilisent notre site web, pour am\u00e9liorer son fonctionnement et pour le personnaliser afin qu'il soit plus pertinent et plus utile pour vos besoins particuliers. Nous pouvons \u00e9galement utiliser ces informations pour rendre les publicit\u00e9s que nous affichons sur le site Web plus personnalis\u00e9es et plus adapt\u00e9es \u00e0 vos int\u00e9r\u00eats.<\/p>\n\n\n\n<p>8.5 En g\u00e9n\u00e9ral, nous ne divulguons pas d'informations personnelles \u00e0 des tiers pour qu'ils les utilisent \u00e0 leurs propres fins. Toutefois, nous pouvons le faire dans certaines circonstances :<\/p>\n\n\n\n<p>a aux prestataires de services et autres personnes travaillant avec nous pour rendre le site web disponible ou am\u00e9liorer ou d\u00e9velopper ses fonctionnalit\u00e9s (par exemple, nous pouvons faire appel \u00e0 un fournisseur tiers pour h\u00e9berger le site web) ;<\/p>\n\n\n\n<p>b en relation avec la proposition d'achat ou d'acquisition de nos activit\u00e9s ou de nos actifs ; ou<\/p>\n\n\n\n<p>c lorsque la loi applicable ou un tribunal l'exige, ou en r\u00e9ponse \u00e0 une demande l\u00e9gitime d'un organisme charg\u00e9 de l'application de la loi.<\/p>\n\n\n\n<p>8.6 Toutes les informations personnelles que vous nous fournissez peuvent \u00eatre stock\u00e9es sur les serveurs s\u00e9curis\u00e9s de nos fournisseurs de services de confiance, qui peuvent \u00eatre situ\u00e9s en dehors de Singapour. Cela peut impliquer le transfert de vos informations personnelles vers des pays dont la protection juridique des informations personnelles est inf\u00e9rieure \u00e0 celle de Singapour.<\/p>\n\n\n\n<p>8.7 Vous avez le droit de demander l'acc\u00e8s et la correction de toute information personnelle que nous d\u00e9tenons \u00e0 votre sujet. Si vous souhaitez exercer ces droits, veuillez nous envoyer un courriel \u00e0 hello@negative.eco.<\/p>\n\n\n\n<p>8.8 En cas de conflit entre les termes, conditions et dispositions de cette section et les termes, conditions et dispositions de notre politique de confidentialit\u00e9, les termes, conditions et dispositions de notre politique de confidentialit\u00e9 pr\u00e9vaudront et auront la priorit\u00e9.<\/p>\n\n\n\n<p>9 SUSPENSION SUSPENSION ET R\u00c9S R\u00c9SILIATION<\/p>\n\n\n\n<p>9.1 Sans pr\u00e9judice de tout autre droit ou recours dont nous disposons, si nous consid\u00e9rons que vous avez enfreint les pr\u00e9sentes Conditions ou si nous le jugeons appropri\u00e9, nous pouvons imm\u00e9diatement, et sans pr\u00e9avis, suspendre ou r\u00e9silier votre acc\u00e8s au Site Internet (ou \u00e0 toute partie de celui-ci).<\/p>\n\n\n\n<p>9.2 En cas de suspension ou de r\u00e9siliation, vous devez imm\u00e9diatement cesser d'utiliser le site Web et ne pas tenter d'y acc\u00e9der \u00e0 nouveau.<\/p>\n\n\n\n<p>10 G\u00c9N\u00c9RALIT\u00c9S<\/p>\n\n\n\n<p>10.1 Si nous devons vous contacter, nous pouvons le faire par e-mail ou en publiant un avis sur le site Web. Vous convenez que cela satisfait \u00e0 toutes les exigences l\u00e9gales en mati\u00e8re de communications \u00e9crites.<\/p>\n\n\n\n<p>10.2 Les pr\u00e9sentes Conditions, ainsi que tout litige li\u00e9 aux pr\u00e9sentes Conditions ou au Site Internet, sont r\u00e9gis par la loi de Singapour et doivent \u00eatre interpr\u00e9t\u00e9s conform\u00e9ment \u00e0 celle-ci. Chaque partie se soumet \u00e0 la juridiction non exclusive des tribunaux de Singapour en ce qui concerne tout litige li\u00e9 aux pr\u00e9sentes conditions ou au site Web.<\/p>\n\n\n\n<p>10.3 Pour que nous puissions renoncer \u00e0 un droit en vertu des pr\u00e9sentes conditions, la renonciation doit \u00eatre faite par \u00e9crit.<\/p>\n\n\n\n<p>10.4 Les clauses qui, par leur nature, sont destin\u00e9es \u00e0 survivre \u00e0 la r\u00e9siliation des pr\u00e9sentes Conditions, y compris les clauses 4.5, 5, 6, 7 et 10.1, restent en vigueur.<\/p>\n\n\n\n<p>10.5 Si une partie ou une disposition des pr\u00e9sentes Conditions est ou devient ill\u00e9gale, inapplicable ou invalide, cette partie ou disposition est r\u00e9put\u00e9e modifi\u00e9e dans la mesure n\u00e9cessaire pour rem\u00e9dier \u00e0 l'ill\u00e9galit\u00e9, l'inapplicabilit\u00e9 ou l'invalidit\u00e9. Si une modification n'est pas possible, la partie ou la disposition doit \u00eatre consid\u00e9r\u00e9e \u00e0 toutes fins utiles comme s\u00e9par\u00e9e des pr\u00e9sentes Conditions. Le reste des pr\u00e9sentes conditions vous engage.<\/p>\n\n\n\n<p>10.6 Les pr\u00e9sentes Conditions d\u00e9finissent tout ce qui a \u00e9t\u00e9 convenu par les parties concernant votre utilisation du Site Internet et remplacent et annulent tout ce qui a \u00e9t\u00e9 discut\u00e9, \u00e9chang\u00e9 ou convenu avant que vous n'acceptiez les pr\u00e9sentes Conditions. Les parties ne se sont appuy\u00e9es sur aucune repr\u00e9sentation, garantie ou accord relatif au site Web qui n'est pas express\u00e9ment \u00e9nonc\u00e9 dans les conditions, et aucune repr\u00e9sentation, garantie ou accord n'a d'effet \u00e0 partir de la date \u00e0 laquelle vous avez accept\u00e9 ces conditions.<\/p>","protected":false},"excerpt":{"rendered":"<p>1 APPLICATION DES CONDITIONS 1.1 Les pr\u00e9sentes conditions s'appliquent \u00e0 votre utilisation du site Web. En acc\u00e9dant au site Web et en l'utilisant : a) vous acceptez les pr\u00e9sentes conditions ; et b) lorsque vous acc\u00e9dez au site Web et l'utilisez au nom d'une autre personne (par exemple, une soci\u00e9t\u00e9), vous confirmez que vous \u00eates autoris\u00e9 \u00e0, et que vous acceptez effectivement de...<\/p>","protected":false},"author":1,"featured_media":0,"parent":0,"menu_order":0,"comment_status":"closed","ping_status":"closed","template":"","meta":{"_kad_blocks_custom_css":"","_kad_blocks_head_custom_js":"","_kad_blocks_body_custom_js":"","_kad_blocks_footer_custom_js":"","_kadence_starter_templates_imported_post":false,"_kad_post_transparent":"","_kad_post_title":"","_kad_post_layout":"","_kad_post_sidebar_id":"","_kad_post_content_style":"","_kad_post_vertical_padding":"","_kad_post_feature":"","_kad_post_feature_position":"","_kad_post_header":false,"_kad_post_footer":false,"footnotes":""},"class_list":["post-1179","page","type-page","status-publish","hentry"],"taxonomy_info":[],"featured_image_src_large":false,"author_info":{"display_name":"s79lv","author_link":"https:\/\/negative.eco\/fr\/author\/s79lv\/"},"comment_info":0,"_links":{"self":[{"href":"https:\/\/negative.eco\/fr\/wp-json\/wp\/v2\/pages\/1179","targetHints":{"allow":["GET"]}}],"collection":[{"href":"https:\/\/negative.eco\/fr\/wp-json\/wp\/v2\/pages"}],"about":[{"href":"https:\/\/negative.eco\/fr\/wp-json\/wp\/v2\/types\/page"}],"author":[{"embeddable":true,"href":"https:\/\/negative.eco\/fr\/wp-json\/wp\/v2\/users\/1"}],"replies":[{"embeddable":true,"href":"https:\/\/negative.eco\/fr\/wp-json\/wp\/v2\/comments?post=1179"}],"version-history":[{"count":2,"href":"https:\/\/negative.eco\/fr\/wp-json\/wp\/v2\/pages\/1179\/revisions"}],"predecessor-version":[{"id":1651,"href":"https:\/\/negative.eco\/fr\/wp-json\/wp\/v2\/pages\/1179\/revisions\/1651"}],"wp:attachment":[{"href":"https:\/\/negative.eco\/fr\/wp-json\/wp\/v2\/media?parent=1179"}],"curies":[{"name":"wp","href":"https:\/\/api.w.org\/{rel}","templated":true}]}}