{"id":1180,"date":"2022-03-09T08:55:59","date_gmt":"2022-03-09T08:55:59","guid":{"rendered":"https:\/\/negative.eco\/?page_id=1180"},"modified":"2022-06-20T10:05:53","modified_gmt":"2022-06-20T10:05:53","slug":"privacy","status":"publish","type":"page","link":"https:\/\/negative.eco\/es\/privacidad\/","title":{"rendered":"Pol\u00edtica de privacidad"},"content":{"rendered":"<p>Esta pol\u00edtica establece:<\/p>\n\n\n\n<p>(1) la informaci\u00f3n que recopilamos sobre usted cuando visita nuestro sitio web, utiliza nuestros productos o servicios, o interact\u00faa con nosotros de otro modo;<\/p>\n\n\n\n<p>(2) c\u00f3mo utilizamos, compartimos, almacenamos y protegemos la informaci\u00f3n; y<\/p>\n\n\n\n<p>(3) c\u00f3mo puede acceder y controlar la informaci\u00f3n.<\/p>\n\n\n\n<p>En esta pol\u00edtica, \"Negative\" o \"nosotros\" se refiere a Negative Pte Ltd de 7 Temasek Boulevard (junto con nuestro holding) y \"Plataforma\" significa nuestro sitio web en https:\/\/negative.eco y nuestro software, a saber, Negtive.<\/p>\n\n\n\n<p>En esta pol\u00edtica, la \"informaci\u00f3n personal\" se refiere a cualquier dato, informaci\u00f3n o combinaci\u00f3n de datos e informaci\u00f3n que usted nos proporciona, o a trav\u00e9s de su uso de nuestros productos o servicios, que se relaciona con un individuo identificable.<\/p>\n\n\n\n<p><strong>1. QU\u00c9 INFORMACI\u00d3N RECOPILAMOS SOBRE USTED<\/strong><\/p>\n\n\n\n<p>1.1 Recogemos los siguientes tipos de informaci\u00f3n sobre usted:<\/p>\n\n\n\n<p>(a) la informaci\u00f3n de la cuenta y del perfil que usted proporciona cuando se registra en una cuenta o se suscribe a nuestros productos o servicios, por ejemplo, su nombre, direcci\u00f3n de correo electr\u00f3nico y otra informaci\u00f3n personal que usted ofrece de vez en cuando para calcular la huella de carbono (colectivamente, \"Datos de la cuenta\");<\/p>\n\n\n\n<p>(b) la informaci\u00f3n que proporcione a trav\u00e9s de los canales de asistencia, por ejemplo, cuando nos informe de un problema o interact\u00fae con nuestro equipo de asistencia, incluida cualquier informaci\u00f3n de contacto, documentaci\u00f3n o capturas de pantalla (colectivamente, \"Datos de asistencia\");<\/p>\n\n\n\n<p>(c) el contenido que usted proporciona a trav\u00e9s del uso de nuestros productos o servicios, por ejemplo, comentarios, chats, opiniones (colectivamente, \"Contenido del usuario\");<\/p>\n\n\n\n<p>(d) las preferencias de comunicaci\u00f3n, marketing y de otro tipo que establezca cuando configure su cuenta o perfil, o cuando participe en una encuesta o un cuestionario que le enviemos (colectivamente, \"Datos de preferencia\");<\/p>\n\n\n\n<p>(e) detalles de cualquier transacci\u00f3n, compra o pedido que haya realizado con nosotros (colectivamente, \"Datos de la transacci\u00f3n\");<\/p>\n\n\n\n<p>(f) informaci\u00f3n de pago, por ejemplo, la informaci\u00f3n de su instrumento de pago (colectivamente, \"Datos financieros\");<\/p>\n\n\n\n<p>(g) informaci\u00f3n sobre su dispositivo o conexi\u00f3n, por ejemplo, el tipo de navegador, el sistema operativo, la direcci\u00f3n del Protocolo de Internet (\"IP\") (un n\u00famero que se asigna autom\u00e1ticamente a su ordenador cuando utiliza Internet, y que puede variar de una sesi\u00f3n a otra), el nombre de dominio, y\/o un sello de fecha\/hora de su visita y la informaci\u00f3n que recopilamos a trav\u00e9s de las cookies y otras tecnolog\u00edas de recopilaci\u00f3n de datos (por favor, lea nuestra Pol\u00edtica de Cookies para m\u00e1s detalles) (colectivamente, \"Datos T\u00e9cnicos\")<\/p>\n\n\n\n<p>(h) Informaci\u00f3n sobre su uso o visita a nuestra Plataforma, por ejemplo, direcciones IP, tipo de navegador, proveedor de servicios de Internet (\"ISP\"), p\u00e1ginas de referencia\/salida, sistema operativo, sello de fecha\/hora, datos tecleados en el sitio y datos de seguimiento de clics (colectivamente, \"Datos de uso\").<\/p>\n\n\n\n<p>1.2 Recogemos la informaci\u00f3n anterior cuando usted nos la proporciona o cuando utiliza o visita nuestra Plataforma. Tambi\u00e9n podemos recibir informaci\u00f3n sobre usted de otras fuentes, incluyendo:<\/p>\n\n\n\n<p>(a) otros servicios vinculados a su cuenta; por ejemplo, si se registra o inicia sesi\u00f3n en su cuenta utilizando sus credenciales de Facebook o Google, recibimos su nombre y direcci\u00f3n de correo electr\u00f3nico para autenticarlo, seg\u00fan lo permita la configuraci\u00f3n de su perfil de Facebook o Google;<\/p>\n\n\n\n<p>1.3 No recogemos datos sensibles o de categor\u00eda especial sobre usted. Esto incluye detalles sobre su raza, origen \u00e9tnico, pol\u00edtica, religi\u00f3n, afiliaci\u00f3n sindical, gen\u00e9tica, biometr\u00eda, salud u orientaci\u00f3n sexual.<\/p>\n\n\n\n<p><strong>2. C\u00d3MO UTILIZAMOS LA INFORMACI\u00d3N QUE RECOGEMOS<\/strong><\/p>\n\n\n\n<p>2.1 S\u00f3lo utilizamos sus datos personales cuando la ley nos lo permite. S\u00f3lo utilizamos su informaci\u00f3n personal cuando:<\/p>\n\n\n\n<p>(a) necesitamos cumplir el contrato que hemos celebrado (o que vamos a celebrar) con usted, incluido el funcionamiento de nuestros productos o servicios, la prestaci\u00f3n de asistencia al cliente y las funciones personalizadas, y la protecci\u00f3n de la seguridad de nuestra Plataforma;<\/p>\n\n\n\n<p>(b) satisface un inter\u00e9s leg\u00edtimo en el que no prevalecen sus derechos fundamentales o los intereses de la protecci\u00f3n de datos, por ejemplo, para la investigaci\u00f3n y el desarrollo, y para proteger nuestros derechos e intereses legales<\/p>\n\n\n\n<p>(c) nos ha dado su consentimiento para hacerlo con un prop\u00f3sito espec\u00edfico, por ejemplo, podemos enviarle materiales de marketing directo o publicar su informaci\u00f3n como parte de nuestros testimonios o historias de clientes para promocionar nuestros productos o servicios con su permiso; o<\/p>\n\n\n\n<p>(d) necesitamos cumplir con una obligaci\u00f3n legal o reglamentaria.<\/p>\n\n\n\n<p>2.2 Si nos ha dado su consentimiento para utilizar su informaci\u00f3n personal para un fin espec\u00edfico, tiene derecho a retirarlo en cualquier momento poni\u00e9ndose en contacto con nosotros (consulte el apartado 9. para obtener la informaci\u00f3n de contacto), pero tenga en cuenta que esto no afectar\u00e1 a ning\u00fan uso de su informaci\u00f3n que ya haya tenido lugar.<\/p>\n\n\n\n<p>2.3 No compartimos su informaci\u00f3n personal con ninguna empresa ajena a nuestro grupo con fines de marketing, a menos que contemos con su consentimiento expreso.<\/p>\n\n\n\n<p>2.4 Para los visitantes o usuarios de nuestra Plataforma que se encuentran en la Uni\u00f3n Europea, hemos establecido nuestras bases legales para el procesamiento de su informaci\u00f3n en la Tabla de Bases Legales al final de esta pol\u00edtica.<\/p>\n\n\n\n<p><strong>3. C\u00d3MO COMPARTIMOS LA INFORMACI\u00d3N QUE RECOPILAMOS<\/strong><\/p>\n\n\n\n<p>3.1 Compartimos informaci\u00f3n con otras empresas de nuestro grupo para operar nuestra Plataforma y para ofrecer y mejorar nuestros productos y servicios.<\/p>\n\n\n\n<p>3.2 Compartimos informaci\u00f3n con terceros que nos ayudan a operar, proporcionar, apoyar, mejorar y comercializar nuestros productos y servicios, por ejemplo, proveedores de servicios de terceros que proporcionan desarrollo de sitios web y aplicaciones, almacenamiento de datos y copias de seguridad, infraestructura, facturaci\u00f3n, procesamiento de pagos, atenci\u00f3n al cliente, an\u00e1lisis de negocios y otros servicios.<\/p>\n\n\n\n<p>3.3 Los terceros proveedores de servicios tienen acceso a su informaci\u00f3n personal s\u00f3lo con el fin de realizar sus servicios y en cumplimiento de las leyes y reglamentos aplicables. Exigimos a estos terceros proveedores de servicios que mantengan la confidencialidad y la seguridad de toda la informaci\u00f3n personal que procesen en nuestro nombre y que apliquen y mantengan medidas de seguridad razonables para proteger la confidencialidad, la integridad y la disponibilidad de su informaci\u00f3n personal.<\/p>\n\n\n\n<p>3.4 Tomamos medidas razonables para confirmar que todos los proveedores de servicios externos que contratamos procesan la informaci\u00f3n personal de manera que se proporcione al menos el mismo nivel de protecci\u00f3n que se ofrece en esta pol\u00edtica. Cuando un proveedor externo no pueda satisfacer nuestros requisitos, le pediremos que nos lo notifique inmediatamente y tomaremos medidas razonables para evitar o detener el procesamiento no conforme.<\/p>\n\n\n\n<p>3.5 Podemos compartir informaci\u00f3n personal de forma agregada o desidentificada con terceros para la investigaci\u00f3n y el an\u00e1lisis, la elaboraci\u00f3n de perfiles y fines similares para ayudarnos a mejorar nuestros productos y servicios.<\/p>\n\n\n\n<p>3.6 Si utiliza cualquier software de terceros en relaci\u00f3n con nuestros productos o servicios, por ejemplo, cualquier software de terceros con el que se integre nuestra Plataforma, podr\u00eda dar al proveedor de software de terceros acceso a su cuenta e informaci\u00f3n. Las pol\u00edticas y procedimientos de los proveedores de software de terceros no est\u00e1n controlados por nosotros, y esta pol\u00edtica no cubre la forma en que su informaci\u00f3n es recogida o utilizada por los proveedores de software de terceros. Le recomendamos que revise las pol\u00edticas de privacidad de los proveedores de software de terceros antes de utilizar el software de terceros.<\/p>\n\n\n\n<p>3.7 Nuestra Plataforma puede contener enlaces a sitios web de terceros sobre los que no tenemos control. Si usted sigue un enlace a cualquiera de estos sitios web o les env\u00eda informaci\u00f3n, su informaci\u00f3n se regir\u00e1 por sus pol\u00edticas. Le recomendamos que revise las pol\u00edticas de privacidad de los sitios web de terceros antes de enviarles informaci\u00f3n.<\/p>\n\n\n\n<p>3.8 Podemos compartir su informaci\u00f3n con funcionarios del gobierno y de las fuerzas del orden para cumplir con las leyes o reglamentos aplicables, por ejemplo, cuando respondemos a reclamaciones, procesos legales, aplicaci\u00f3n de la ley o solicitudes de seguridad nacional.<\/p>\n\n\n\n<p>3.9 Si somos adquiridos por un tercero como resultado de una fusi\u00f3n, adquisici\u00f3n o transferencia de negocios, su informaci\u00f3n personal puede ser revelada y\/o transferida a un tercero en relaci\u00f3n con dicha transacci\u00f3n. Le notificaremos si se produce dicha transacci\u00f3n y le informaremos de las opciones que pueda tener en relaci\u00f3n con su informaci\u00f3n.<br><br><strong>4. C\u00d3MO ALMACENAMOS Y PROTEGEMOS LA INFORMACI\u00d3N QUE RECOPILAMOS<\/strong><\/p>\n\n\n\n<p>4.1 Utilizamos proveedores de servicios de alojamiento de datos con sede en Australia, Bahrein, Brasil, Canad\u00e1, Alemania, Hong Kong, India, Irlanda, Italia, Jap\u00f3n, Corea, Singapur, Sud\u00e1frica, Suecia, Reino Unido y Estados Unidos (regiones de Amazon Web Services) para alojar la informaci\u00f3n que recopilamos.<\/p>\n\n\n\n<p>4.2 Hemos adoptado las siguientes medidas para proteger la seguridad e integridad de su informaci\u00f3n personal:<\/p>\n\n\n\n<p>(a) la informaci\u00f3n se encripta mediante la tecnolog\u00eda TLS\/SSL;<\/p>\n\n\n\n<p>(b) su cuenta est\u00e1 protegida por una contrase\u00f1a;<\/p>\n\n\n\n<p>(c) el acceso a su informaci\u00f3n personal est\u00e1 restringido al personal o a los proveedores de servicios en funci\u00f3n de lo estrictamente necesario, que s\u00f3lo tratar\u00e1n su informaci\u00f3n siguiendo nuestras instrucciones y que est\u00e1n sujetos a un deber de confidencialidad; y<\/p>\n\n\n\n<p>(d) nuestras pr\u00e1cticas de recogida, almacenamiento y tratamiento de la informaci\u00f3n se revisan peri\u00f3dicamente.<\/p>\n\n\n\n<p>4.3 Hemos establecido procedimientos para tratar cualquier sospecha de violaci\u00f3n de la privacidad y le notificaremos a usted y a cualquier regulador aplicable de una violaci\u00f3n cuando estemos legalmente obligados a hacerlo.<\/p>\n\n\n\n<p>4.4 Aunque aplicamos medidas de seguridad dise\u00f1adas para proteger su informaci\u00f3n, tenga en cuenta que ninguna transmisi\u00f3n de informaci\u00f3n en Internet es completamente segura. No podemos garantizar que su informaci\u00f3n, durante la transmisi\u00f3n a trav\u00e9s de Internet o mientras est\u00e9 almacenada en nuestros sistemas o sea procesada por nosotros, sea absolutamente segura.<\/p>\n\n\n\n<p>4.5 S\u00f3lo conservamos la informaci\u00f3n personal durante el tiempo que sea razonablemente necesario para cumplir con los fines para los que la hemos recogido, incluidos los fines de satisfacer cualquier requisito legal, contable o de informaci\u00f3n. Transcurrido ese tiempo, eliminaremos o anonimizaremos su informaci\u00f3n o, si esto no es posible, la almacenaremos de forma segura y la aislaremos para que no pueda ser utilizada posteriormente. Revisamos peri\u00f3dicamente la base y la idoneidad de nuestra pol\u00edtica de conservaci\u00f3n de datos.<\/p>\n\n\n\n<p><strong>5. C\u00d3MO TRANSFERIMOS LA INFORMACI\u00d3N A NIVEL INTERNACIONAL<\/strong><\/p>\n\n\n\n<p>5.1 Recogemos informaci\u00f3n en todo el mundo y almacenamos dicha informaci\u00f3n principalmente en Alemania, Australia, Bahr\u00e9in, Brasil, Canad\u00e1, Corea, Hong Kong, India, Irlanda, Italia, Jap\u00f3n, Reino Unido, Singapur, Sud\u00e1frica, Suecia y Estados Unidos (regiones de Amazon Web Services). Transferimos, procesamos y almacenamos su informaci\u00f3n fuera de su pa\u00eds de residencia donde nosotros o nuestros proveedores de servicios operan con el fin de proporcionarle nuestros productos y servicios.<\/p>\n\n\n\n<p>5.2 Es posible que algunos de los pa\u00edses en los que se encuentran nuestras empresas o proveedores de servicios no tengan leyes de privacidad y protecci\u00f3n de datos equivalentes a las de su pa\u00eds de residencia. Cuando compartimos informaci\u00f3n con estas empresas o proveedores de servicios, hacemos uso de cl\u00e1usulas contractuales, normas corporativas y otros mecanismos adecuados para salvaguardar la transferencia de informaci\u00f3n.<\/p>\n\n\n\n<p><strong>6. SUS DERECHOS<\/strong><\/p>\n\n\n\n<p>6.1 Usted tiene derecho a:<\/p>\n\n\n\n<p>(a) estar informado de lo que hacemos con sus datos personales;<\/p>\n\n\n\n<p>(b) solicitar una copia de la informaci\u00f3n personal que tenemos sobre usted;<\/p>\n\n\n\n<p>(c) exigirnos que corrijamos cualquier inexactitud o error en cualquier informaci\u00f3n personal que tengamos sobre usted;<\/p>\n\n\n\n<p>(d) solicitar la supresi\u00f3n de sus datos personales (tenga en cuenta, no obstante, que no siempre podremos atender su solicitud de supresi\u00f3n por motivos de mantenimiento de registros, para completar transacciones o para cumplir con nuestras obligaciones legales);<\/p>\n\n\n\n<p>(e) oponerse o restringir el tratamiento por nuestra parte de su informaci\u00f3n personal (incluso con fines de marketing);<\/p>\n\n\n\n<p>(f) solicitar recibir parte de su informaci\u00f3n personal en un formato estructurado, de uso com\u00fan y legible por m\u00e1quina, y solicitar que transfiramos dicha informaci\u00f3n a otra parte; y<\/p>\n\n\n\n<p>(g) retirar su consentimiento en cualquier momento cuando nos basemos en \u00e9l para procesar su informaci\u00f3n personal (aunque esto no afectar\u00e1 a la legalidad de cualquier procesamiento realizado antes de que usted retire su consentimiento). &nbsp;<\/p>\n\n\n\n<p>6.2 Nuestra Plataforma le permite actualizar cierta informaci\u00f3n sobre usted, por ejemplo, actualizando su perfil de usuario o cambiando la configuraci\u00f3n.<\/p>\n\n\n\n<p>6.3 Usted puede optar por no recibir materiales de marketing de nosotros utilizando el enlace de cancelaci\u00f3n de la suscripci\u00f3n en nuestras comunicaciones, actualizando sus preferencias dentro de su cuenta en nuestra Plataforma, o poni\u00e9ndose en contacto con nosotros. Sin embargo, tenga en cuenta que, incluso si opta por no recibir materiales de marketing de nosotros, seguir\u00e1 recibiendo notificaciones o informaci\u00f3n de nosotros que son necesarias para el uso de nuestros productos o servicios.<\/p>\n\n\n\n<p>6.4 Como medida de seguridad, podemos necesitar informaci\u00f3n espec\u00edfica de usted para ayudarnos a confirmar su identidad al procesar sus solicitudes de privacidad o cuando ejerce sus derechos.<br><br>6.5 Normalmente, toda solicitud realizada en virtud del apartado 6.1 ser\u00e1 atendida de forma gratuita. No obstante, podremos cobrar una tasa administrativa razonable si su solicitud es claramente infundada, repetitiva o excesiva.<\/p>\n\n\n\n<p>6.6 Responderemos a todas las solicitudes leg\u00edtimas en el plazo de un (1) mes. Ocasionalmente, podemos tardar m\u00e1s de un mes si su solicitud es especialmente compleja o si ha hecho varias solicitudes.<\/p>\n\n\n\n<p><strong>7. CAMBIOS EN ESTA POL\u00cdTICA<\/strong><\/p>\n\n\n\n<p>Podemos modificar esta pol\u00edtica de vez en cuando publicando la pol\u00edtica actualizada en nuestra Plataforma. Al continuar utilizando nuestra Plataforma despu\u00e9s de que los cambios entren en vigor, usted acepta estar obligado por la pol\u00edtica revisada.<\/p>\n\n\n\n<p><strong>8. POL\u00cdTICA CON RESPECTO A LOS NI\u00d1OS<\/strong><\/p>\n\n\n\n<p>Nuestros productos y servicios no est\u00e1n dirigidos a personas menores de 16 a\u00f1os. No recopilamos conscientemente informaci\u00f3n personal de personas menores de 16 a\u00f1os. Si tenemos conocimiento de que una persona menor de 16 a\u00f1os nos ha proporcionado informaci\u00f3n personal, tomaremos medidas para eliminar dicha informaci\u00f3n. P\u00f3ngase en contacto con nosotros si cree que hemos recopilado por error o sin intenci\u00f3n informaci\u00f3n de una persona menor de 16 a\u00f1os.<\/p>\n\n\n\n<p><strong>9. CONTACTO<\/strong><\/p>\n\n\n\n<p>9.1 P\u00f3ngase en contacto con nosotros en hello@negative.eco o env\u00ede cualquier solicitud por escrito a:<\/p>\n\n\n\n<p>Negative Pte Ltd<br>7 Temasek Boulevard<br>#12-07 Suntec Tower One<\/p>\n\n\n\n<p>9.2 Por favor, p\u00f3ngase en contacto con nosotros en primera instancia si tiene alguna pregunta o preocupaci\u00f3n. Si tiene dudas sin resolver, tiene derecho a presentar una reclamaci\u00f3n ante una autoridad de protecci\u00f3n de datos del pa\u00eds en el que vive o trabaja o en el que considera que se han vulnerado sus derechos.<\/p>\n\n\n\n<p>\u00daltima actualizaci\u00f3n: 13 de septiembre de 2021<\/p>\n\n\n\n<p><strong>POL\u00cdTICA DE COOKIES<\/strong><\/p>\n\n\n\n<p>Las cookies son peque\u00f1os archivos de texto que un servidor web coloca en su dispositivo cuando usted accede a nuestra Plataforma. Utilizamos las cookies para identificar su acceso y controlar el uso y el tr\u00e1fico web en nuestra Plataforma para personalizar y mejorar nuestros productos y servicios.<\/p>\n\n\n\n<p>Utilizamos tanto cookies persistentes como de sesi\u00f3n. Una cookie persistente permanece en su navegador y ser\u00e1 le\u00edda por nosotros cuando vuelva a nuestro sitio o a un sitio asociado que utilice nuestros servicios. Las cookies de sesi\u00f3n s\u00f3lo duran lo que dura la sesi\u00f3n (normalmente la visita actual a un sitio web o una sesi\u00f3n del navegador).<\/p>\n\n\n\n<p>Utilizamos los siguientes tipos de cookies:<\/p>\n\n\n\n<p>(a) Cookies estrictamente necesarias: son cookies necesarias para el funcionamiento de nuestro sitio. Incluyen, por ejemplo, las cookies que le permiten iniciar sesi\u00f3n en \u00e1reas seguras de nuestro sitio web.<\/p>\n\n\n\n<p>Puede bloquear las cookies activando la configuraci\u00f3n de su navegador que le permite rechazar el uso de todas o algunas cookies. Sin embargo, si lo hace, es posible que no pueda acceder a todo o parte de nuestro sitio.<\/p>\n\n\n\n<p><strong>CUADRO DE BASES LEGALES<\/strong><\/p>\n\n\n\n<p>Finalidad del tratamiento (Tipo de datos tratados): Base jur\u00eddica<br>Datos de la cuenta (nombre, direcci\u00f3n de correo electr\u00f3nico, contrase\u00f1a y foto de perfil): Contrato<br>Datos de apoyo (solicitudes de apoyo): Intereses leg\u00edtimos<br>Contenido de los usuarios (comentarios, chats y rese\u00f1as): Consentimiento<br>Datos de preferencia (preferencias de comunicaci\u00f3n): Obligaci\u00f3n legal<br>Datos de las transacciones (pagos y compras): Contrato<br>Datos financieros (saldos): Obligaci\u00f3n legal<br>Datos t\u00e9cnicos (registros del servidor): Intereses leg\u00edtimos<br>Datos de uso (actividad del sitio y de la aplicaci\u00f3n): Intereses leg\u00edtimos<\/p>","protected":false},"excerpt":{"rendered":"<p>Esta pol\u00edtica establece: (1) la informaci\u00f3n que recopilamos sobre usted cuando visita nuestro sitio web, utiliza nuestros productos o servicios, o interact\u00faa de otro modo con nosotros; (2) c\u00f3mo utilizamos, compartimos, almacenamos y protegemos la informaci\u00f3n; y (3) c\u00f3mo puede acceder y controlar la informaci\u00f3n. En esta pol\u00edtica, \"Negativa\" o \"nosotros\" se refiere a Negativa...<\/p>","protected":false},"author":1,"featured_media":0,"parent":0,"menu_order":0,"comment_status":"closed","ping_status":"closed","template":"","meta":{"_kad_blocks_custom_css":"","_kad_blocks_head_custom_js":"","_kad_blocks_body_custom_js":"","_kad_blocks_footer_custom_js":"","_kadence_starter_templates_imported_post":false,"_kad_post_transparent":"","_kad_post_title":"","_kad_post_layout":"","_kad_post_sidebar_id":"","_kad_post_content_style":"","_kad_post_vertical_padding":"","_kad_post_feature":"","_kad_post_feature_position":"","_kad_post_header":false,"_kad_post_footer":false,"footnotes":""},"class_list":["post-1180","page","type-page","status-publish","hentry"],"taxonomy_info":[],"featured_image_src_large":false,"author_info":{"display_name":"s79lv","author_link":"https:\/\/negative.eco\/es\/author\/s79lv\/"},"comment_info":0,"_links":{"self":[{"href":"https:\/\/negative.eco\/es\/wp-json\/wp\/v2\/pages\/1180","targetHints":{"allow":["GET"]}}],"collection":[{"href":"https:\/\/negative.eco\/es\/wp-json\/wp\/v2\/pages"}],"about":[{"href":"https:\/\/negative.eco\/es\/wp-json\/wp\/v2\/types\/page"}],"author":[{"embeddable":true,"href":"https:\/\/negative.eco\/es\/wp-json\/wp\/v2\/users\/1"}],"replies":[{"embeddable":true,"href":"https:\/\/negative.eco\/es\/wp-json\/wp\/v2\/comments?post=1180"}],"version-history":[{"count":3,"href":"https:\/\/negative.eco\/es\/wp-json\/wp\/v2\/pages\/1180\/revisions"}],"predecessor-version":[{"id":1650,"href":"https:\/\/negative.eco\/es\/wp-json\/wp\/v2\/pages\/1180\/revisions\/1650"}],"wp:attachment":[{"href":"https:\/\/negative.eco\/es\/wp-json\/wp\/v2\/media?parent=1180"}],"curies":[{"name":"wp","href":"https:\/\/api.w.org\/{rel}","templated":true}]}}