{"id":1179,"date":"2022-03-09T08:55:59","date_gmt":"2022-03-09T08:55:59","guid":{"rendered":"https:\/\/negative.eco\/?page_id=1179"},"modified":"2022-06-20T10:10:38","modified_gmt":"2022-06-20T10:10:38","slug":"terms","status":"publish","type":"page","link":"https:\/\/negative.eco\/es\/terminos\/","title":{"rendered":"Condiciones de servicio"},"content":{"rendered":"<p>1 APLICACI\u00d3N DE LOS T\u00c9RMINOS<\/p>\n\n\n\n<p>1.1 Estas condiciones se aplican al uso que usted hace del sitio web. Al acceder y utilizar el Sitio Web:<\/p>\n\n\n\n<p>a usted acepta estas Condiciones; y<\/p>\n\n\n\n<p>b cuando su acceso y uso es en nombre de otra persona (por ejemplo, una empresa), usted confirma que est\u00e1 autorizado a, y de hecho, acepta estos T\u00e9rminos en nombre de esa persona y que, al aceptar estos T\u00e9rminos en nombre de esa persona, esa persona est\u00e1 obligada por estos T\u00e9rminos.<\/p>\n\n\n\n<p>1.2 Si no est\u00e1 de acuerdo con estas Condiciones, no est\u00e1 autorizado a acceder y utilizar el Sitio Web, y debe dejar de hacerlo inmediatamente.<\/p>\n\n\n\n<p>2 CAMBIOS<\/p>\n\n\n\n<p>2.1 Podemos modificar estas Condiciones en cualquier momento actualiz\u00e1ndolas en el sitio web. A menos que se indique lo contrario, cualquier cambio entrar\u00e1 en vigor inmediatamente. Usted es responsable de asegurarse de que est\u00e1 familiarizado con las \u00faltimas Condiciones. Al continuar accediendo y utilizando el Sitio Web, usted acepta quedar vinculado a las Condiciones modificadas.<\/p>\n\n\n\n<p>2.2 Podemos cambiar, suspender, interrumpir o restringir el acceso al sitio web sin previo aviso ni responsabilidad.<\/p>\n\n\n\n<p>2.3 Estas Condiciones fueron actualizadas por \u00faltima vez el 19 de septiembre de 2021.<\/p>\n\n\n\n<p>3 DEFINICIONES<\/p>\n\n\n\n<p>En estos T\u00e9rminos:<\/p>\n\n\n\n<p>incluyendo y palabras similares no implican ning\u00fan l\u00edmite<\/p>\n\n\n\n<p>Las p\u00e9rdidas incluyen la p\u00e9rdida de beneficios, ahorros, ingresos o datos, as\u00ed como cualquier otra reclamaci\u00f3n, da\u00f1o, p\u00e9rdida, responsabilidad y coste, incluidos los costes legales de un abogado y del propio cliente<\/p>\n\n\n\n<p>informaci\u00f3n personal: informaci\u00f3n sobre una persona viva e identificable, e incluye los datos personales, la informaci\u00f3n personalmente identificable y la informaci\u00f3n equivalente en virtud de la legislaci\u00f3n aplicable sobre privacidad y protecci\u00f3n de datos<\/p>\n\n\n\n<p>La pol\u00edtica de privacidad significa https:\/\/negative.eco\/privacy<\/p>\n\n\n\n<p>T\u00e9rminos significa estos t\u00e9rminos y condiciones titulados T\u00e9rminos de Uso del Sitio Web<\/p>\n\n\n\n<p>Sistema subyacente significa cualquier red, sistema, software, datos o material que subyace o est\u00e1 conectado al Sitio Web<\/p>\n\n\n\n<p>El ID de usuario es un nombre y\/o una contrase\u00f1a \u00fanicos que se le asignan para que pueda acceder a determinadas partes del sitio web<\/p>\n\n\n\n<p>Nosotros, nos o nuestro significa Negative Pte Ltd<\/p>\n\n\n\n<p>El sitio web significa https:\/\/negative.eco<\/p>\n\n\n\n<p>Usted se refiere a usted o, si se aplica la cl\u00e1usula 1.1b, tanto a usted como a la otra persona en cuyo nombre act\u00faa.<\/p>\n\n\n\n<p>4 SUS OBLIGACIONES<\/p>\n\n\n\n<p>4.1 Usted debe proporcionar informaci\u00f3n verdadera, actual y completa en sus relaciones con nosotros (incluso al crear una cuenta), y debe actualizar r\u00e1pidamente esa informaci\u00f3n seg\u00fan se requiera para que la informaci\u00f3n siga siendo verdadera, actual y completa.<\/p>\n\n\n\n<p>4.2 Si se le da un ID de usuario, debe mantener su ID de usuario seguro y:<\/p>\n\n\n\n<p>a no permitir que ninguna otra persona utilice su ID de usuario, lo que incluye no revelarlo ni proporcionarlo a ninguna otra persona; y<\/p>\n\n\n\n<p>b notificarnos inmediatamente si tiene conocimiento de cualquier divulgaci\u00f3n o uso no autorizado de su ID de usuario, enviando un correo electr\u00f3nico a hello@negative.eco<\/p>\n\n\n\n<p>4.3 Debe:<\/p>\n\n\n\n<p>a no actuar de una manera, o utilizar o introducir cualquier cosa (incluyendo cualquier virus, gusano, caballo de Troya, bomba de tiempo, registrador de pulsaciones de teclas, software esp\u00eda u otra caracter\u00edstica similar) que de alguna manera comprometa, o pueda comprometer, el sitio web o cualquier sistema subyacente, o que de otra manera intente da\u00f1ar o interferir con el sitio web o cualquier sistema subyacente; y<\/p>\n\n\n\n<p>b a menos que est\u00e9 de acuerdo con nosotros, acceder al sitio web \u00fanicamente a trav\u00e9s de navegadores web est\u00e1ndar y no por ning\u00fan otro m\u00e9todo. Otros m\u00e9todos incluyen el scraping, deep-linking, harvesting, data mining, el uso de un robot o spider, la automatizaci\u00f3n o cualquier m\u00e9todo similar de recogida, extracci\u00f3n o monitorizaci\u00f3n de datos.<\/p>\n\n\n\n<p>4.4 Debe obtener nuestra autorizaci\u00f3n por escrito para establecer un enlace a nuestro sitio web. Si desea hacerlo, env\u00ede su solicitud por correo electr\u00f3nico a hello@negative.eco.<\/p>\n\n\n\n<p>4.5 Usted nos indemniza por todas las p\u00e9rdidas que suframos o en las que incurramos como resultado directo o indirecto de su incumplimiento de estas Condiciones, incluido cualquier incumplimiento de una persona que acceda y utilice nuestro Sitio Web utilizando su ID de usuario.<\/p>\n\n\n\n<p>5 PROPIEDAD INTELECTUAL<\/p>\n\n\n\n<p>Nosotros (y nuestros licenciantes) somos los propietarios de todos los derechos de propiedad intelectual del Sitio Web (incluyendo toda la informaci\u00f3n, datos, textos, gr\u00e1ficos, ilustraciones, fotograf\u00edas, logotipos, iconos, grabaciones de sonido, v\u00eddeos y apariencia), y los Sistemas Subyacentes.<\/p>\n\n\n\n<p>6 DESCARGO DE RESPONSABILIDAD<\/p>\n\n\n\n<p>6.1 En la medida en que lo permita la ley, nosotros y nuestros licenciantes no tenemos ninguna responsabilidad ante usted o cualquier otra persona por cualquier P\u00e9rdida en relaci\u00f3n con:<\/p>\n\n\n\n<p>a que el sitio web no est\u00e9 disponible (total o parcialmente) o funcione con lentitud;<\/p>\n\n\n\n<p>b cualquier error u omisi\u00f3n en cualquier informaci\u00f3n disponible a trav\u00e9s del sitio web;<\/p>\n\n\n\n<p>c cualquier exposici\u00f3n a virus u otras formas de interferencia que puedan da\u00f1ar su sistema inform\u00e1tico o exponerle a un fraude cuando acceda o utilice el Sitio Web. Para evitar dudas, usted es responsable de asegurarse de que el proceso por el que accede y utiliza el Sitio Web le protege de ello; y<\/p>\n\n\n\n<p>d cualquier sitio enlazado desde el Sitio Web. Cualquier enlace en el Sitio Web a otros sitios no implica ning\u00fan tipo de respaldo, aprobaci\u00f3n o recomendaci\u00f3n de, o responsabilidad por, esos sitios o sus contenidos, operaciones, productos u operadores.<\/p>\n\n\n\n<p>6.2 No declaramos ni garantizamos que el Sitio Web sea apropiado o est\u00e9 disponible para su uso en todos los pa\u00edses o que su contenido cumpla las leyes de todos los pa\u00edses. Usted es responsable de asegurarse de que su acceso y uso del Sitio Web no es ilegal o est\u00e1 prohibido, y de su propio cumplimiento de las leyes locales aplicables.<\/p>\n\n\n\n<p>7 RESPONSABILIDAD<\/p>\n\n\n\n<p>7.1 En la medida en que lo permita la ley:<\/p>\n\n\n\n<p>a usted accede y utiliza el sitio web bajo su propia responsabilidad; y<\/p>\n\n\n\n<p>b no somos responsables ante usted o cualquier otra persona por cualquier P\u00e9rdida bajo o en relaci\u00f3n con estos T\u00e9rminos, el Sitio Web, o su acceso y uso de (o incapacidad para acceder o utilizar) el Sitio Web. Esta exclusi\u00f3n se aplica independientemente de que nuestra responsabilidad se derive de un contrato, de un acto il\u00edcito (incluida la negligencia), de la equidad, del incumplimiento de una obligaci\u00f3n legal o de cualquier otra forma.<\/p>\n\n\n\n<p>7.2 Salvo en la medida en que lo permita la ley, nada de lo dispuesto en estas Condiciones tiene como efecto la exclusi\u00f3n de cualquier ley de protecci\u00f3n del consumidor aplicable que no pueda ser excluida. En la medida en que nuestra responsabilidad no pueda excluirse pero s\u00ed limitarse, nuestra responsabilidad se limita a 100 SGD.<\/p>\n\n\n\n<p>7.3 En la medida m\u00e1xima permitida por la ley y s\u00f3lo en la medida en que las cl\u00e1usulas 7.1 y 7.2 de estos T\u00e9rminos no sean aplicables, nuestra responsabilidad total hacia usted bajo o en relaci\u00f3n con estos T\u00e9rminos, o en relaci\u00f3n con el Sitio Web, o su acceso y uso de (o incapacidad para acceder o utilizar) el Sitio Web, no debe exceder de 100 SGD.<\/p>\n\n\n\n<p>8 POL\u00cdTICA DE PRIVACIDAD<\/p>\n\n\n\n<p>8.1 No es necesario que nos proporcione informaci\u00f3n personal, aunque en algunos casos, si decide no hacerlo, no podremos poner a su disposici\u00f3n determinadas secciones del sitio web. Por ejemplo, es posible que necesitemos su informaci\u00f3n de contacto para proporcionarle actualizaciones de nuestro sitio web.<\/p>\n\n\n\n<p>8.2 Cuando nos proporcione informaci\u00f3n personal, cumpliremos con las leyes de privacidad y protecci\u00f3n de datos aplicables.<\/p>\n\n\n\n<p>8.3 La informaci\u00f3n personal que usted nos proporciona (incluyendo cualquier informaci\u00f3n proporcionada si se registra para una cuenta) se recoge y puede ser utilizada para comunicarse con usted, el an\u00e1lisis estad\u00edstico, la comercializaci\u00f3n por nosotros de productos y servicios para usted, las verificaciones de cr\u00e9dito (si es necesario), y la investigaci\u00f3n y el desarrollo.<\/p>\n\n\n\n<p>8.4 Tambi\u00e9n podemos recopilar informaci\u00f3n t\u00e9cnica cada vez que usted se conecta o visita la versi\u00f3n p\u00fablica de nuestro sitio web. Esto puede incluir informaci\u00f3n sobre la forma en que los usuarios llegan, navegan e interact\u00faan con nuestro sitio web. Podemos recoger este tipo de informaci\u00f3n t\u00e9cnica mediante el uso de cookies y otros medios. Las cookies son identificadores alfanum\u00e9ricos que transferimos al disco duro de su ordenador para que nuestros sistemas puedan reconocer su navegador. Si desea desactivar las cookies, puede hacerlo cambiando la configuraci\u00f3n de su navegador. Sin embargo, si lo hace, es posible que no pueda utilizar todas las funciones del sitio web. Utilizamos la informaci\u00f3n t\u00e9cnica que recopilamos para comprender mejor el modo en que la gente utiliza nuestro sitio web, para mejorar su funcionamiento y para personalizarlo de modo que sea m\u00e1s relevante y \u00fatil para sus necesidades particulares. Tambi\u00e9n podemos utilizar esta informaci\u00f3n para ayudar a que la publicidad que mostramos en el sitio web sea m\u00e1s personalizada y aplicable a sus intereses.<\/p>\n\n\n\n<p>8.5 Por lo general, no revelamos informaci\u00f3n personal a terceros para que la utilicen para sus propios fines. Sin embargo, algunas de las circunstancias en las que podemos hacerlo son:<\/p>\n\n\n\n<p>a los proveedores de servicios y otras personas que trabajan con nosotros para hacer que el sitio web est\u00e9 disponible o para mejorar o desarrollar su funcionalidad (por ejemplo, podemos utilizar un proveedor externo para alojar el sitio web);<\/p>\n\n\n\n<p>b en relaci\u00f3n con la propuesta de compra o adquisici\u00f3n de nuestro negocio o activos; o<\/p>\n\n\n\n<p>c cuando lo exija la legislaci\u00f3n aplicable o cualquier tribunal, o en respuesta a una solicitud leg\u00edtima de un organismo policial.<\/p>\n\n\n\n<p>8.6 Cualquier informaci\u00f3n personal que nos proporcione puede ser almacenada en los servidores seguros de nuestros proveedores de servicios de confianza, que pueden estar ubicados fuera de Singapur. Esto puede implicar la transferencia de su informaci\u00f3n personal a pa\u00edses que tienen menos protecci\u00f3n legal para la informaci\u00f3n personal que Singapur.<\/p>\n\n\n\n<p>8.7 Tiene derecho a solicitar el acceso y la correcci\u00f3n de cualquier informaci\u00f3n personal que tengamos sobre usted. Si desea ejercer estos derechos, env\u00edenos un correo electr\u00f3nico a hello@negative.eco.<\/p>\n\n\n\n<p>8.8 En caso de conflicto entre los t\u00e9rminos, condiciones y disposiciones de esta secci\u00f3n y los t\u00e9rminos, condiciones y disposiciones de nuestra pol\u00edtica de privacidad, los t\u00e9rminos, condiciones y disposiciones de nuestra pol\u00edtica de privacidad prevalecer\u00e1n.<\/p>\n\n\n\n<p>9 SUSPENSI\u00d3N Y RESCISI\u00d3N<\/p>\n\n\n\n<p>9.1 Sin perjuicio de cualquier otro derecho o recurso del que dispongamos, si consideramos que usted ha incumplido estas Condiciones o lo consideramos oportuno, podemos suspender o cancelar inmediatamente y sin previo aviso su acceso al Sitio Web (o a cualquier parte del mismo).<\/p>\n\n\n\n<p>9.2 En caso de suspensi\u00f3n o terminaci\u00f3n, deber\u00e1 dejar de utilizar inmediatamente el Sitio Web y no deber\u00e1 intentar obtener m\u00e1s acceso.<\/p>\n\n\n\n<p>10 GENERALIDADES<\/p>\n\n\n\n<p>10.1 Si necesitamos ponernos en contacto con usted, podemos hacerlo por correo electr\u00f3nico o publicando un aviso en el sitio web. Usted acepta que esto satisface todos los requisitos legales en relaci\u00f3n con las comunicaciones escritas.<\/p>\n\n\n\n<p>10.2 Estos T\u00e9rminos, y cualquier disputa relacionada con estos T\u00e9rminos o el Sitio Web, se rigen y deben ser interpretados de acuerdo con la ley de Singapur. Cada parte se somete a la jurisdicci\u00f3n no exclusiva de los tribunales de Singapur en relaci\u00f3n con cualquier disputa relacionada con estos T\u00e9rminos o el Sitio Web.<\/p>\n\n\n\n<p>10.3 Para que podamos renunciar a un derecho en virtud de estas Condiciones, la renuncia debe hacerse por escrito.<\/p>\n\n\n\n<p>10.4 Las cl\u00e1usulas que, por su naturaleza, est\u00e1n destinadas a sobrevivir a la terminaci\u00f3n de estos T\u00e9rminos, incluyendo las cl\u00e1usulas 4.5, 5, 6, 7 y 10.1, contin\u00faan en vigor.<\/p>\n\n\n\n<p>10.5 Si alguna parte o disposici\u00f3n de estas Condiciones es o se convierte en ilegal, inaplicable o inv\u00e1lida, dicha parte o disposici\u00f3n se considerar\u00e1 modificada en la medida necesaria para subsanar la ilegalidad, inaplicabilidad o invalidez. Si no es posible una modificaci\u00f3n, la parte o disposici\u00f3n deber\u00e1 ser tratada a todos los efectos como separada de estas Condiciones. El resto de estas Condiciones ser\u00e1 vinculante para usted.<\/p>\n\n\n\n<p>10.6 Estos T\u00e9rminos establecen todo lo acordado por las partes en relaci\u00f3n con su uso del Sitio Web y sustituyen y anulan todo lo discutido, intercambiado o acordado antes de que usted acepte estos T\u00e9rminos. Las partes no se han basado en ninguna representaci\u00f3n, garant\u00eda o acuerdo relacionado con el Sitio Web que no est\u00e9 expresamente establecido en los T\u00e9rminos, y ninguna de estas representaciones, garant\u00edas o acuerdos tiene efecto desde la fecha en que usted acept\u00f3 estos T\u00e9rminos.<\/p>","protected":false},"excerpt":{"rendered":"<p>1 APLICACI\u00d3N DE LAS CONDICIONES 1.1 Las presentes Condiciones se aplican al uso que usted haga del Sitio Web. Al acceder y utilizar el Sitio Web: a usted acepta estos T\u00e9rminos; y b cuando su acceso y uso sea en nombre de otra persona (por ejemplo, una empresa), usted confirma que est\u00e1 autorizado a, y de hecho, acepta...<\/p>","protected":false},"author":1,"featured_media":0,"parent":0,"menu_order":0,"comment_status":"closed","ping_status":"closed","template":"","meta":{"_kad_blocks_custom_css":"","_kad_blocks_head_custom_js":"","_kad_blocks_body_custom_js":"","_kad_blocks_footer_custom_js":"","_kadence_starter_templates_imported_post":false,"_kad_post_transparent":"","_kad_post_title":"","_kad_post_layout":"","_kad_post_sidebar_id":"","_kad_post_content_style":"","_kad_post_vertical_padding":"","_kad_post_feature":"","_kad_post_feature_position":"","_kad_post_header":false,"_kad_post_footer":false,"footnotes":""},"class_list":["post-1179","page","type-page","status-publish","hentry"],"taxonomy_info":[],"featured_image_src_large":false,"author_info":{"display_name":"s79lv","author_link":"https:\/\/negative.eco\/es\/author\/s79lv\/"},"comment_info":0,"_links":{"self":[{"href":"https:\/\/negative.eco\/es\/wp-json\/wp\/v2\/pages\/1179","targetHints":{"allow":["GET"]}}],"collection":[{"href":"https:\/\/negative.eco\/es\/wp-json\/wp\/v2\/pages"}],"about":[{"href":"https:\/\/negative.eco\/es\/wp-json\/wp\/v2\/types\/page"}],"author":[{"embeddable":true,"href":"https:\/\/negative.eco\/es\/wp-json\/wp\/v2\/users\/1"}],"replies":[{"embeddable":true,"href":"https:\/\/negative.eco\/es\/wp-json\/wp\/v2\/comments?post=1179"}],"version-history":[{"count":2,"href":"https:\/\/negative.eco\/es\/wp-json\/wp\/v2\/pages\/1179\/revisions"}],"predecessor-version":[{"id":1651,"href":"https:\/\/negative.eco\/es\/wp-json\/wp\/v2\/pages\/1179\/revisions\/1651"}],"wp:attachment":[{"href":"https:\/\/negative.eco\/es\/wp-json\/wp\/v2\/media?parent=1179"}],"curies":[{"name":"wp","href":"https:\/\/api.w.org\/{rel}","templated":true}]}}