{"id":1180,"date":"2022-03-09T08:55:59","date_gmt":"2022-03-09T08:55:59","guid":{"rendered":"https:\/\/negative.eco\/?page_id=1180"},"modified":"2022-06-20T10:05:53","modified_gmt":"2022-06-20T10:05:53","slug":"privacy","status":"publish","type":"page","link":"https:\/\/negative.eco\/de\/datenschutz\/","title":{"rendered":"Datenschutzbestimmungen"},"content":{"rendered":"<p>Diese Politik legt fest:<\/p>\n\n\n\n<p>(1) die Informationen, die wir \u00fcber Sie sammeln, wenn Sie unsere Website besuchen, unsere Produkte oder Dienstleistungen nutzen oder anderweitig mit uns interagieren;<\/p>\n\n\n\n<p>(2) wie wir die Informationen verwenden, weitergeben, speichern und sichern; und<\/p>\n\n\n\n<p>(3) wie Sie auf die Informationen zugreifen und sie kontrollieren k\u00f6nnen.<\/p>\n\n\n\n<p>In dieser Richtlinie bezieht sich \"Negative\" oder \"wir\" auf Negative Pte Ltd, 7 Temasek Boulevard (zusammen mit unserer Holdinggesellschaft) und \"Plattform\" auf unsere Website https:\/\/negative.eco und unsere Software, n\u00e4mlich Negtive.<\/p>\n\n\n\n<p>In dieser Richtlinie bezieht sich der Begriff \"personenbezogene Daten\" auf alle Daten, Informationen oder Kombinationen von Daten und Informationen, die uns von Ihnen oder durch Ihre Nutzung unserer Produkte oder Dienstleistungen zur Verf\u00fcgung gestellt werden und die sich auf eine identifizierbare Person beziehen.<\/p>\n\n\n\n<p><strong>1. WELCHE INFORMATIONEN WIR \u00dcBER SIE SAMMELN<\/strong><\/p>\n\n\n\n<p>1.1 Wir sammeln die folgenden Arten von Informationen \u00fcber Sie:<\/p>\n\n\n\n<p>(a) Konto- und Profildaten, die Sie angeben, wenn Sie sich f\u00fcr ein Konto registrieren oder sich f\u00fcr unsere Produkte oder Dienstleistungen anmelden, z. B. Ihren Namen, Ihre E-Mail-Adresse und andere personenbezogene Daten, die Sie von Zeit zu Zeit freiwillig angeben, um den CO2-Fu\u00dfabdruck zu berechnen (zusammenfassend als \"Kontodaten\" bezeichnet);<\/p>\n\n\n\n<p>(b) Informationen, die Sie \u00fcber Support-Kan\u00e4le zur Verf\u00fcgung stellen, z. B. wenn Sie uns ein Problem melden oder mit unserem Support-Team interagieren, einschlie\u00dflich aller Kontaktinformationen, Dokumentationen oder Screenshots (zusammenfassend als \"Support-Daten\" bezeichnet);<\/p>\n\n\n\n<p>(c) Inhalte, die Sie durch die Nutzung unserer Produkte oder Dienstleistungen zur Verf\u00fcgung stellen, z. B. Kommentare, Chats, Bewertungen (zusammenfassend als \"Benutzerinhalte\" bezeichnet);<\/p>\n\n\n\n<p>(d) Kommunikations-, Marketing- und andere Pr\u00e4ferenzen, die Sie bei der Einrichtung Ihres Kontos oder Profils oder bei der Teilnahme an einer Umfrage oder einem Fragebogen, den wir Ihnen zusenden, festlegen (zusammen \"Pr\u00e4ferenzdaten\");<\/p>\n\n\n\n<p>(e) Einzelheiten zu allen Transaktionen, K\u00e4ufen oder Bestellungen, die Sie bei uns get\u00e4tigt haben (zusammenfassend \"Transaktionsdaten\");<\/p>\n\n\n\n<p>(f) Zahlungsinformationen, z. B. Informationen \u00fcber Ihr Zahlungsinstrument (zusammenfassend \"Finanzdaten\");<\/p>\n\n\n\n<p>(g) Informationen \u00fcber Ihr Ger\u00e4t oder Ihre Verbindung, z. B. Browsertyp, Betriebssystem, Internetprotokoll (IP\"-Adresse) (eine Nummer, die Ihrem Computer automatisch zugewiesen wird, wenn Sie das Internet nutzen, und die von Sitzung zu Sitzung variieren kann), Dom\u00e4nenname und\/oder ein Datums-\/Zeitstempel f\u00fcr Ihren Besuch sowie Informationen, die wir durch Cookies und andere Datenerfassungstechnologien sammeln (bitte lesen Sie unsere Cookie-Richtlinie f\u00fcr weitere Einzelheiten) (zusammenfassend \"Technische Daten\"); und<\/p>\n\n\n\n<p>(h) Informationen \u00fcber Ihre Nutzung oder Ihren Besuch auf unserer Plattform, z. B. IP-Adressen, Browsertyp, Internet-Service-Provider (\"ISP\"), verweisende\/verlassende Seiten, Betriebssystem, Datums-\/Zeitstempel, auf der Website eingegebene Daten und Clickstream-Daten (zusammen \"Nutzungsdaten\").<\/p>\n\n\n\n<p>1.2 Wir sammeln die oben genannten Informationen, wenn Sie sie uns zur Verf\u00fcgung stellen oder wenn Sie unsere Plattform nutzen oder besuchen. Wir k\u00f6nnen auch Informationen \u00fcber Sie aus anderen Quellen erhalten, einschlie\u00dflich:<\/p>\n\n\n\n<p>(a) andere Dienste, die mit Ihrem Konto verkn\u00fcpft sind, z. B. wenn Sie Ihr Konto mit Ihren Facebook- oder Google-Anmeldedaten registrieren oder anmelden, erhalten wir Ihren Namen und Ihre E-Mail-Adresse, um Sie zu authentifizieren, wie es Ihre Facebook- oder Google-Profileinstellungen erlauben;<\/p>\n\n\n\n<p>1.3 Wir erheben keine sensiblen Daten oder Daten besonderer Kategorien \u00fcber Sie. Dazu geh\u00f6ren Angaben zu Ihrer Rasse, ethnischen Herkunft, Politik, Religion, Gewerkschaftszugeh\u00f6rigkeit, Genetik, Biometrie, Gesundheit oder sexuellen Orientierung.<\/p>\n\n\n\n<p><strong>2. WIE WIR DIE GESAMMELTEN INFORMATIONEN VERWENDEN<\/strong><\/p>\n\n\n\n<p>2.1 Wir verwenden Ihre pers\u00f6nlichen Daten nur in den F\u00e4llen, in denen das Gesetz es uns erlaubt. Wir verwenden Ihre personenbezogenen Daten nur, wenn:<\/p>\n\n\n\n<p>(a) wir den Vertrag, den wir mit Ihnen geschlossen haben (oder schlie\u00dfen werden), erf\u00fcllen m\u00fcssen, einschlie\u00dflich des Betriebs unserer Produkte oder Dienstleistungen, der Bereitstellung von Kundensupport und personalisierten Funktionen und des Schutzes der Sicherheit unserer Plattform;<\/p>\n\n\n\n<p>(b) ein berechtigtes Interesse besteht, das nicht durch Ihre Grundrechte oder Datenschutzinteressen \u00fcberlagert wird, z. B. f\u00fcr Forschung und Entwicklung, und um unsere gesetzlichen Rechte und Interessen zu sch\u00fctzen<\/p>\n\n\n\n<p>(c) Sie haben uns Ihr Einverst\u00e4ndnis f\u00fcr einen bestimmten Zweck gegeben, z. B. k\u00f6nnen wir Ihnen Direktmarketing-Material zusenden oder Ihre Daten als Teil unserer Testimonials oder Kundenberichte ver\u00f6ffentlichen, um unsere Produkte oder Dienstleistungen mit Ihrer Zustimmung zu bewerben; oder<\/p>\n\n\n\n<p>(d) wir einer gesetzlichen oder beh\u00f6rdlichen Verpflichtung nachkommen m\u00fcssen.<\/p>\n\n\n\n<p>2.2 Wenn Sie uns Ihre Zustimmung zur Verwendung Ihrer personenbezogenen Daten f\u00fcr einen bestimmten Zweck erteilt haben, k\u00f6nnen Sie Ihre Zustimmung jederzeit widerrufen, indem Sie sich mit uns in Verbindung setzen (Kontaktinformationen finden Sie in Abschnitt 9).<\/p>\n\n\n\n<p>2.3 Wir geben Ihre pers\u00f6nlichen Daten nicht an Unternehmen au\u00dferhalb unserer Gruppe zu Marketingzwecken weiter, es sei denn, Sie haben ausdr\u00fccklich Ihr Einverst\u00e4ndnis dazu gegeben.<\/p>\n\n\n\n<p>2.4 F\u00fcr Besucher oder Nutzer unserer Plattform, die in der Europ\u00e4ischen Union ans\u00e4ssig sind, haben wir unsere Rechtsgrundlagen f\u00fcr die Verarbeitung Ihrer Daten in der Tabelle der Rechtsgrundlagen am Ende dieser Richtlinie dargelegt.<\/p>\n\n\n\n<p><strong>3. WIE WIR GESAMMELTE INFORMATIONEN WEITERGEBEN<\/strong><\/p>\n\n\n\n<p>3.1 Wir tauschen Informationen mit anderen Unternehmen unserer Gruppe aus, um unsere Plattform zu betreiben und um unsere Produkte und Dienstleistungen anzubieten und zu verbessern.<\/p>\n\n\n\n<p>3.2 Wir geben Informationen an Dritte weiter, die uns dabei helfen, unsere Produkte und Dienstleistungen zu betreiben, bereitzustellen, zu unterst\u00fctzen, zu verbessern und zu vermarkten, z. B. an Drittanbieter, die Website- und Anwendungsentwicklung, Datenspeicherung und -sicherung, Infrastruktur, Rechnungsstellung, Zahlungsabwicklung, Kundensupport, Gesch\u00e4ftsanalysen und andere Dienstleistungen anbieten.<\/p>\n\n\n\n<p>3.3 Drittanbieter haben nur zum Zweck der Erbringung ihrer Dienstleistungen und in \u00dcbereinstimmung mit den geltenden Gesetzen und Vorschriften Zugang zu Ihren personenbezogenen Daten. Wir verlangen von diesen Drittanbietern, dass sie die Vertraulichkeit und Sicherheit aller personenbezogenen Daten, die sie in unserem Auftrag verarbeiten, wahren und angemessene Sicherheitsma\u00dfnahmen zum Schutz der Vertraulichkeit, Integrit\u00e4t und Verf\u00fcgbarkeit Ihrer personenbezogenen Daten umsetzen und aufrechterhalten.<\/p>\n\n\n\n<p>3.4 Wir ergreifen angemessene Ma\u00dfnahmen, um sicherzustellen, dass alle von uns beauftragten Drittanbieter personenbezogene Daten so verarbeiten, dass sie mindestens das gleiche Schutzniveau bieten, wie es in dieser Richtlinie vorgesehen ist. Wenn ein Drittanbieter nicht in der Lage ist, unsere Anforderungen zu erf\u00fcllen, werden wir ihn auffordern, uns unverz\u00fcglich zu benachrichtigen, und wir werden angemessene Schritte unternehmen, um eine nicht konforme Verarbeitung zu verhindern oder zu beenden.<\/p>\n\n\n\n<p>3.5 Wir k\u00f6nnen personenbezogene Daten in zusammengefasster oder anonymisierter Form an Dritte weitergeben, um sie f\u00fcr Forschungs- und Analysezwecke, die Erstellung von Profilen und \u00e4hnliche Zwecke zu nutzen, damit wir unsere Produkte und Dienstleistungen verbessern k\u00f6nnen.<\/p>\n\n\n\n<p>3.6 Wenn Sie Software von Drittanbietern in Verbindung mit unseren Produkten oder Dienstleistungen nutzen, z. B. Software von Drittanbietern, in die unsere Plattform integriert ist, geben Sie dem Drittanbieter m\u00f6glicherweise Zugriff auf Ihr Konto und Ihre Informationen. Die Richtlinien und Verfahren von Drittanbietern werden von uns nicht kontrolliert, und diese Richtlinie deckt nicht ab, wie Ihre Daten von Drittanbietern erfasst oder verwendet werden. Wir empfehlen Ihnen, die Datenschutzrichtlinien von Drittanbietern zu lesen, bevor Sie die Software von Dritten nutzen.<\/p>\n\n\n\n<p>3.7 Unsere Plattform kann Links zu Websites Dritter enthalten, \u00fcber die wir keine Kontrolle haben. Wenn Sie einem Link zu einer dieser Websites folgen oder Informationen an sie \u00fcbermitteln, unterliegen Ihre Daten den dortigen Richtlinien. Wir empfehlen Ihnen, die Datenschutzrichtlinien der Websites Dritter zu lesen, bevor Sie Informationen an diese \u00fcbermitteln.<\/p>\n\n\n\n<p>3.8 Wir k\u00f6nnen Ihre Daten an Regierungs- und Strafverfolgungsbeh\u00f6rden weitergeben, um geltende Gesetze oder Vorschriften einzuhalten, z. B. wenn wir auf Forderungen, rechtliche Verfahren, Anfragen der Strafverfolgungsbeh\u00f6rden oder der nationalen Sicherheit reagieren.<\/p>\n\n\n\n<p>3.9 Wenn wir von einem Dritten im Rahmen einer Fusion, einer \u00dcbernahme oder einer Gesch\u00e4fts\u00fcbertragung \u00fcbernommen werden, k\u00f6nnen Ihre pers\u00f6nlichen Daten im Zusammenhang mit einer solchen Transaktion offengelegt und\/oder an einen Dritten \u00fcbertragen werden. Wir werden Sie benachrichtigen, wenn eine solche Transaktion stattfindet, und Sie \u00fcber alle M\u00f6glichkeiten informieren, die Sie in Bezug auf Ihre Daten haben.<br><br><strong>4. WIE WIR DIE GESAMMELTEN INFORMATIONEN SPEICHERN UND SICHERN<\/strong><\/p>\n\n\n\n<p>4.1 Wir nutzen Daten-Hosting-Dienstleister mit Sitz in Australien, Bahrain, Brasilien, Kanada, Deutschland, Hongkong, Indien, Irland, Italien, Japan, Korea, Singapur, S\u00fcdafrika, Schweden, dem Vereinigten K\u00f6nigreich und den Vereinigten Staaten (Amazon Web Services-Regionen), um die von uns gesammelten Informationen zu hosten.<\/p>\n\n\n\n<p>4.2 Wir haben die folgenden Ma\u00dfnahmen ergriffen, um die Sicherheit und Integrit\u00e4t Ihrer pers\u00f6nlichen Daten zu sch\u00fctzen:<\/p>\n\n\n\n<p>(a) Die Informationen werden mit TLS\/SSL-Technologie verschl\u00fcsselt;<\/p>\n\n\n\n<p>(b) Ihr Konto ist passwortgesch\u00fctzt;<\/p>\n\n\n\n<p>(c) der Zugang zu Ihren pers\u00f6nlichen Daten auf Mitarbeiter oder Dienstleister beschr\u00e4nkt ist, die Ihre Daten nur auf unsere Anweisung hin verarbeiten und zur Vertraulichkeit verpflichtet sind; und<\/p>\n\n\n\n<p>(d) unsere Praktiken der Datenerhebung, -speicherung und -verarbeitung regelm\u00e4\u00dfig \u00fcberpr\u00fcft werden.<\/p>\n\n\n\n<p>4.3 Wir haben Verfahren f\u00fcr den Umgang mit mutma\u00dflichen Datenschutzverletzungen eingerichtet und werden Sie und die zust\u00e4ndigen Aufsichtsbeh\u00f6rden von einer Verletzung benachrichtigen, sofern wir gesetzlich dazu verpflichtet sind.<\/p>\n\n\n\n<p>4.4 Obwohl wir Sicherheitsvorkehrungen treffen, um Ihre Daten zu sch\u00fctzen, beachten Sie bitte, dass die \u00dcbertragung von Daten \u00fcber das Internet nicht v\u00f6llig sicher ist. Wir k\u00f6nnen nicht garantieren, dass Ihre Daten w\u00e4hrend der \u00dcbertragung \u00fcber das Internet oder w\u00e4hrend der Speicherung in unseren Systemen oder der Verarbeitung durch uns absolut sicher sind.<\/p>\n\n\n\n<p>4.5 Wir bewahren personenbezogene Daten nur so lange auf, wie es vern\u00fcnftigerweise notwendig ist, um die Zwecke zu erf\u00fcllen, f\u00fcr die wir sie gesammelt haben, einschlie\u00dflich der Erf\u00fcllung von gesetzlichen, buchhalterischen oder Berichtsanforderungen. Nach Ablauf dieses Zeitraums werden wir Ihre Daten l\u00f6schen oder anonymisieren, oder, falls dies nicht m\u00f6glich ist, werden wir Ihre Daten sicher aufbewahren und von einer weiteren Nutzung ausschlie\u00dfen. Wir \u00fcberpr\u00fcfen regelm\u00e4\u00dfig die Grundlage und Angemessenheit unserer Datenaufbewahrungspolitik.<\/p>\n\n\n\n<p><strong>5. WIE WIR INFORMATIONEN INTERNATIONAL \u00dcBERTRAGEN<\/strong><\/p>\n\n\n\n<p>5.1 Wir sammeln Informationen weltweit und speichern diese Informationen haupts\u00e4chlich in Australien, Bahrain, Brasilien, Kanada, Deutschland, Hongkong, Indien, Irland, Italien, Japan, Korea, Singapur, S\u00fcdafrika, Schweden, Gro\u00dfbritannien und den Vereinigten Staaten (Amazon Web Services Regionen). Wir \u00fcbermitteln, verarbeiten und speichern Ihre Daten au\u00dferhalb Ihres Wohnsitzlandes, wo wir oder unsere Dienstanbieter t\u00e4tig sind, um Ihnen unsere Produkte und Dienstleistungen anzubieten.<\/p>\n\n\n\n<p>5.2 In einigen L\u00e4ndern, in denen unsere Unternehmen oder Dienstleister ans\u00e4ssig sind, gelten m\u00f6glicherweise nicht die gleichen Gesetze zum Schutz der Privatsph\u00e4re und der Daten wie in Ihrem Wohnsitzland. Wenn wir Informationen mit diesen Unternehmen oder Dienstleistern austauschen, machen wir von Vertragsklauseln, Unternehmensregeln und anderen geeigneten Mechanismen Gebrauch, um die \u00dcbertragung von Informationen zu sch\u00fctzen.<\/p>\n\n\n\n<p><strong>6. IHRE RECHTE<\/strong><\/p>\n\n\n\n<p>6.1 Sie haben das Recht auf:<\/p>\n\n\n\n<p>(a) dar\u00fcber informiert werden, was wir mit Ihren pers\u00f6nlichen Daten machen;<\/p>\n\n\n\n<p>(b) eine Kopie der personenbezogenen Daten, die wir \u00fcber Sie gespeichert haben, anzufordern;<\/p>\n\n\n\n<p>(c) von uns zu verlangen, dass wir etwaige Ungenauigkeiten oder Fehler in den von uns \u00fcber Sie gespeicherten personenbezogenen Daten korrigieren;<\/p>\n\n\n\n<p>(d) die L\u00f6schung Ihrer personenbezogenen Daten zu beantragen (beachten Sie jedoch, dass wir nicht immer in der Lage sind, Ihrem Antrag auf L\u00f6schung nachzukommen, wenn es um die Aufbewahrung von Unterlagen, die Durchf\u00fchrung von Transaktionen oder die Erf\u00fcllung unserer rechtlichen Verpflichtungen geht);<\/p>\n\n\n\n<p>(e) der Verarbeitung Ihrer personenbezogenen Daten durch uns zu widersprechen oder diese einzuschr\u00e4nken (einschlie\u00dflich zu Marketingzwecken);<\/p>\n\n\n\n<p>(f) einen Teil Ihrer personenbezogenen Daten in einem strukturierten, allgemein verwendeten und maschinenlesbaren Format zu erhalten und zu verlangen, dass wir diese Daten an eine andere Partei weitergeben; und<\/p>\n\n\n\n<p>(g) Ihre Einwilligung jederzeit zu widerrufen, wenn wir uns auf die Einwilligung zur Verarbeitung Ihrer personenbezogenen Daten st\u00fctzen (dies hat jedoch keinen Einfluss auf die Rechtm\u00e4\u00dfigkeit der Verarbeitung, die vor dem Widerruf Ihrer Einwilligung erfolgt ist). &nbsp;<\/p>\n\n\n\n<p>6.2 Unsere Plattform erm\u00f6glicht es Ihnen, bestimmte Informationen \u00fcber sich selbst zu aktualisieren, zum Beispiel durch die Aktualisierung ihres Benutzerprofils oder die \u00c4nderung von Einstellungen.<\/p>\n\n\n\n<p>6.3 Sie k\u00f6nnen den Erhalt von Marketingmaterial von uns abbestellen, indem Sie den Abmeldelink in unseren Mitteilungen verwenden, Ihre Einstellungen in Ihrem Konto auf unserer Plattform aktualisieren oder uns kontaktieren. Bitte beachten Sie jedoch, dass Sie auch dann, wenn Sie sich gegen den Erhalt von Marketingmaterial von uns entscheiden, weiterhin Benachrichtigungen oder Informationen von uns erhalten, die f\u00fcr die Nutzung unserer Produkte oder Dienstleistungen erforderlich sind.<\/p>\n\n\n\n<p>6.4 Als Sicherheitsma\u00dfnahme ben\u00f6tigen wir m\u00f6glicherweise bestimmte Informationen von Ihnen, um Ihre Identit\u00e4t zu best\u00e4tigen, wenn wir Ihre Datenschutzanfragen bearbeiten oder wenn Sie Ihre Rechte aus\u00fcben.<br><br>6.5 Alle Anfragen gem\u00e4\u00df Absatz 6.1 werden in der Regel kostenlos bearbeitet. Wir k\u00f6nnen jedoch eine angemessene Verwaltungsgeb\u00fchr erheben, wenn Ihre Anfrage offensichtlich unbegr\u00fcndet, wiederholend oder \u00fcberm\u00e4\u00dfig ist.<\/p>\n\n\n\n<p>6.6 Wir werden alle rechtm\u00e4\u00dfigen Anfragen innerhalb eines (1) Monats beantworten. Gelegentlich kann es l\u00e4nger als einen Monat dauern, wenn Ihre Anfrage besonders komplex ist oder wenn Sie mehrere Anfragen gestellt haben.<\/p>\n\n\n\n<p><strong>7. \u00c4NDERUNGEN AN DIESER POLITIK<\/strong><\/p>\n\n\n\n<p>Wir k\u00f6nnen diese Richtlinie von Zeit zu Zeit \u00e4ndern, indem wir die aktualisierte Richtlinie auf unserer Plattform ver\u00f6ffentlichen. Indem Sie unsere Plattform nach Inkrafttreten der \u00c4nderungen weiterhin nutzen, erkl\u00e4ren Sie sich mit der \u00fcberarbeiteten Richtlinie einverstanden.<\/p>\n\n\n\n<p><strong>8. POLITIK GEGEN\u00dcBER KINDERN<\/strong><\/p>\n\n\n\n<p>Unsere Produkte und Dienstleistungen richten sich nicht an Personen unter 16 Jahren. Wir sammeln nicht wissentlich personenbezogene Daten von Personen unter 16 Jahren. Sollte uns bekannt werden, dass eine Person unter 16 Jahren uns personenbezogene Daten zur Verf\u00fcgung gestellt hat, werden wir Ma\u00dfnahmen ergreifen, um diese Daten zu l\u00f6schen. Wenden Sie sich an uns, wenn Sie glauben, dass wir irrt\u00fcmlich oder unabsichtlich Daten von einer Person unter 16 Jahren gesammelt haben.<\/p>\n\n\n\n<p><strong>9. KONTAKT<\/strong><\/p>\n\n\n\n<p>9.1 Bitte kontaktieren Sie uns unter hello@negative.eco oder richten Sie Ihre Anfrage schriftlich an:<\/p>\n\n\n\n<p>Negativ Pte Ltd<br>7 Temasek Boulevard<br>#12-07 Suntec Tower One<\/p>\n\n\n\n<p>9.2 Bitte kontaktieren Sie uns in erster Linie, wenn Sie Fragen oder Bedenken haben. Wenn Sie ungel\u00f6ste Bedenken haben, haben Sie das Recht, eine Beschwerde bei einer Datenschutzbeh\u00f6rde des Landes einzureichen, in dem Sie leben oder arbeiten oder in dem Sie sich in Ihren Rechten verletzt f\u00fchlen.<\/p>\n\n\n\n<p>Zuletzt aktualisiert: 13. September 2021<\/p>\n\n\n\n<p><strong>COOKIES-POLITIK<\/strong><\/p>\n\n\n\n<p>Cookies sind kleine Textdateien, die von einem Webserver auf Ihrem Ger\u00e4t abgelegt werden, wenn Sie auf unsere Plattform zugreifen. Wir verwenden Cookies, um Ihren Zugang zu identifizieren und die Nutzung und den Webverkehr auf unserer Plattform zu \u00fcberwachen, um unsere Produkte und Dienstleistungen anzupassen und zu verbessern.<\/p>\n\n\n\n<p>Wir verwenden sowohl dauerhafte Cookies als auch Sitzungscookies. Ein dauerhafter Cookie verbleibt in Ihrem Browser und wird von uns gelesen, wenn Sie auf unsere Website oder eine Partnerseite, die unsere Dienste nutzt, zur\u00fcckkehren. Sitzungscookies bleiben nur so lange bestehen, wie die Sitzung dauert (in der Regel der aktuelle Besuch einer Website oder eine Browsersitzung).<\/p>\n\n\n\n<p>Wir verwenden die folgenden Arten von Cookies:<\/p>\n\n\n\n<p>(a) Streng notwendige Cookies - dies sind Cookies, die f\u00fcr den Betrieb unserer Website erforderlich sind. Dazu geh\u00f6ren zum Beispiel Cookies, die es Ihnen erm\u00f6glichen, sich in sichere Bereiche unserer Website einzuloggen.<\/p>\n\n\n\n<p>Sie k\u00f6nnen Cookies blockieren, indem Sie die Einstellung Ihres Browsers aktivieren, die es Ihnen erlaubt, die Verwendung aller oder einiger Cookies abzulehnen. Wenn Sie dies tun, k\u00f6nnen Sie jedoch m\u00f6glicherweise nicht auf alle oder Teile unserer Website zugreifen.<\/p>\n\n\n\n<p><strong>TABELLE DER RECHTSGRUNDLAGEN<\/strong><\/p>\n\n\n\n<p>Zweck der Verarbeitung (Art der verarbeiteten Daten): Rechtsgrundlage<br>Kontodaten (Name, E-Mail-Adresse, Passwort und Profilfoto): Vertrag<br>Support-Daten (Support-Anfragen): Berechtigte Interessen<br>Benutzerinhalte (Kommentare, Chats und Bewertungen): Einverst\u00e4ndnis<br>Pr\u00e4ferenzdaten (Kommunikationspr\u00e4ferenzen): Gesetzliche Verpflichtung<br>Transaktionsdaten (Zahlungen und K\u00e4ufe): Vertrag<br>Finanzielle Daten (Salden): Rechtliche Verpflichtung<br>Technische Daten (Serverprotokolle): Berechtigte Interessen<br>Nutzungsdaten (Website- und Anwendungsaktivit\u00e4ten): Berechtigte Interessen<\/p>","protected":false},"excerpt":{"rendered":"<p>Diese Richtlinie legt dar: (1) die Informationen, die wir \u00fcber Sie sammeln, wenn Sie unsere Website besuchen, unsere Produkte oder Dienstleistungen nutzen oder anderweitig mit uns interagieren; (2) wie wir die Informationen nutzen, weitergeben, speichern und sichern; und (3) wie Sie auf die Informationen zugreifen und sie kontrollieren k\u00f6nnen. In dieser Richtlinie bezieht sich der Begriff \"Negative\" oder \"wir\" auf Negative...<\/p>","protected":false},"author":1,"featured_media":0,"parent":0,"menu_order":0,"comment_status":"closed","ping_status":"closed","template":"","meta":{"_kad_blocks_custom_css":"","_kad_blocks_head_custom_js":"","_kad_blocks_body_custom_js":"","_kad_blocks_footer_custom_js":"","_kadence_starter_templates_imported_post":false,"_kad_post_transparent":"","_kad_post_title":"","_kad_post_layout":"","_kad_post_sidebar_id":"","_kad_post_content_style":"","_kad_post_vertical_padding":"","_kad_post_feature":"","_kad_post_feature_position":"","_kad_post_header":false,"_kad_post_footer":false,"footnotes":""},"class_list":["post-1180","page","type-page","status-publish","hentry"],"taxonomy_info":[],"featured_image_src_large":false,"author_info":{"display_name":"s79lv","author_link":"https:\/\/negative.eco\/de\/author\/s79lv\/"},"comment_info":0,"_links":{"self":[{"href":"https:\/\/negative.eco\/de\/wp-json\/wp\/v2\/pages\/1180","targetHints":{"allow":["GET"]}}],"collection":[{"href":"https:\/\/negative.eco\/de\/wp-json\/wp\/v2\/pages"}],"about":[{"href":"https:\/\/negative.eco\/de\/wp-json\/wp\/v2\/types\/page"}],"author":[{"embeddable":true,"href":"https:\/\/negative.eco\/de\/wp-json\/wp\/v2\/users\/1"}],"replies":[{"embeddable":true,"href":"https:\/\/negative.eco\/de\/wp-json\/wp\/v2\/comments?post=1180"}],"version-history":[{"count":3,"href":"https:\/\/negative.eco\/de\/wp-json\/wp\/v2\/pages\/1180\/revisions"}],"predecessor-version":[{"id":1650,"href":"https:\/\/negative.eco\/de\/wp-json\/wp\/v2\/pages\/1180\/revisions\/1650"}],"wp:attachment":[{"href":"https:\/\/negative.eco\/de\/wp-json\/wp\/v2\/media?parent=1180"}],"curies":[{"name":"wp","href":"https:\/\/api.w.org\/{rel}","templated":true}]}}