{"id":1179,"date":"2022-03-09T08:55:59","date_gmt":"2022-03-09T08:55:59","guid":{"rendered":"https:\/\/negative.eco\/?page_id=1179"},"modified":"2022-06-20T10:10:38","modified_gmt":"2022-06-20T10:10:38","slug":"terms","status":"publish","type":"page","link":"https:\/\/negative.eco\/de\/bedingungen\/","title":{"rendered":"Bedingungen der Dienstleistung"},"content":{"rendered":"<p>1 ANWENDUNG VON BEGRIFFEN<\/p>\n\n\n\n<p>1.1 Diese Bedingungen gelten f\u00fcr Ihre Nutzung der Website. Durch den Zugriff auf und die Nutzung der Website:<\/p>\n\n\n\n<p>a Sie diesen Bedingungen zustimmen; und<\/p>\n\n\n\n<p>b wenn Ihr Zugriff und Ihre Nutzung im Namen einer anderen Person (z.B. eines Unternehmens) erfolgt, best\u00e4tigen Sie, dass Sie befugt sind, diesen Bedingungen im Namen dieser Person zuzustimmen, und dass diese Person durch die Zustimmung zu diesen Bedingungen im Namen dieser Person an diese Bedingungen gebunden ist.<\/p>\n\n\n\n<p>1.2 Wenn Sie diesen Bedingungen nicht zustimmen, sind Sie nicht berechtigt, auf die Website zuzugreifen und sie zu nutzen, und Sie m\u00fcssen dies unverz\u00fcglich einstellen.<\/p>\n\n\n\n<p>2 \u00c4NDERUNGEN<\/p>\n\n\n\n<p>2.1 Wir k\u00f6nnen diese Bedingungen jederzeit \u00e4ndern, indem wir sie auf der Website aktualisieren. Sofern nicht anders angegeben, tritt jede \u00c4nderung sofort in Kraft. Sie sind daf\u00fcr verantwortlich, dass Sie mit den neuesten Bedingungen vertraut sind. Indem Sie weiterhin auf die Website zugreifen und sie nutzen, stimmen Sie zu, an die ge\u00e4nderten Bedingungen gebunden zu sein.<\/p>\n\n\n\n<p>2.2 Wir k\u00f6nnen die Website ohne Vorank\u00fcndigung oder Haftung \u00e4ndern, aussetzen, einstellen oder den Zugang zu ihr einschr\u00e4nken.<\/p>\n\n\n\n<p>2.3 Diese Bedingungen wurden zuletzt am 19. September 2021 aktualisiert.<\/p>\n\n\n\n<p>3 BEGRIFFSBESTIMMUNGEN<\/p>\n\n\n\n<p>In diesen Bedingungen:<\/p>\n\n\n\n<p>einschlie\u00dflich und \u00e4hnliche W\u00f6rter implizieren keine Begrenzung<\/p>\n\n\n\n<p>Zu den Verlusten geh\u00f6ren entgangene Gewinne, Einsparungen, Einnahmen oder Daten sowie alle anderen Anspr\u00fcche, Sch\u00e4den, Verluste, Haftungen und Kosten, einschlie\u00dflich Anwaltskosten und Kosten f\u00fcr den eigenen Mandanten<\/p>\n\n\n\n<p>personenbezogene Informationen: Informationen \u00fcber eine identifizierbare, lebende Person, einschlie\u00dflich personenbezogener Daten, pers\u00f6nlich identifizierbarer Informationen und gleichwertiger Informationen gem\u00e4\u00df den geltenden Gesetzen zum Schutz der Privatsph\u00e4re und zum Datenschutz<\/p>\n\n\n\n<p>Datenschutzpolitik bedeutet https:\/\/negative.eco\/privacy<\/p>\n\n\n\n<p>Bedingungen bedeutet diese Bedingungen mit dem Titel Website-Nutzungsbedingungen<\/p>\n\n\n\n<p>Unterliegendes System bezeichnet jedes Netzwerk, System, jede Software, Daten oder jedes Material, das der Website zugrunde liegt oder mit ihr verbunden ist.<\/p>\n\n\n\n<p>Benutzer-ID ist ein eindeutiger Name und\/oder ein Passwort, der\/das Ihnen zugewiesen wird, um Ihnen den Zugang zu bestimmten Teilen der Website zu erm\u00f6glichen.<\/p>\n\n\n\n<p>Wir, uns oder unser bedeutet Negative Pte Ltd<\/p>\n\n\n\n<p>Website bedeutet https:\/\/negative.eco<\/p>\n\n\n\n<p>Sie bedeutet Sie oder, wenn Klausel 1.1b zutrifft, sowohl Sie als auch die andere Person, in deren Namen Sie handeln.<\/p>\n\n\n\n<p>4 IHRE VERPFLICHTUNGEN<\/p>\n\n\n\n<p>4.1 Sie sind verpflichtet, wahrheitsgem\u00e4\u00dfe, aktuelle und vollst\u00e4ndige Angaben zu machen, wenn Sie mit uns in Kontakt treten (einschlie\u00dflich bei der Einrichtung eines Kontos), und diese Angaben bei Bedarf unverz\u00fcglich zu aktualisieren, damit die Angaben wahrheitsgem\u00e4\u00df, aktuell und vollst\u00e4ndig bleiben.<\/p>\n\n\n\n<p>4.2 Wenn Sie eine Benutzer-ID erhalten haben, m\u00fcssen Sie diese sicher aufbewahren und:<\/p>\n\n\n\n<p>a keiner anderen Person die Nutzung Ihrer Benutzer-ID zu gestatten, einschlie\u00dflich der Nichtoffenlegung oder Weitergabe an eine andere Person; und<\/p>\n\n\n\n<p>b benachrichtigen Sie uns unverz\u00fcglich, wenn Sie von einer Offenlegung oder unbefugten Nutzung Ihrer Benutzer-ID Kenntnis erlangen, indem Sie eine E-Mail an hello@negative.eco senden<\/p>\n\n\n\n<p>4.3 Sie m\u00fcssen:<\/p>\n\n\n\n<p>a nicht in einer Weise zu handeln oder etwas zu verwenden oder einzuf\u00fchren (einschlie\u00dflich Viren, W\u00fcrmer, Trojaner, Zeitbomben, Keystroke-Logger, Spyware oder andere \u00e4hnliche Funktionen), die in irgendeiner Weise die Website oder ein zugrunde liegendes System beeintr\u00e4chtigen oder beeintr\u00e4chtigen k\u00f6nnten, oder anderweitig zu versuchen, die Website oder ein zugrunde liegendes System zu besch\u00e4digen oder zu st\u00f6ren; und<\/p>\n\n\n\n<p>b au\u00dfer mit unserer Zustimmung nur \u00fcber Standard-Webbrowser und nicht \u00fcber andere Methoden auf die Website zugreifen. Zu den anderen Methoden geh\u00f6ren Scraping, Deep-Linking, Harvesting, Data-Mining, die Verwendung eines Roboters oder Spiders, Automatisierung oder \u00e4hnliche Methoden zur Sammlung, Extraktion oder \u00dcberwachung von Daten.<\/p>\n\n\n\n<p>4.4 Sie m\u00fcssen unsere schriftliche Genehmigung einholen, um einen Link zu unserer Website einzurichten. Wenn Sie dies w\u00fcnschen, senden Sie Ihre Anfrage per E-Mail an hello@negative.eco.<\/p>\n\n\n\n<p>4.5 Sie stellen uns von allen Verlusten frei, die wir als direkte oder indirekte Folge Ihrer Nichteinhaltung dieser Bedingungen erleiden, einschlie\u00dflich der Nichteinhaltung durch eine Person, die unter Verwendung Ihrer Benutzer-ID auf unsere Website zugreift und sie nutzt.<\/p>\n\n\n\n<p>5 GEISTIGES EIGENTUM<\/p>\n\n\n\n<p>Wir (und unsere Lizenzgeber) sind Eigent\u00fcmer aller Eigentums- und geistigen Eigentumsrechte an der Website (einschlie\u00dflich aller Informationen, Daten, Texte, Grafiken, Bilder, Fotos, Logos, Symbole, Tonaufnahmen, Videos und des Erscheinungsbildes) und den zugrunde liegenden Systemen.<\/p>\n\n\n\n<p>6 HAFTUNGSAUSSCHL\u00dcSSE<\/p>\n\n\n\n<p>6.1 Soweit gesetzlich zul\u00e4ssig, \u00fcbernehmen wir und unsere Lizenzgeber Ihnen oder anderen Personen gegen\u00fcber keine Haftung oder Verantwortung f\u00fcr Verluste im Zusammenhang mit:<\/p>\n\n\n\n<p>a die Website (ganz oder teilweise) nicht verf\u00fcgbar ist oder nur langsam funktioniert;<\/p>\n\n\n\n<p>b Fehler in oder Auslassungen von Informationen, die \u00fcber die Website zur Verf\u00fcgung gestellt werden;<\/p>\n\n\n\n<p>c jegliche Exposition gegen\u00fcber Viren oder anderen Formen der Beeintr\u00e4chtigung, die Ihr Computersystem besch\u00e4digen oder Sie einem Betrug aussetzen k\u00f6nnen, wenn Sie auf die Website zugreifen oder diese nutzen. Um Zweifel zu vermeiden, sind Sie daf\u00fcr verantwortlich, sicherzustellen, dass das Verfahren, mit dem Sie auf die Website zugreifen und sie nutzen, Sie davor sch\u00fctzt; und<\/p>\n\n\n\n<p>d jede von der Website verlinkte Website. Ein Link auf der Website zu anderen Websites bedeutet nicht, dass diese Websites oder ihre Inhalte, Operationen, Produkte oder Betreiber gebilligt, genehmigt oder empfohlen werden oder dass eine Verantwortung f\u00fcr sie besteht.<\/p>\n\n\n\n<p>6.2 Wir geben keine Zusicherung oder Garantie, dass die Website f\u00fcr die Nutzung in allen L\u00e4ndern geeignet oder verf\u00fcgbar ist oder dass der Inhalt den Gesetzen aller L\u00e4nder entspricht. Sie sind daf\u00fcr verantwortlich, sicherzustellen, dass Ihr Zugriff auf die Website und deren Nutzung nicht illegal oder verboten ist, und dass Sie die geltenden lokalen Gesetze einhalten.<\/p>\n\n\n\n<p>7 HAFTUNG<\/p>\n\n\n\n<p>7.1 Im gr\u00f6\u00dftm\u00f6glichen gesetzlich zul\u00e4ssigen Umfang:<\/p>\n\n\n\n<p>a Sie auf die Website zugreifen und sie auf eigenes Risiko nutzen; und<\/p>\n\n\n\n<p>b wir weder Ihnen noch einer anderen Person gegen\u00fcber f\u00fcr Verluste im Rahmen oder in Verbindung mit diesen Bedingungen, der Website oder Ihrem Zugang und Ihrer Nutzung der Website (oder der Unm\u00f6glichkeit des Zugangs oder der Nutzung) haften oder verantwortlich sind. Dieser Ausschluss gilt unabh\u00e4ngig davon, ob unsere Haftung oder Verantwortung aus Vertrag, unerlaubter Handlung (einschlie\u00dflich Fahrl\u00e4ssigkeit), Billigkeit, Verletzung gesetzlicher Pflichten oder anderweitig entsteht.<\/p>\n\n\n\n<p>7.2 Mit Ausnahme des gesetzlich zul\u00e4ssigen Umfangs hat nichts in diesen Bedingungen die Wirkung, dass ein anwendbares Verbraucherschutzgesetz, das nicht ausgeschlossen werden kann, au\u00dfer Kraft gesetzt wird. Soweit unsere Haftung nicht ausgeschlossen, aber begrenzt werden kann, ist unsere Haftung auf SGD 100 begrenzt.<\/p>\n\n\n\n<p>7.3 Im gr\u00f6\u00dftm\u00f6glichen gesetzlich zul\u00e4ssigen Umfang und nur in dem Umfang, in dem die Klauseln 7.1 und 7.2 dieser Bedingungen nicht gelten, darf unsere Gesamthaftung Ihnen gegen\u00fcber gem\u00e4\u00df oder in Verbindung mit diesen Bedingungen oder in Verbindung mit der Website oder Ihrem Zugang und Ihrer Nutzung (oder der Unm\u00f6glichkeit des Zugangs oder der Nutzung) der Website 100 SGD nicht \u00fcbersteigen.<\/p>\n\n\n\n<p>8 DATENSCHUTZBESTIMMUNGEN<\/p>\n\n\n\n<p>8.1 Sie sind nicht verpflichtet, uns personenbezogene Daten zur Verf\u00fcgung zu stellen. Wenn Sie dies jedoch nicht tun, k\u00f6nnen wir Ihnen in einigen F\u00e4llen bestimmte Bereiche der Website nicht zur Verf\u00fcgung stellen. So ben\u00f6tigen wir beispielsweise Ihre Kontaktinformationen, um Ihnen Aktualisierungen unserer Website zukommen lassen zu k\u00f6nnen.<\/p>\n\n\n\n<p>8.2 Wenn Sie uns personenbezogene Daten zur Verf\u00fcgung stellen, werden wir die geltenden Gesetze zum Schutz der Privatsph\u00e4re und des Datenschutzes einhalten.<\/p>\n\n\n\n<p>8.3 Die pers\u00f6nlichen Daten, die Sie uns zur Verf\u00fcgung stellen (einschlie\u00dflich der Daten, die Sie bei der Registrierung f\u00fcr ein Konto angeben), werden gesammelt und k\u00f6nnen f\u00fcr die Kommunikation mit Ihnen, f\u00fcr statistische Analysen, f\u00fcr die Vermarktung von Produkten und Dienstleistungen durch uns an Sie, f\u00fcr Kreditpr\u00fcfungen (falls erforderlich) sowie f\u00fcr Forschung und Entwicklung verwendet werden.<\/p>\n\n\n\n<p>8.4 Wir k\u00f6nnen auch technische Informationen sammeln, wenn Sie sich bei unserer Website anmelden oder die \u00f6ffentliche Version der Website besuchen. Dazu k\u00f6nnen Informationen \u00fcber die Art und Weise geh\u00f6ren, wie Nutzer auf unsere Website gelangen, durch sie browsen und mit ihr interagieren. Wir k\u00f6nnen diese Art von technischen Informationen durch die Verwendung von Cookies und anderen Mitteln erfassen. Cookies sind alphanumerische Identifikatoren, die wir auf die Festplatte Ihres Computers \u00fcbertragen, damit unsere Systeme Ihren Browser erkennen k\u00f6nnen. Wenn Sie Cookies deaktivieren m\u00f6chten, k\u00f6nnen Sie dies \u00fcber die Einstellungen Ihres Browsers tun. Wenn Sie dies tun, k\u00f6nnen Sie jedoch m\u00f6glicherweise nicht alle Funktionen der Website nutzen. Wir verwenden die von uns gesammelten technischen Informationen, um die Nutzung unserer Website besser zu verstehen, ihre Funktionsweise zu verbessern und sie so zu personalisieren, dass sie relevanter und n\u00fctzlicher f\u00fcr Ihre speziellen Bed\u00fcrfnisse ist. Wir k\u00f6nnen diese Informationen auch nutzen, um die auf der Website angezeigte Werbung pers\u00f6nlicher zu gestalten und auf Ihre Interessen abzustimmen.<\/p>\n\n\n\n<p>8.5 Im Allgemeinen geben wir keine pers\u00f6nlichen Daten an Dritte weiter, damit diese sie f\u00fcr ihre eigenen Zwecke nutzen k\u00f6nnen. Einige der Umst\u00e4nde, unter denen wir dies jedoch tun k\u00f6nnen, sind:<\/p>\n\n\n\n<p>a an Dienstleister und andere Personen, die mit uns zusammenarbeiten, um die Website verf\u00fcgbar zu machen oder ihre Funktionalit\u00e4t zu verbessern oder weiterzuentwickeln (z. B. k\u00f6nnen wir einen Drittanbieter mit dem Hosting der Website beauftragen);<\/p>\n\n\n\n<p>b im Zusammenhang mit dem geplanten Kauf oder Erwerb unseres Gesch\u00e4fts oder unserer Verm\u00f6genswerte; oder<\/p>\n\n\n\n<p>c wenn dies nach geltendem Recht oder von einem Gericht verlangt wird oder als Reaktion auf eine rechtm\u00e4\u00dfige Anfrage einer Strafverfolgungsbeh\u00f6rde.<\/p>\n\n\n\n<p>8.6 Alle pers\u00f6nlichen Daten, die Sie uns zur Verf\u00fcgung stellen, k\u00f6nnen auf den sicheren Servern unserer vertrauensw\u00fcrdigen Dienstleister gespeichert werden, die sich au\u00dferhalb von Singapur befinden k\u00f6nnen. Dies kann die \u00dcbermittlung Ihrer personenbezogenen Daten in L\u00e4nder beinhalten, die einen geringeren rechtlichen Schutz f\u00fcr personenbezogene Daten haben als Singapur.<\/p>\n\n\n\n<p>8.7 Sie haben das Recht, Zugang zu den von uns \u00fcber Sie gespeicherten personenbezogenen Daten zu verlangen und diese zu berichtigen. Wenn Sie diese Rechte aus\u00fcben m\u00f6chten, senden Sie uns bitte eine E-Mail an hello@negative.eco.<\/p>\n\n\n\n<p>8.8 Im Falle eines Konflikts zwischen den Bedingungen und Bestimmungen dieses Abschnitts und den Bedingungen und Bestimmungen unserer Datenschutzrichtlinie haben die Bedingungen und Bestimmungen unserer Datenschutzrichtlinie Vorrang.<\/p>\n\n\n\n<p>9 AUSSETZUNG UND BEENDIGUNG<\/p>\n\n\n\n<p>9.1 Unbeschadet anderer Rechte oder Rechtsmittel, die uns zur Verf\u00fcgung stehen, k\u00f6nnen wir, wenn wir der Ansicht sind, dass Sie gegen diese Bedingungen versto\u00dfen haben, oder wenn wir es anderweitig f\u00fcr angemessen halten, Ihren Zugang zur Website (oder zu einem Teil davon) sofort und ohne Vorank\u00fcndigung aussetzen oder k\u00fcndigen.<\/p>\n\n\n\n<p>9.2 Bei einer Aussetzung oder Beendigung m\u00fcssen Sie die Nutzung der Website unverz\u00fcglich einstellen und d\u00fcrfen nicht versuchen, weiteren Zugang zu erhalten.<\/p>\n\n\n\n<p>10 ALLGEMEINES<\/p>\n\n\n\n<p>10.1 Wenn wir uns mit Ihnen in Verbindung setzen m\u00fcssen, k\u00f6nnen wir dies per E-Mail oder durch Ver\u00f6ffentlichung einer Mitteilung auf der Website tun. Sie erkl\u00e4ren sich damit einverstanden, dass dies alle gesetzlichen Anforderungen in Bezug auf schriftliche Mitteilungen erf\u00fcllt.<\/p>\n\n\n\n<p>10.2 Diese Bedingungen und alle Streitigkeiten im Zusammenhang mit diesen Bedingungen oder der Website unterliegen dem Recht von Singapur und m\u00fcssen in \u00dcbereinstimmung mit diesem ausgelegt werden. Jede Partei unterwirft sich der nicht ausschlie\u00dflichen Gerichtsbarkeit der Gerichte von Singapur in Bezug auf alle Streitigkeiten im Zusammenhang mit diesen Bedingungen oder der Website.<\/p>\n\n\n\n<p>10.3 Damit wir auf ein Recht gem\u00e4\u00df diesen Bedingungen verzichten k\u00f6nnen, muss der Verzicht schriftlich erfolgen.<\/p>\n\n\n\n<p>10.4 Klauseln, die ihrer Natur nach dazu bestimmt sind, die Beendigung dieser Bedingungen zu \u00fcberdauern, einschlie\u00dflich der Klauseln 4.5, 5, 6, 7 und 10.1, bleiben in Kraft.<\/p>\n\n\n\n<p>10.5 Sollte ein Teil oder eine Bestimmung dieser Bedingungen rechtswidrig, nicht durchsetzbar oder ung\u00fcltig sein oder werden, so gilt dieser Teil oder diese Bestimmung als in dem Umfang ge\u00e4ndert, der erforderlich ist, um die Rechtswidrigkeit, Nichtdurchsetzbarkeit oder Ung\u00fcltigkeit zu beheben. Ist eine \u00c4nderung nicht m\u00f6glich, so ist der betreffende Teil oder die betreffende Bestimmung f\u00fcr alle Zwecke als von diesen Bedingungen abgetrennt zu behandeln. Die \u00fcbrigen Bestimmungen dieser Bedingungen sind f\u00fcr Sie verbindlich.<\/p>\n\n\n\n<p>10.6 Diese Bedingungen legen alles fest, was die Parteien in Bezug auf Ihre Nutzung der Website vereinbart haben, und ersetzen und annullieren alles, was vor Ihrer Zustimmung zu diesen Bedingungen besprochen, ausgetauscht oder vereinbart wurde. Die Parteien haben sich nicht auf Zusicherungen, Garantien oder Vereinbarungen in Bezug auf die Website verlassen, die nicht ausdr\u00fccklich in den Bedingungen dargelegt sind, und keine dieser Zusicherungen, Garantien oder Vereinbarungen hat ab dem Datum Ihrer Zustimmung zu diesen Bedingungen irgendwelche Auswirkungen.<\/p>","protected":false},"excerpt":{"rendered":"<p>1 ANWENDUNG DER BEDINGUNGEN 1.1 Diese Bedingungen gelten f\u00fcr Ihre Nutzung der Website. Durch den Zugriff und die Nutzung der Website: a erkl\u00e4ren Sie sich mit diesen Bedingungen einverstanden; und b wenn Ihr Zugriff und Ihre Nutzung im Namen einer anderen Person (z. B. eines Unternehmens) erfolgt, best\u00e4tigen Sie, dass Sie befugt sind, und tats\u00e4chlich zustimmen...<\/p>","protected":false},"author":1,"featured_media":0,"parent":0,"menu_order":0,"comment_status":"closed","ping_status":"closed","template":"","meta":{"_kad_blocks_custom_css":"","_kad_blocks_head_custom_js":"","_kad_blocks_body_custom_js":"","_kad_blocks_footer_custom_js":"","_kadence_starter_templates_imported_post":false,"_kad_post_transparent":"","_kad_post_title":"","_kad_post_layout":"","_kad_post_sidebar_id":"","_kad_post_content_style":"","_kad_post_vertical_padding":"","_kad_post_feature":"","_kad_post_feature_position":"","_kad_post_header":false,"_kad_post_footer":false,"footnotes":""},"class_list":["post-1179","page","type-page","status-publish","hentry"],"taxonomy_info":[],"featured_image_src_large":false,"author_info":{"display_name":"s79lv","author_link":"https:\/\/negative.eco\/de\/author\/s79lv\/"},"comment_info":0,"_links":{"self":[{"href":"https:\/\/negative.eco\/de\/wp-json\/wp\/v2\/pages\/1179","targetHints":{"allow":["GET"]}}],"collection":[{"href":"https:\/\/negative.eco\/de\/wp-json\/wp\/v2\/pages"}],"about":[{"href":"https:\/\/negative.eco\/de\/wp-json\/wp\/v2\/types\/page"}],"author":[{"embeddable":true,"href":"https:\/\/negative.eco\/de\/wp-json\/wp\/v2\/users\/1"}],"replies":[{"embeddable":true,"href":"https:\/\/negative.eco\/de\/wp-json\/wp\/v2\/comments?post=1179"}],"version-history":[{"count":2,"href":"https:\/\/negative.eco\/de\/wp-json\/wp\/v2\/pages\/1179\/revisions"}],"predecessor-version":[{"id":1651,"href":"https:\/\/negative.eco\/de\/wp-json\/wp\/v2\/pages\/1179\/revisions\/1651"}],"wp:attachment":[{"href":"https:\/\/negative.eco\/de\/wp-json\/wp\/v2\/media?parent=1179"}],"curies":[{"name":"wp","href":"https:\/\/api.w.org\/{rel}","templated":true}]}}